{"id":257,"date":"2014-07-28T15:41:29","date_gmt":"2014-07-28T13:41:29","guid":{"rendered":"http:\/\/www.le-sidh.org\/wicca\/?page_id=257"},"modified":"2020-07-06T11:52:30","modified_gmt":"2020-07-06T09:52:30","slug":"la-charge-de-la-deesse-soulever-le-voile-1949","status":"publish","type":"page","link":"https:\/\/www.le-sidh.org\/wicca\/esbat\/la-charge-de-la-deesse-soulever-le-voile-1949\/","title":{"rendered":"La Charge de la D\u00e9esse : \u00ab Soulever le voile \u00bb (1949)"},"content":{"rendered":"<p>par Gerald Gardner, traduction Lune &amp; Artus<\/p>\n<p><a href=\"https:\/\/www.le-sidh.org\/wicca\/wp-content\/uploads\/2014\/07\/charge-de-la-deesse_by_libellune.jpg\"><img loading=\"lazy\" decoding=\"async\" class=\"aligncenter size-full wp-image-258\" src=\"https:\/\/www.le-sidh.org\/wicca\/wp-content\/uploads\/2014\/07\/charge-de-la-deesse_by_libellune.jpg\" alt=\"charge-de-la-deesse_by_libellune\" width=\"423\" height=\"517\" srcset=\"https:\/\/www.le-sidh.org\/wicca\/wp-content\/uploads\/2014\/07\/charge-de-la-deesse_by_libellune.jpg 423w, https:\/\/www.le-sidh.org\/wicca\/wp-content\/uploads\/2014\/07\/charge-de-la-deesse_by_libellune-245x300.jpg 245w\" sizes=\"auto, (max-width: 423px) 100vw, 423px\" \/><\/a><\/p>\n<p style=\"text-align: justify;\"><strong>Le Magus<\/strong> :<\/p>\n<blockquote>\n<p style=\"text-align: justify;\">\u00ab \u00c9coutez les paroles de la grande m\u00e8re, qui fut aussi appel\u00e9e parmi les hommes Art\u00e9mis, Astart\u00e9, Ath\u00e9na, Diane, M\u00e9lusine, Aphrodite, Cerridwen, Dana, Arianrhod, Bride et par bien d&rsquo;autres noms. \u00bb<\/p>\n<\/blockquote>\n<p style=\"text-align: justify;\"><strong>La Grande pr\u00eatresse<\/strong> :<\/p>\n<blockquote>\n<p style=\"text-align: justify;\">\u00ab Sur mes autels, les jeunes de Lac\u00e9d\u00e9mon \u00e0 Sparte faisaient les sacrifices attendus. (1)<br \/>\nChaque fois que vous aurez besoin de quelque chose,<br \/>\nune fois par mois et de pr\u00e9f\u00e9rence lorsque la lune est pleine,<br \/>\nvous vous r\u00e9unirez en un lieu secret et adorerez mon esprit,<br \/>\nmoi qui suis la reine de toutes les sorcelleries et magies.<br \/>\nAlors en cette assembl\u00e9e,<br \/>\nvous qui prenez plaisir \u00e0 apprendre la sorcellerie<br \/>\net qui n&rsquo;avez pas encore atteint ses plus profonds secrets ;<br \/>\nje vous enseignerai ce qui vous est encore inconnu.<br \/>\nVous serez libres de tout esclavage<br \/>\net en signe de votre enti\u00e8re libert\u00e9,<br \/>\nvous serez nus lors de vos rites<br \/>\net vous danserez, chanterez, festoierez,<br \/>\njouerez de la musique et ferez l&rsquo;amour,<br \/>\ntout cela en mon honneur.<br \/>\nIl existe une porte secr\u00e8te que j&rsquo;ai cr\u00e9\u00e9e pour \u00e9tablir un chemin permettant de go\u00fbter, m\u00eame sur terre, \u00e0 l&rsquo;\u00e9lixir d&rsquo;immortalit\u00e9. Dites &lsquo;que l&rsquo;extase soit mienne et que la joie sur terre soit mienne \u00e9galement,&rsquo; car je suis une d\u00e9esse bienveillante. Je donne des joies inimaginables sur terre, la certitude et non la croyance, alors que vous \u00eates en vie ! Et au-del\u00e0 de la mort je donne la paix indicible, le repos et l&rsquo;extase, de plus, je ne demande rien en sacrifice.<\/p>\n<\/blockquote>\n<p><strong>Le Magus<\/strong> :<\/p>\n<blockquote><p>\u00ab Entendez les paroles de la D\u00e9esse \u00c9toile. \u00bb<\/p><\/blockquote>\n<p style=\"text-align: justify;\"><strong>La Grande pr\u00eatresse<\/strong> :<\/p>\n<blockquote>\n<p style=\"text-align: justify;\">\u00ab Je vous aime, je vous attends ; p\u00e2le ou pourpre, voil\u00e9e ou voluptueuse. Je suis tous les plaisirs, le pourpre et l&rsquo;ivresse des sens les plus secrets, je vous d\u00e9sire. Rev\u00eatez vos ailes, r\u00e9veillez votre splendeur int\u00e9rieure. Venez \u00e0 moi, car je suis la flamme qui br\u00fble dans le c\u0153ur de chaque homme et le c\u0153ur de chaque \u00e9toile. Que votre moi divin le plus secret se perde dans le ravissement constant de la joie infinie. Que les rituels soient correctement accomplis, dans la joie et la beaut\u00e9. Souvenez-vous que tous les actes d&rsquo;amour et de plaisir sont mes rituels. Laissez venir la beaut\u00e9 et de la force, les \u00e9clats de rire, le pouvoir et le feu en vous. Et si vous dites &lsquo;j&rsquo;ai voyag\u00e9 jusqu&rsquo;\u00e0 toi et cela ne m&rsquo;a pas profit\u00e9&rsquo; vous devriez plut\u00f4t dire &lsquo;je t&rsquo;ai appel\u00e9 et attendu patiemment alors que tu \u00e9tais avec moi depuis le d\u00e9but,&rsquo; car ceux qui m&rsquo;ont toujours d\u00e9sir\u00e9e, ne m&rsquo;atteindront jamais, m\u00eame \u00e0 la fin de tout d\u00e9sir. \u00bb<\/p>\n<\/blockquote>\n<p style=\"text-align: justify;\">Ceci repr\u00e9sente une importante partie de la c\u00e9r\u00e9monie qui doit toujours \u00eatre accomplie pour pr\u00e9parer chaque initiation, pour n&rsquo;importe quel des trois degr\u00e9s.<\/p>\n<p>(1) <strong>Note d&rsquo;Artus<\/strong> : cette phrase est g\u00e9n\u00e9ralement supprim\u00e9e dans les livres des ombres modernes, elle semble en effet incompatible avec la fin de la tirade et d&rsquo;une mani\u00e8re plus g\u00e9n\u00e9rale, la wicca, qui ne demande pas de sacrifice d&rsquo;animaux.<\/p>\n<p><strong>Note de Lune<\/strong> : Cependant, il ne s&rsquo;agit pas ici de ce genre de sacrifice, mais celui de la flagellation. Une fois par an, les jeunes hommes de Sparte \u00e9taient fouett\u00e9s devant l&rsquo;autel de Diane Orthie. Ils le faisaient librement durant la F\u00eate de la Flagellation et c&rsquo;\u00e9tait pour eux un grand honneur. Cf. Les \u0152uvres Morales par Plutarque.<\/p>\n","protected":false},"excerpt":{"rendered":"<p>par Gerald Gardner, traduction Lune &amp; Artus Le Magus : \u00ab \u00c9coutez les paroles de la grande m\u00e8re, qui fut aussi appel\u00e9e parmi les hommes Art\u00e9mis, Astart\u00e9, Ath\u00e9na, Diane, M\u00e9lusine, Aphrodite, Cerridwen, Dana, Arianrhod, Bride et par bien d&rsquo;autres noms. \u00bb La Grande pr\u00eatresse : \u00ab Sur mes autels, les jeunes de Lac\u00e9d\u00e9mon \u00e0 Sparte&#8230;<\/p>\n","protected":false},"author":2,"featured_media":0,"parent":34,"menu_order":0,"comment_status":"closed","ping_status":"closed","template":"silo.php","meta":{"footnotes":""},"class_list":["post-257","page","type-page","status-publish","hentry"],"_links":{"self":[{"href":"https:\/\/www.le-sidh.org\/wicca\/wp-json\/wp\/v2\/pages\/257","targetHints":{"allow":["GET"]}}],"collection":[{"href":"https:\/\/www.le-sidh.org\/wicca\/wp-json\/wp\/v2\/pages"}],"about":[{"href":"https:\/\/www.le-sidh.org\/wicca\/wp-json\/wp\/v2\/types\/page"}],"author":[{"embeddable":true,"href":"https:\/\/www.le-sidh.org\/wicca\/wp-json\/wp\/v2\/users\/2"}],"replies":[{"embeddable":true,"href":"https:\/\/www.le-sidh.org\/wicca\/wp-json\/wp\/v2\/comments?post=257"}],"version-history":[{"count":4,"href":"https:\/\/www.le-sidh.org\/wicca\/wp-json\/wp\/v2\/pages\/257\/revisions"}],"predecessor-version":[{"id":8247,"href":"https:\/\/www.le-sidh.org\/wicca\/wp-json\/wp\/v2\/pages\/257\/revisions\/8247"}],"up":[{"embeddable":true,"href":"https:\/\/www.le-sidh.org\/wicca\/wp-json\/wp\/v2\/pages\/34"}],"wp:attachment":[{"href":"https:\/\/www.le-sidh.org\/wicca\/wp-json\/wp\/v2\/media?parent=257"}],"curies":[{"name":"wp","href":"https:\/\/api.w.org\/{rel}","templated":true}]}}