{"id":2568,"date":"2015-09-23T17:50:27","date_gmt":"2015-09-23T15:50:27","guid":{"rendered":"http:\/\/www.le-sidh.org\/wicca\/?page_id=2568"},"modified":"2015-09-23T18:42:59","modified_gmt":"2015-09-23T16:42:59","slug":"les-gateaux-et-le-vin-1949","status":"publish","type":"page","link":"https:\/\/www.le-sidh.org\/wicca\/livres-des-ombres-gardnerien\/le-livre-des-ombres-de-1949\/les-gateaux-et-le-vin-1949\/","title":{"rendered":"Les G\u00e2teaux et le Vin"},"content":{"rendered":"<p style=\"text-align: justify;\">Le Magus s&rsquo;agenouille, remplit la coupe et l\u2019offre \u00e0 la Sorci\u00e8re [elle est assise sur l\u2019autel, tenant son atham\u00e9\u00a0; le pr\u00eatre s&rsquo;agenouille devant elle, en levant la coupe].<\/p>\n<p class=\"western\" style=\"text-align: justify;\"><span style=\"color: #000000;\">La Sorci\u00e8re, tenant son atham\u00e9 entre ses paumes, place la pointe dans la coupe.<\/span><\/p>\n<p class=\"western\" style=\"text-align: justify;\"><span style=\"color: #000000;\">Le Magus dit\u00a0:<\/span><\/p>\n<p class=\"western\" style=\"text-align: justify;\"><span style=\"color: #000000;\">\u00ab\u00a0Comme l\u2019Atham\u00e9 est Masculin, alors la Coupe est F\u00e9minine\u00a0; ainsi, unis, ils apportent la b\u00e9atitude.\u00a0\u00bb<\/span><\/p>\n<p class=\"western\" style=\"text-align: justify;\"><span style=\"color: #000000;\">La Sorci\u00e8re pose son atham\u00e9, prend la coupe de ses deux mains, boit et lui donne \u00e0 boire. Le Magus tend la pat\u00e8ne \u00e0 la Sorci\u00e8re qui la b\u00e9nit avec l\u2019atham\u00e9, puis mange et lui donne \u00e0 manger. On dit qu&rsquo;au temps jadis, bi\u00e8re ou hydromel \u00e9taient souvent utilis\u00e9s \u00e0 la place du vin. On dit que les spiritueux, ou toute autre boisson, peuvent \u00eatre utilis\u00e9s \u00e0 condition qu\u2019ils aient de la vie.<\/span><\/p>\n","protected":false},"excerpt":{"rendered":"<p>Le Magus s&rsquo;agenouille, remplit la coupe et l\u2019offre \u00e0 la Sorci\u00e8re [elle est assise sur l\u2019autel, tenant son atham\u00e9\u00a0; le pr\u00eatre s&rsquo;agenouille devant elle, en levant la coupe]. La Sorci\u00e8re, tenant son atham\u00e9 entre ses paumes, place la pointe dans la coupe. Le Magus dit\u00a0: \u00ab\u00a0Comme l\u2019Atham\u00e9 est Masculin, alors la Coupe est F\u00e9minine\u00a0; ainsi,&#8230;<\/p>\n","protected":false},"author":2,"featured_media":0,"parent":2549,"menu_order":7,"comment_status":"closed","ping_status":"closed","template":"silo.php","meta":{"footnotes":""},"class_list":["post-2568","page","type-page","status-publish","hentry"],"_links":{"self":[{"href":"https:\/\/www.le-sidh.org\/wicca\/wp-json\/wp\/v2\/pages\/2568","targetHints":{"allow":["GET"]}}],"collection":[{"href":"https:\/\/www.le-sidh.org\/wicca\/wp-json\/wp\/v2\/pages"}],"about":[{"href":"https:\/\/www.le-sidh.org\/wicca\/wp-json\/wp\/v2\/types\/page"}],"author":[{"embeddable":true,"href":"https:\/\/www.le-sidh.org\/wicca\/wp-json\/wp\/v2\/users\/2"}],"replies":[{"embeddable":true,"href":"https:\/\/www.le-sidh.org\/wicca\/wp-json\/wp\/v2\/comments?post=2568"}],"version-history":[{"count":2,"href":"https:\/\/www.le-sidh.org\/wicca\/wp-json\/wp\/v2\/pages\/2568\/revisions"}],"predecessor-version":[{"id":2632,"href":"https:\/\/www.le-sidh.org\/wicca\/wp-json\/wp\/v2\/pages\/2568\/revisions\/2632"}],"up":[{"embeddable":true,"href":"https:\/\/www.le-sidh.org\/wicca\/wp-json\/wp\/v2\/pages\/2549"}],"wp:attachment":[{"href":"https:\/\/www.le-sidh.org\/wicca\/wp-json\/wp\/v2\/media?parent=2568"}],"curies":[{"name":"wp","href":"https:\/\/api.w.org\/{rel}","templated":true}]}}