{"id":2564,"date":"2015-09-23T17:48:17","date_gmt":"2015-09-23T15:48:17","guid":{"rendered":"http:\/\/www.le-sidh.org\/wicca\/?page_id=2564"},"modified":"2015-09-24T08:59:12","modified_gmt":"2015-09-24T06:59:12","slug":"initiation-second-degre-1949","status":"publish","type":"page","link":"https:\/\/www.le-sidh.org\/wicca\/livres-des-ombres-gardnerien\/le-livre-des-ombres-de-1949\/initiation-second-degre-1949\/","title":{"rendered":"Initiation  : Second degr\u00e9"},"content":{"rendered":"<p class=\"western\" style=\"text-align: justify;\"><span style=\"color: #000000;\">Le Magus attache la Sorci\u00e8re comme pr\u00e9c\u00e9demment, mais ne lui bande pas les yeux, et circumambule avec elle, en proclamant aux quatre quartiers\u00a0:<\/span><\/p>\n<p class=\"western\" style=\"text-align: justify;\"><strong><span style=\"color: #000000;\">\u00ab\u00a0\u00c9coutez, \u00f4 Puissants, (nom), d\u00fbment consacr\u00e9e Pr\u00eatresse et Sorci\u00e8re, est maintenant correctement pr\u00e9par\u00e9e pour \u00eatre faite Grande Pr\u00eatresse et Reine-Sorci\u00e8re.\u00a0\u00bb<\/span><\/strong><\/p>\n<p class=\"western\" style=\"text-align: justify;\"><span style=\"color: #000000;\">Le Magus la conduit \u00e0 pr\u00e9sent autour du cercle dont il lui fait faire trois fois le tour, avec un pas \u00e0 moiti\u00e9 en courant, \u00e0 moiti\u00e9 en dansant. Il l\u2019arr\u00eate au sud de l\u2019autel, la fait mettre \u00e0 genoux et l\u2019attache \u00e0 l\u2019autel comme pr\u00e9c\u00e9demment.<\/span><\/p>\n<p class=\"western\" style=\"text-align: justify;\"><span style=\"color: #000000;\">Le Magus\u00a0:<\/span><\/p>\n<p class=\"western\" style=\"text-align: justify;\"><strong><span style=\"color: #000000;\">\u00ab\u00a0Pour atteindre ce sublime degr\u00e9, il est n\u00e9cessaire de souffrir et d\u2019\u00eatre purifi\u00e9. Es-tu pr\u00eate \u00e0 souffrir pour apprendre ?\u00a0\u00bb<\/span><\/strong><\/p>\n<p class=\"western\" style=\"text-align: justify;\"><span style=\"color: #000000;\">Pr\u00eatresse-Sorci\u00e8re\u00a0:<\/span><\/p>\n<p class=\"western\" style=\"text-align: justify;\"><strong><span style=\"color: #000000;\">\u00ab\u00a0Je le suis.\u00a0\u00bb<\/span><\/strong><\/p>\n<p class=\"western\" style=\"text-align: justify;\"><span style=\"color: #000000;\">Le Magus\u00a0:<\/span><\/p>\n<p class=\"western\" style=\"text-align: justify;\"><strong><span style=\"color: #000000;\">\u00ab\u00a0Je te pr\u00e9pare \u00e0 pr\u00eater le grand serment.\u00a0\u00bb<\/span><\/strong><\/p>\n<p class=\"western\" style=\"text-align: justify;\"><span style=\"color: #000000;\">Il fait tinter trois fois la cloche et donne \u00e0 nouveau une s\u00e9rie de trois, sept, neuf, et 21 coups de fouet, comme pr\u00e9c\u00e9demment.<\/span><\/p>\n<p class=\"western\" style=\"text-align: justify;\"><span style=\"color: #000000;\">Le Magus\u00a0:<\/span><\/p>\n<p class=\"western\" style=\"text-align: justify;\"><span style=\"color: #000000;\"><strong>\u00ab\u00a0Je te donne maintenant un nouveau nom \u00a0: _______.\u00a0\u00bb<\/strong> [Donne un baiser.]<\/span><\/p>\n<p class=\"western\" style=\"text-align: justify;\"><span style=\"color: #000000;\">Le Magus\u00a0:<\/span><\/p>\n<p class=\"western\" style=\"text-align: justify;\"><strong><span style=\"color: #000000;\">\u00ab\u00a0R\u00e9p\u00e8te ton nouveau nom apr\u00e8s moi\u00a0: moi, (nom), je jure sur le ventre de ma m\u00e8re et sur mon Honneur parmi les hommes et parmi mes fr\u00e8res et s\u0153urs de l\u2019Art, que jamais je ne r\u00e9v\u00e9lerai \u00e0 quiconque aucun des secrets de l\u2019Art, sauf \u00e0 une personne digne d&rsquo;estime, correctement pr\u00e9par\u00e9e, au centre d\u2019un Cercle Magique, comme celui o\u00f9 je me trouve maintenant. Cela, je le jure sur mes espoirs de Salut, mes vies pass\u00e9es et mes espoirs de celles \u00e0 venir, et je me voue \u00e0 la destruction totale si je brise ce serment solennel.&rsquo;\u00a0\u00bb<\/span><\/strong><\/p>\n<p class=\"western\" style=\"text-align: justify;\"><span style=\"color: #000000;\">Le Magus s\u2019agenouille, pla\u00e7ant sa main gauche sous ses genoux et sa main droite sur sa t\u00eate, formant ainsi un lien magique.<\/span><\/p>\n<p class=\"western\" style=\"text-align: justify;\"><span style=\"color: #000000;\">Le Magus\u00a0:<\/span><\/p>\n<p class=\"western\" style=\"text-align: justify;\"><strong><span style=\"color: #000000;\">\u00ab\u00a0Par cons\u00e9quent, je transmets tout mon pouvoir en toi.\u00a0\u00bb <\/span><\/strong><\/p>\n<p class=\"western\" style=\"text-align: justify;\"><span style=\"color: #000000;\">Transmission.<\/span><\/p>\n<p class=\"western\" style=\"text-align: justify;\"><span style=\"color: #000000;\">Le Magus d\u00e9tache maintenant ses pieds, d\u00e9noue la Laisse de l\u2019autel, lui retire le bandeau et aide la Sorci\u00e8re \u00e0 se remettre sur ses pieds.<\/span><\/p>\n<p class=\"western\" style=\"text-align: justify;\"><span style=\"color: #000000;\">Le Magus\u00a0:<\/span><\/p>\n<p class=\"western\" style=\"text-align: justify;\"><strong><span style=\"color: #000000;\">\u00ab\u00a0Par cons\u00e9quent, je te marque et te consacre avec le grand Signe Magique. Souviens-toi de la fa\u00e7on dont il est form\u00e9 et tu sauras toujours le reconna\u00eetre.\u00a0\u00bb<\/span><\/strong><\/p>\n<p class=\"western\" style=\"text-align: justify;\"><span style=\"color: #000000;\"><strong>\u00ab\u00a0Je te consacre avec l\u2019huile.\u00a0\u00bb<\/strong> (Il l\u2019oint avec l\u2019huile sur son ventre, son sein gauche, sa hanche droite, sa hanche gauche, son sein droit, et \u00e0 nouveau son ventre, tra\u00e7ant ainsi un pentagramme invers\u00e9.)<\/span><\/p>\n<p class=\"western\" style=\"text-align: justify;\"><span style=\"color: #000000;\">\u00ab<strong>\u00a0Je te consacre avec le vin.\u00a0\u00bb<\/strong> (Il l\u2019oint avec le vin de la m\u00eame mani\u00e8re.)<\/span><\/p>\n<p class=\"western\" style=\"text-align: justify;\"><span style=\"color: #000000;\"><strong>\u00ab\u00a0Je te consacre avec mes l\u00e8vres<\/strong> (il l\u2019embrasse de la m\u00eame mani\u00e8re) <strong>Grande pr\u00eatresse et reine sorci\u00e8re.\u00a0\u00bb<\/strong><\/span><\/p>\n<p class=\"western\" style=\"text-align: justify;\"><span style=\"color: #000000;\">Le Magus lui d\u00e9tache maintenant les mains et enl\u00e8ve la cordelette en disant\u00a0:<\/span><\/p>\n<p class=\"western\" style=\"text-align: justify;\"><span style=\"color: #000000;\"><strong>\u00ab\u00a0Nouvellement consacr\u00e9e grande pr\u00eatresse et reine-sorci\u00e8re,<\/strong> [donne un baiser] <strong>tu vas maintenant utiliser les outils de travail \u00e0 ton tour.\u00a0\u00bb<\/strong><\/span><\/p>\n<p class=\"western\" style=\"text-align: justify;\"><span style=\"color: #000000;\"><strong>\u00ab\u00a0Premi\u00e8rement, l\u2019\u00c9p\u00e9e Magique\u00a0; avec elle, tu traceras le Cercle Magique.\u00a0\u00bb<\/strong> [Donne un baiser.]<\/span><\/p>\n<p class=\"western\" style=\"text-align: justify;\"><span style=\"color: #000000;\"><strong>\u00ab\u00a0Deuxi\u00e8mement, l\u2019Atham\u00e9.\u00a0\u00bb<\/strong> (Utilis\u00e9 pour former le cercle.) [Donne un baiser.]<\/span><\/p>\n<p class=\"western\" style=\"text-align: justify;\"><span style=\"color: #000000;\"><strong>\u00ab\u00a0Troisi\u00e8mement, le Couteau \u00e0 Manche Blanc.\u00a0\u00bb<\/strong> (Utilis\u00e9.) [Donne un baiser.]<\/span><\/p>\n<p class=\"western\" style=\"text-align: justify;\"><span style=\"color: #000000;\">\u00ab\u00a0Quatri\u00e8mement, la Baguette.\u00a0\u00bb (Agit\u00e9e aux 4 quartiers.) [Donne un baiser.]<\/span><\/p>\n<p class=\"western\" style=\"text-align: justify;\"><span style=\"color: #000000;\"><strong>\u00ab\u00a0Cinqui\u00e8mement, le Pentacle\u00a0\u00bb<\/strong> (Pr\u00e9sent\u00e9 aux 4 quartiers.) [Donne un baiser.]<\/span><\/p>\n<p class=\"western\" style=\"text-align: justify;\"><span style=\"color: #000000;\"><strong>\u00ab\u00a0Sixi\u00e8mement, l\u2019Encensoir\u00a0\u00bb<\/strong> (Utilis\u00e9 pour encenser le tour du Cercle.) [donne un baiser.]<\/span><\/p>\n<p class=\"western\" style=\"text-align: justify;\"><span style=\"color: #000000;\"><strong>\u00ab\u00a0Septi\u00e8mement, les cordes\u00a0; attache-moi comme je t\u2019ai attach\u00e9e.\u00a0\u00bb<\/strong> <\/span><\/p>\n<p class=\"western\" style=\"text-align: justify;\"><span style=\"color: #000000;\">La sorci\u00e8re attache le Magus et le lie \u00e0 l\u2019Autel.<\/span><\/p>\n<p class=\"western\" style=\"text-align: justify;\"><span style=\"color: #000000;\">Le Magus\u00a0:<\/span><\/p>\n<p class=\"western\" style=\"text-align: justify;\"><strong><span style=\"color: #000000;\">\u00ab\u00a0Apprends qu&rsquo;en Sorcellerie, tu dois toujours rendre au triple. Comme je t\u2019ai fouett\u00e9e, donc tu dois me fouetter, mais trois fois plus. Quand tu as re\u00e7u 3, retourne 9\u00a0; quand tu as re\u00e7u 7, retourne 21\u00a0; quand tu as re\u00e7u 9, retourne 27\u00a0; quand tu as re\u00e7u 21, retourne 63.\u00a0\u00bb<\/span><\/strong><\/p>\n<p class=\"western\" style=\"text-align: justify;\"><span style=\"color: #000000;\">La sorci\u00e8re fouette le Magus comme indiqu\u00e9, 120 coups au total.<\/span><\/p>\n<p class=\"western\" style=\"text-align: justify;\"><span style=\"color: #000000;\">Le Magus\u00a0:<\/span><\/p>\n<p class=\"western\" style=\"text-align: justify;\"><strong><span style=\"color: #000000;\">\u00ab\u00a0Tu as ob\u00e9i \u00e0 la loi. Mais note bien que, lorsque tu re\u00e7ois le bien, ainsi tu es \u00e9galement tenue de rendre le bien au triple.\u00a0\u00bb<\/span><\/strong><\/p>\n<p class=\"western\" style=\"text-align: justify;\"><span style=\"color: #000000;\">La sorci\u00e8re d\u00e9tache maintenant le Magus et l\u2019aide \u00e0 se remettre sur ses pieds. Le Magus, prenant la nouvelle initi\u00e9e par la main et tenant l\u2019atham\u00e9 dans l\u2019autre, fait un tour de Cercle, en proclamant aux Quatre Quartiers\u00a0:<\/span><\/p>\n<p class=\"western\" style=\"text-align: justify;\"><strong><span style=\"color: #000000;\">\u00ab\u00a0\u00c9coutez, \u00f4 Puissants, <\/span><\/strong><span style=\"color: #000000;\">(nom)<\/span><strong><span style=\"color: #000000;\"> a \u00e9t\u00e9 <span style=\"font-size: medium;\">d\u00fbment<\/span> consacr\u00e9e Grande Pr\u00eatresse et Reine-Sorci\u00e8re.\u00a0\u00bb <\/span><\/strong><\/p>\n<p class=\"western\" style=\"text-align: justify;\"><span style=\"color: #000000;\">(Notez que si la c\u00e9r\u00e9monie se termine ici, on doit r\u00e9voquer le cercle, en disant\u00a0:<\/span><\/p>\n<p class=\"western\" style=\"text-align: justify;\"><strong><span style=\"color: #000000;\">\u00ab\u00a0Salut et adieu.\u00a0\u00bb <\/span><\/strong><\/p>\n<p class=\"western\" style=\"text-align: justify;\"><span style=\"color: #000000;\">Sinon passez au degr\u00e9 suivant.)<\/span><\/p>\n","protected":false},"excerpt":{"rendered":"<p>Le Magus attache la Sorci\u00e8re comme pr\u00e9c\u00e9demment, mais ne lui bande pas les yeux, et circumambule avec elle, en proclamant aux quatre quartiers\u00a0: \u00ab\u00a0\u00c9coutez, \u00f4 Puissants, (nom), d\u00fbment consacr\u00e9e Pr\u00eatresse et Sorci\u00e8re, est maintenant correctement pr\u00e9par\u00e9e pour \u00eatre faite Grande Pr\u00eatresse et Reine-Sorci\u00e8re.\u00a0\u00bb Le Magus la conduit \u00e0 pr\u00e9sent autour du cercle dont il lui&#8230;<\/p>\n","protected":false},"author":2,"featured_media":0,"parent":2549,"menu_order":5,"comment_status":"closed","ping_status":"closed","template":"silo.php","meta":{"footnotes":""},"class_list":["post-2564","page","type-page","status-publish","hentry"],"_links":{"self":[{"href":"https:\/\/www.le-sidh.org\/wicca\/wp-json\/wp\/v2\/pages\/2564","targetHints":{"allow":["GET"]}}],"collection":[{"href":"https:\/\/www.le-sidh.org\/wicca\/wp-json\/wp\/v2\/pages"}],"about":[{"href":"https:\/\/www.le-sidh.org\/wicca\/wp-json\/wp\/v2\/types\/page"}],"author":[{"embeddable":true,"href":"https:\/\/www.le-sidh.org\/wicca\/wp-json\/wp\/v2\/users\/2"}],"replies":[{"embeddable":true,"href":"https:\/\/www.le-sidh.org\/wicca\/wp-json\/wp\/v2\/comments?post=2564"}],"version-history":[{"count":4,"href":"https:\/\/www.le-sidh.org\/wicca\/wp-json\/wp\/v2\/pages\/2564\/revisions"}],"predecessor-version":[{"id":2687,"href":"https:\/\/www.le-sidh.org\/wicca\/wp-json\/wp\/v2\/pages\/2564\/revisions\/2687"}],"up":[{"embeddable":true,"href":"https:\/\/www.le-sidh.org\/wicca\/wp-json\/wp\/v2\/pages\/2549"}],"wp:attachment":[{"href":"https:\/\/www.le-sidh.org\/wicca\/wp-json\/wp\/v2\/media?parent=2564"}],"curies":[{"name":"wp","href":"https:\/\/api.w.org\/{rel}","templated":true}]}}