{"id":2561,"date":"2015-09-23T17:46:15","date_gmt":"2015-09-23T15:46:15","guid":{"rendered":"http:\/\/www.le-sidh.org\/wicca\/?page_id=2561"},"modified":"2015-09-24T08:54:25","modified_gmt":"2015-09-24T06:54:25","slug":"initiation-premier-degre","status":"publish","type":"page","link":"https:\/\/www.le-sidh.org\/wicca\/livres-des-ombres-gardnerien\/le-livre-des-ombres-de-1949\/initiation-premier-degre\/","title":{"rendered":"Initiation : Premier degr\u00e9"},"content":{"rendered":"<h3 class=\"western\" style=\"text-align: justify;\" align=\"CENTER\"><span style=\"color: #000000;\"><span style=\"font-size: medium;\">Le Magus<\/span><\/span> <span style=\"color: #000000;\"><span style=\"font-size: medium;\">quitte le cercle par la porte, va jusqu\u2019\u00e0 la Candidate, et dit\u00a0:<\/span><\/span><\/h3>\n<p class=\"western\" style=\"text-align: justify;\"><span style=\"color: #000000;\"><strong>\u00ab\u00a0Comme il n\u2019y a pas d\u2019autre fr\u00e8re ici, je dois \u00eatre ton parrain, ainsi que le pr\u00eatre. Je suis sur le point de te donner un avertissement. Si tu es toujours dans le m\u00eame \u00e9tat d\u2019esprit, r\u00e9ponds par ces mots\u00a0: &lsquo;parfait amour et parfaite confiance&rsquo;. \u00bb<\/strong><br \/>\n<\/span><\/p>\n<p class=\"western\" style=\"text-align: justify;\"><span style=\"color: #000000;\">En pla\u00e7ant la pointe de l\u2019\u00e9p\u00e9e sur la poitrine de la Candidate, il dit\u00a0:<\/span><\/p>\n<p class=\"western\" style=\"text-align: justify;\"><strong><span style=\"color: #000000;\">\u00ab\u00a0\u00d4 toi qui te tiens \u00e0 la limite entre le monde plaisant des hommes et les domaines des Effroyables Seigneurs des Espaces Ext\u00e9rieurs, as-tu le courage de tenter l&rsquo;Essai\u00a0? Car je te le dis en v\u00e9rit\u00e9, il serait pr\u00e9f\u00e9rable de te pr\u00e9cipiter sur ma lame et p\u00e9rir mis\u00e9rablement, plut\u00f4t que de faire l&rsquo;essai avec la peur en ton c\u0153ur.\u00a0\u00bb<\/span><\/strong><\/p>\n<p class=\"western\" style=\"text-align: justify;\"><span style=\"color: #000000;\">La Candidate\u00a0:<\/span><\/p>\n<p class=\"western\" style=\"text-align: justify;\"><strong><span style=\"color: #000000;\">\u00ab\u00a0J\u2019ai deux mots de passe\u00a0: parfait amour et parfaite confiance.\u00a0\u00bb<\/span><\/strong><\/p>\n<p class=\"western\" style=\"text-align: justify;\"><span style=\"color: #000000;\">Le Magus retire la pointe de l\u2019\u00e9p\u00e9e, en disant \u00a0:<\/span><\/p>\n<p class=\"western\" style=\"text-align: justify;\"><strong><span style=\"color: #000000;\">\u00ab\u00a0Tous ceux qui approchent en parfait amour et parfaite confiance sont doublement bienvenus.\u00a0\u00bb<\/span><\/strong><\/p>\n<p class=\"western\" style=\"text-align: justify;\"><span style=\"color: #000000;\">Il passe derri\u00e8re elle, lui bande les yeux, puis place son bras gauche autour de sa taille et son bras droit autour de son cou, il tire sa t\u00eate en arri\u00e8re, en disant\u00a0:<\/span><\/p>\n<p class=\"western\" style=\"text-align: justify;\"><strong><span style=\"color: #000000;\">\u00ab\u00a0Je te donne un troisi\u00e8me mot de passe, un Baiser pour traverser cette effroyable Porte.\u00a0\u00bb<\/span><\/strong><\/p>\n<p class=\"western\" style=\"text-align: justify;\"><span style=\"color: #000000;\">Et il la pousse en avant avec son corps, \u00e0 travers la porte et dans le <strong>cercle. Une fois \u00e0 l\u2019int\u00e9rieur, il la rel\u00e2che en disant\u00a0:<\/strong><\/span><\/p>\n<p class=\"western\" style=\"text-align: justify;\"><strong><span style=\"color: #000000;\">\u00ab\u00a0Ceci est la mani\u00e8re dont nous avons tous \u00e9t\u00e9 introduits dans le cercle pour la premi\u00e8re fois.\u00a0\u00bb<\/span><\/strong><\/p>\n<p class=\"western\" style=\"text-align: justify;\"><span style=\"color: #000000;\">Le Magus referme la porte en passant la pointe de l\u2019\u00c9p\u00e9e au-dessus par trois fois, afin de joindre les trois cercles, en disant\u00a0:<\/span><\/p>\n<p class=\"western\" style=\"text-align: justify;\"><strong><span style=\"color: #000000;\"><span style=\"font-size: medium;\">\u00ab\u00a0Agla, Azoth, Adona\u00ef,\u00a0\u00bb<\/span><\/span><\/strong><\/p>\n<p class=\"western\" style=\"text-align: justify;\"><span style=\"color: #000000;\">puis en dessinant trois pentagrammes pour la sceller.<\/span><\/p>\n<p class=\"western\" style=\"text-align: justify;\"><span style=\"color: #000000;\">Le Magus guide la Candidate au sud de l\u2019autel et chuchote,<\/span><\/p>\n<p class=\"western\" style=\"text-align: justify;\"><strong><span style=\"color: #000000;\">\u00ab\u00a0Maintenant, il y a l\u2019\u00c9preuve.\u00a0\u00bb<\/span><\/strong><\/p>\n<p class=\"western\" style=\"text-align: justify;\"><span style=\"color: #000000;\"><span style=\"font-size: medium;\">En prenant un court morceau de cordelette, il l\u2019attache autour de sa cheville droite, en disant\u00a0:<\/span><\/span><\/p>\n<p class=\"western\" style=\"text-align: justify;\"><strong><span style=\"color: #000000;\">\u00ab\u00a0Tes pieds ne sont ni attach\u00e9s ni libres.\u00a0\u00bb<\/span><\/strong><\/p>\n<p class=\"western\" style=\"text-align: justify;\"><span style=\"color: #000000;\"><span style=\"font-size: medium;\">En prenant une cordelette plus longue, il attache ses mains dans son dos, puis il les remonte, pour que les bras forment un triangle et il attache la cordelette autour de son cou, en laissant l&rsquo;extr\u00e9mit\u00e9 prendre devant comme une Laisse. Avec la Laisse dans sa main gauche et l\u2019\u00e9p\u00e9e dans sa main droite, le Magus la conduit dans le sens de la marche du soleil autour du cercle, \u00e0 l\u2019est o\u00f9 il salue avec l\u2019\u00e9p\u00e9e et proclame\u00a0:<\/span><\/span><\/p>\n<p class=\"western\" style=\"text-align: justify;\"><strong><span style=\"color: #000000;\"><span style=\"font-size: medium;\">\u00ab\u00a0Tenez compte, \u00d4 Seigneurs des Tours de Garde de l\u2019Est, que (nom), correctement pr\u00e9par\u00e9e, va \u00eatre consacr\u00e9e Pr\u00eatresse et Sorci\u00e8re.\u00a0\u00bb<\/span><\/span><\/strong><\/p>\n<p class=\"western\" style=\"text-align: justify;\"><span style=\"color: #000000;\">Le Magus la conduit de la m\u00eame mani\u00e8re au sud, \u00e0 l\u2019ouest et au nord, en faisant la proclamation \u00e0 chaque quartier. Ensuite, en serrant la taille de la candidate avec son bras gauche et en tenant l\u2019\u00e9p\u00e9e \u00e9rig\u00e9e dans sa main droite, il lui fait faire trois fois le tour du cercle, avec un pas \u00e0 moiti\u00e9 en courant, \u00e0 moiti\u00e9 en dansant. Il l\u2019arr\u00eate au sud de l\u2019autel et fait tinter onze fois la cloche.<\/span><\/p>\n<p class=\"western\" style=\"text-align: justify;\"><span style=\"color: #000000;\">Il s\u2019agenouille alors \u00e0 ses pieds, en disant\u00a0:<\/span><\/p>\n<p class=\"western\" style=\"text-align: justify;\"><strong><span style=\"color: #000000;\">\u00ab\u00a0Dans les autres religions, le candidat s\u2019agenouille, alors que les Pr\u00eatres r\u00e9clament le pouvoir supr\u00eame. Mais dans l\u2019Art Magique, on nous enseigne l\u2019humilit\u00e9 et nous nous agenouillons pour les accueillir, et nous disons\u00a0:<\/span><\/strong><\/p>\n<p class=\"western\" style=\"text-align: justify;\"><span style=\"color: #000000;\"><span style=\"font-size: medium;\"><strong>\u00ab\u00a0B\u00e9nis soient tes pieds, qui t\u2019ont men\u00e9e en ces chemins.\u00a0\u00bb<\/strong> (Il embrasse ses pieds.)<\/span><\/span><\/p>\n<p class=\"western\" style=\"text-align: justify;\"><span style=\"color: #000000;\"><strong>\u00ab\u00a0B\u00e9nis soient tes genoux, qui se poseront devant l\u2019autel sacr\u00e9.\u00a0\u00bb<\/strong> (Il embrasse ses genoux.)<\/span><\/p>\n<p class=\"western\" style=\"text-align: justify;\"><span style=\"color: #000000;\"><strong>\u00ab\u00a0B\u00e9ni soit ton ventre, sans lequel nous n&rsquo;existerions pas.\u00a0\u00bb<\/strong> (Il embrasse ses organes g\u00e9nitaux.)<\/span><\/p>\n<p class=\"western\" style=\"text-align: justify;\"><span style=\"color: #000000;\"><strong>\u00ab\u00a0B\u00e9nis soient tes seins, form\u00e9s dans la beaut\u00e9 et dans la force.\u00a0\u00bb<\/strong> (Il embrasse ses seins.)<\/span><\/p>\n<p class=\"western\" style=\"text-align: justify;\"><span style=\"color: #000000;\"><strong>\u00ab\u00a0B\u00e9nies soient tes l\u00e8vres, qui prononceront les noms sacr\u00e9s.\u00a0\u00bb<\/strong> (Il embrasse ses l\u00e8vres.)<\/span><\/p>\n<p class=\"western\" style=\"text-align: justify;\"><span style=\"color: #000000;\">Il prend ses mesures de la fa\u00e7on suivante\u00a0: la taille, autour de la t\u00eate, au niveau du c\u0153ur, au niveau des organes g\u00e9nitaux.<\/span><\/p>\n<p class=\"western\" style=\"text-align: justify;\"><span style=\"color: #000000;\">Le Magus dit\u00a0:<\/span><\/p>\n<p class=\"western\" style=\"text-align: justify;\"><strong><span style=\"color: #000000;\">\u00ab\u00a0Sois heureuse de te mettre \u00e0 genoux.\u00a0\u00bb<\/span><\/strong><\/p>\n<p class=\"western\" style=\"text-align: justify;\"><span style=\"color: #000000;\">Et il l\u2019aide \u00e0 s\u2019agenouiller devant l\u2019autel. Il attache l&rsquo;extr\u00e9mit\u00e9 de la Laisse \u00e0 un anneau fix\u00e9 \u00e0 l\u2019autel, afin que la candidate soit fortement pench\u00e9e en avant, sa t\u00eate touchant presque le sol. Il attache \u00e9galement ses pieds ensemble avec la courte cordelette.<\/span><\/p>\n<p class=\"western\" style=\"text-align: justify;\"><span style=\"color: #000000;\">Le Magus fait tinter la cloche trois fois et dit\u00a0:<\/span><\/p>\n<p class=\"western\" style=\"text-align: justify;\"><strong><span style=\"color: #000000;\"><span style=\"font-size: medium;\">\u00ab\u00a0Es-tu pr\u00eate \u00e0 jurer que tu seras toujours loyale envers l\u2019Art ?\u00a0\u00bb<\/span><\/span><\/strong><\/p>\n<p class=\"western\" style=\"text-align: justify;\"><span style=\"color: #000000;\">La Sorci\u00e8re\u00a0:<\/span><\/p>\n<p class=\"western\" style=\"text-align: justify;\"><strong><span style=\"color: #000000;\">\u00ab\u00a0Je le suis.\u00a0\u00bb<\/span><\/strong><\/p>\n<p class=\"western\" style=\"text-align: justify;\"><span style=\"color: #000000;\">Le Magus fait tinter la cloche sept fois et dit\u00a0:<\/span><\/p>\n<p class=\"western\" style=\"text-align: justify;\"><strong><span style=\"color: #000000;\">\u00ab\u00a0Avant de faire le jurement, es-tu pr\u00eate \u00e0 passer l\u2019\u00e9preuve et \u00e0 \u00eatre purifi\u00e9e ?\u00a0\u00bb<\/span><\/strong><\/p>\n<p class=\"western\" style=\"text-align: justify;\"><span style=\"color: #000000;\">La Sorci\u00e8re\u00a0:<\/span><\/p>\n<p class=\"western\" style=\"text-align: justify;\"><strong><span style=\"color: #000000;\">\u00ab\u00a0Je le suis.\u00a0\u00bb<\/span><\/strong><\/p>\n<p class=\"western\" style=\"text-align: justify;\"><span style=\"color: #000000;\">Le Magus fait tinter la cloche onze fois, il prend le fouet sur l\u2019autel et donne une s\u00e9rie de trois, sept, neuf et vingt-et-un coups sur les fesses de la candidate. Le Magus dit\u00a0: <\/span><\/p>\n<p class=\"western\" style=\"text-align: justify;\"><strong><span style=\"color: #000000;\">\u00ab\u00a0Tu as bravement pass\u00e9 l\u2019\u00e9preuve. Es-tu pr\u00eate \u00e0 toujours aider, prot\u00e9ger et d\u00e9fendre tes Fr\u00e8res et S\u0153ur de l\u2019Art ?\u00a0\u00bb<\/span><\/strong><\/p>\n<p class=\"western\" style=\"text-align: justify;\"><span style=\"color: #000000;\">La Sorci\u00e8re\u00a0:<\/span><\/p>\n<p class=\"western\" style=\"text-align: justify;\"><strong><span style=\"color: #000000;\">\u00ab\u00a0Je le suis.\u00a0\u00bb<\/span><\/strong><\/p>\n<p class=\"western\" style=\"text-align: justify;\"><span style=\"color: #000000;\">Le Magus\u00a0:<\/span><\/p>\n<p class=\"western\" style=\"text-align: justify;\"><strong><span style=\"color: #000000;\">\u00ab\u00a0Es-tu arm\u00e9e ?\u00a0\u00bb<\/span><\/strong><\/p>\n<p class=\"western\" style=\"text-align: justify;\"><span style=\"color: #000000;\">La Sorci\u00e8re\u00a0:<\/span><\/p>\n<p class=\"western\" style=\"text-align: justify;\"><strong><span style=\"color: #000000;\">\u00ab\u00a0Avec un couteau dans mes cheveux.\u00a0\u00bb<\/span><\/strong><\/p>\n<p class=\"western\" style=\"text-align: justify;\"><span style=\"color: #000000;\">Le Magus\u00a0:<\/span><\/p>\n<p class=\"western\" style=\"text-align: justify;\"><strong><span style=\"color: #000000;\">\u00ab\u00a0Alors sur ce couteau jureras-tu le secret absolu ?\u00a0\u00bb<\/span><\/strong><\/p>\n<p class=\"western\" style=\"text-align: justify;\"><span style=\"color: #000000;\">La Sorci\u00e8re\u00a0:<\/span><\/p>\n<p class=\"western\" style=\"text-align: justify;\"><strong><span style=\"color: #000000;\">\u00ab\u00a0Oui.\u00a0\u00bb<\/span><\/strong><\/p>\n<p class=\"western\" style=\"text-align: justify;\"><span style=\"color: #000000;\">Le Magus\u00a0:<\/span><\/p>\n<p class=\"western\" style=\"text-align: justify;\"><strong><span style=\"color: #000000;\"><span style=\"font-size: medium;\">\u00ab\u00a0Alors, r\u00e9p\u00e8te apr\u00e8s moi. &lsquo;Moi, (nom), en pr\u00e9sence des Puissants, de ma propre volont\u00e9 et de mon plein gr\u00e9, je jure solennellement que je garderai toujours secret, et ne r\u00e9v\u00e9lerai jamais les secrets de l\u2019Art, sauf \u00e0 une personne qui en est digne, correctement pr\u00e9par\u00e9e, \u00e0 l\u2019int\u00e9rieur d\u2019un cercle comme celui o\u00f9 je me trouve maintenant. Tout cela, je le jure sur mon espoir d\u2019une vie future, consciente que mes mesures ont \u00e9t\u00e9 prises, et puissent mes armes se retourner contre moi si je romps ce serment solennel.&rsquo;\u00a0\u00bb<\/span><\/span><\/strong><\/p>\n<p class=\"western\" style=\"text-align: justify;\"><span style=\"color: #000000;\">Le Magus d\u00e9tache maintenant ses pieds, d\u00e9noue la Laisse de l\u2019autel, lui retire le bandeau et l\u2019aide \u00e0 se remettre sur ses pieds.<\/span><\/p>\n<p class=\"western\" style=\"text-align: justify;\"><span style=\"color: #000000;\">Le Magus dit\u00a0:<\/span><\/p>\n<p class=\"western\" style=\"text-align: justify;\"><strong><span style=\"color: #000000;\">\u00ab\u00a0Par cons\u00e9quent, je te marque du triple signe.\u00a0\u00bb<\/span><\/strong><\/p>\n<p class=\"western\" style=\"text-align: justify;\"><span style=\"color: #000000;\"><span style=\"font-size: medium;\"><strong>\u00ab\u00a0Je te consacre avec l\u2019huile.\u00a0<\/strong>\u00bb (Il l\u2019oint avec l\u2019huile sur le ventre, le sein droit, le sein gauche et \u00e0 nouveau le ventre.)<\/span><\/span><\/p>\n<p class=\"western\" style=\"text-align: justify;\"><span style=\"color: #000000;\"><strong>\u00ab\u00a0Je te consacre avec le vin.\u00a0\u00bb<\/strong> (Il l\u2019oint avec le vin de la m\u00eame mani\u00e8re.)<\/span><\/p>\n<p class=\"western\" style=\"text-align: justify;\"><span style=\"color: #000000;\"><strong>\u00ab\u00a0Je te consacre avec mes l\u00e8vres\u00a0:<\/strong> (il l\u2019embrasse de la m\u00eame mani\u00e8re) <strong>Pr\u00eatresse et sorci\u00e8re.\u00a0\u00bb<\/strong><\/span><\/p>\n<p class=\"western\" style=\"text-align: justify;\"><span style=\"color: #000000;\">Le Magus lui d\u00e9tache maintenant les mains et enl\u00e8ve la derni\u00e8re cordelette, en disant\u00a0:<\/span><\/p>\n<p class=\"western\" style=\"text-align: justify;\"><strong><span style=\"color: #000000;\">\u00ab\u00a0Maintenant, je te pr\u00e9sente les Outils de Travail de la Sorci\u00e8re. <\/span><\/strong><\/p>\n<p class=\"western\" style=\"text-align: justify;\"><span style=\"color: #000000;\"><strong>Premi\u00e8rement l\u2019\u00c9p\u00e9e Magique. Avec elle, comme avec l\u2019Atham\u00e9, tu peux former tous Cercles Magiques, dominer, soumettre et punir tous les Esprits rebelles et D\u00e9mons, et m\u00eame persuader les Anges et les G\u00e9nies. Avec ceci dans ta main, tu es la dirigeante du Cercle.\u00a0\u00bb<\/strong> [Ici \u00ab\u00a0donne un baiser\u00a0\u00bb signifie que l\u2019initi\u00e9e embrasse l\u2019outil et le Magus embrasse alors la Sorci\u00e8re qui se fait initier.]<\/span><\/p>\n<p class=\"western\" style=\"text-align: justify;\"><span style=\"color: #000000;\"><strong>\u00ab\u00a0Ensuite, je te pr\u00e9sente l\u2019Atham\u00e9. Ceci est la v\u00e9ritable arme de la Sorci\u00e8re et a tous les pouvoirs de l\u2019\u00c9p\u00e9e Magique.\u00a0\u00bb<\/strong> [Donne un baiser.]<\/span><\/p>\n<p class=\"western\" style=\"text-align: justify;\"><span style=\"color: #000000;\"><strong>\u00ab\u00a0Ensuite, je te pr\u00e9sente le Couteau \u00e0 Manche Blanc. Il est utilis\u00e9 pour fa\u00e7onner tous les instruments employ\u00e9s dans l\u2019Art. Il ne peut \u00eatre utilis\u00e9 correctement qu&rsquo;\u00e0 l&rsquo;int\u00e9rieur d&rsquo;un Cercle Magique.\u00a0\u00bb<\/strong> [Donne un baiser.]<\/span><\/p>\n<p class=\"western\" style=\"text-align: justify;\"><span style=\"color: #000000;\"><strong>\u00ab\u00a0Ensuite, je te pr\u00e9sente la Baguette. Elle est employ\u00e9e pour appeler et contr\u00f4ler certains Anges et g\u00e9nies, pour lesquels l\u2019utilisation de l\u2019\u00c9p\u00e9e Magique serait inadapt\u00e9e.\u00a0\u00bb<\/strong> [Donne un baiser.]<\/span><\/p>\n<p class=\"western\" style=\"text-align: justify;\"><span style=\"color: #000000;\"><strong>\u00ab\u00a0Ensuite, je te pr\u00e9sente les Pentacles. Ils sont utilis\u00e9s dans le but d&rsquo;appeler les Esprits appropri\u00e9s.\u00a0\u00bb<\/strong> [Donne un baiser.]<\/span><\/p>\n<p class=\"western\" style=\"text-align: justify;\"><span style=\"color: #000000;\"><strong>\u00ab\u00a0Ensuite, je te pr\u00e9sente l\u2019Encensoir. Il sert \u00e0 encourager et \u00e0 accueillir les Esprits Bienveillants, et \u00e0 bannir les Esprits Mauvais.\u00a0\u00bb<\/strong> [Donne un baiser.]<\/span><\/p>\n<p class=\"western\" style=\"text-align: justify;\"><strong><span style=\"color: #000000;\">\u00ab\u00a0Ensuite, je te pr\u00e9sente le fouet. C\u2019est le symbole du pouvoir et de la domination. Il est aussi utilis\u00e9 pour causer souffrance et purification, car il est \u00e9crit, pour apprendre tu dois souffrir et \u00eatre purifi\u00e9. Es-tu pr\u00eate \u00e0 souffrir pour apprendre\u00a0?\u00a0\u00bb<\/span><\/strong><\/p>\n<p class=\"western\" style=\"text-align: justify;\"><span style=\"color: #000000;\">La Sorci\u00e8re\u00a0:<\/span><\/p>\n<p class=\"western\" style=\"text-align: justify;\"><span style=\"color: #000000;\"><strong>\u00ab\u00a0Je le suis.\u00a0\u00bb<\/strong> [Donne un baiser.]<\/span><\/p>\n<p class=\"western\" style=\"text-align: justify;\"><span style=\"color: #000000;\">Le Magus\u00a0:<\/span><\/p>\n<p class=\"western\" style=\"text-align: justify;\"><strong><span style=\"color: #000000;\"><span style=\"font-family: Palatino Linotype,serif;\"><span style=\"font-size: medium;\">\u00ab\u00a0<\/span><\/span><\/span><span style=\"color: #000000;\"><span style=\"font-family: Palatino Linotype,serif;\"><span style=\"font-size: medium;\">Enfin, et en dernier lieu, je te pr\u00e9sente les Cordes. Elles sont utilis\u00e9es dans l\u2019Art pour lier les <\/span><\/span><\/span><span style=\"color: #000000;\"><span style=\"font-family: Palatino Linotype,serif;\"><span style=\"font-size: medium;\">sigils, <\/span><\/span><\/span><span style=\"color: #000000;\"><span style=\"font-family: Palatino Linotype,serif;\"><span style=\"font-size: medium;\">le mat\u00e9riau de base, et pour renforcer ta volont\u00e9. Ainsi, elles sont n\u00e9cessaires lors du serment. <\/span><\/span><\/span><\/strong><\/p>\n<p class=\"western\" style=\"text-align: justify;\"><strong><span style=\"color: #000000;\"><span style=\"font-family: Palatino Linotype,serif;\"><span style=\"font-size: medium;\">Je te Salue au nom d\u2019Aradia et de Cernunnos, en tant que nouvelle Pr\u00eatresse et Sorci\u00e8re<\/span><\/span><\/span><span style=\"color: #000000;\"><span style=\"font-family: Palatino Linotype,serif;\"><span style=\"font-size: medium;\">.\u00a0\u00bb<\/span><\/span><\/span><\/strong><\/p>\n<p class=\"western\" style=\"text-align: justify;\"><span style=\"color: #000000;\">Le Magus fait tinter sept fois la cloche et embrasse la Sorci\u00e8re \u00e0 nouveau, puis circumambule avec elle, en proclamant \u00e0 chaque quartier\u00a0:<\/span><\/p>\n<p class=\"western\" style=\"text-align: justify;\"><strong><span style=\"color: #000000;\">\u00ab\u00a0\u00c9coutez, \u00d4 Puissants, (nom) a \u00e9t\u00e9 consacr\u00e9e Pr\u00eatresse et Sorci\u00e8re des dieux.\u00a0\u00bb<\/span><\/strong><\/p>\n<p class=\"western\" style=\"text-align: justify;\"><span style=\"color: #000000;\">(Notez que si la c\u00e9r\u00e9monie se termine ici, on doit r\u00e9voquer le cercle en disant\u00a0:<\/span><\/p>\n<p class=\"western\" style=\"text-align: justify;\"><span style=\"color: #000000;\"><strong>\u00ab\u00a0Je vous remercie de votre pr\u00e9sence et je vous renvoie en vos plaisantes demeures. Salut et adieu.\u00a0\u00bb<\/strong> <\/span><\/p>\n<p class=\"western\" style=\"text-align: justify;\"><span style=\"color: #000000;\">Sinon, passez au degr\u00e9 suivant.)<\/span><\/p>\n","protected":false},"excerpt":{"rendered":"<p>Le Magus quitte le cercle par la porte, va jusqu\u2019\u00e0 la Candidate, et dit\u00a0: \u00ab\u00a0Comme il n\u2019y a pas d\u2019autre fr\u00e8re ici, je dois \u00eatre ton parrain, ainsi que le pr\u00eatre. Je suis sur le point de te donner un avertissement. Si tu es toujours dans le m\u00eame \u00e9tat d\u2019esprit, r\u00e9ponds par ces mots\u00a0: &lsquo;parfait&#8230;<\/p>\n","protected":false},"author":2,"featured_media":0,"parent":2549,"menu_order":4,"comment_status":"closed","ping_status":"closed","template":"silo.php","meta":{"footnotes":""},"class_list":["post-2561","page","type-page","status-publish","hentry"],"_links":{"self":[{"href":"https:\/\/www.le-sidh.org\/wicca\/wp-json\/wp\/v2\/pages\/2561","targetHints":{"allow":["GET"]}}],"collection":[{"href":"https:\/\/www.le-sidh.org\/wicca\/wp-json\/wp\/v2\/pages"}],"about":[{"href":"https:\/\/www.le-sidh.org\/wicca\/wp-json\/wp\/v2\/types\/page"}],"author":[{"embeddable":true,"href":"https:\/\/www.le-sidh.org\/wicca\/wp-json\/wp\/v2\/users\/2"}],"replies":[{"embeddable":true,"href":"https:\/\/www.le-sidh.org\/wicca\/wp-json\/wp\/v2\/comments?post=2561"}],"version-history":[{"count":5,"href":"https:\/\/www.le-sidh.org\/wicca\/wp-json\/wp\/v2\/pages\/2561\/revisions"}],"predecessor-version":[{"id":2685,"href":"https:\/\/www.le-sidh.org\/wicca\/wp-json\/wp\/v2\/pages\/2561\/revisions\/2685"}],"up":[{"embeddable":true,"href":"https:\/\/www.le-sidh.org\/wicca\/wp-json\/wp\/v2\/pages\/2549"}],"wp:attachment":[{"href":"https:\/\/www.le-sidh.org\/wicca\/wp-json\/wp\/v2\/media?parent=2561"}],"curies":[{"name":"wp","href":"https:\/\/api.w.org\/{rel}","templated":true}]}}