{"id":2559,"date":"2015-09-23T17:45:11","date_gmt":"2015-09-23T15:45:11","guid":{"rendered":"http:\/\/www.le-sidh.org\/wicca\/?page_id=2559"},"modified":"2020-07-06T11:50:47","modified_gmt":"2020-07-06T09:50:47","slug":"la-charge-soulever-le-voile-1949","status":"publish","type":"page","link":"https:\/\/www.le-sidh.org\/wicca\/livres-des-ombres-gardnerien\/le-livre-des-ombres-de-1949\/la-charge-soulever-le-voile-1949\/","title":{"rendered":"La Charge\u00a0: \u00ab\u00a0lever le voile\u00a0\u00bb"},"content":{"rendered":"<p class=\"western\" style=\"text-align: justify;\"><span style=\"color: #000000;\">Le Magus\u00a0:<\/span><\/p>\n<p class=\"western\" style=\"text-align: justify;\"><strong><span style=\"color: #000000;\">\u00ab\u00a0\u00c9coutez les paroles de la Grande m\u00e8re, qui jadis fut aussi appel\u00e9e parmi les hommes Art\u00e9mis, Astart\u00e9, Ath\u00e9na, Diane, M\u00e9lusine, Aphrodite, Cerridwen, Dana, Arianrhod, Bride et par bien d\u2019autres noms.\u00a0\u00bb<\/span><\/strong><\/p>\n<p class=\"western\" style=\"text-align: justify;\"><span style=\"color: #000000;\">La Grande pr\u00eatresse\u00a0:<\/span><\/p>\n<p class=\"western\" style=\"text-align: justify;\"><strong><span style=\"color: #000000;\"><span style=\"font-size: medium;\">\u00ab Devant mes autels, les jeunes de Lac\u00e9d\u00e9mone \u00e0 Sparte rendaient les sacrifices attendus. Chaque fois que vous aurez besoin de quelque chose, une fois par mois, et de pr\u00e9f\u00e9rence lorsque la lune est pleine, vous vous r\u00e9unirez en un lieu secret et adorerez mon esprit, Moi qui suis la Reine de toutes les Sorcelleries et magies. L\u00e0, vous vous rassemblerez, vous qui prenez plaisir \u00e0 apprendre la sorcellerie et qui n\u2019avez pas encore atteint ses plus profonds secrets. \u00c0 ceux-l\u00e0, j&rsquo;enseignerai des choses qui sont encore inconnues. Vous serez libres de tout esclavage et en signe de votre r\u00e9elle libert\u00e9, vous serez nus lors de vos rites, hommes et femmes, et vous danserez, chanterez, festoierez, jouerez de la musique et ferez l\u2019amour, tout cela pour Me rendre hommage. Il existe une porte secr\u00e8te que j\u2019ai cr\u00e9\u00e9e pour \u00e9tablir le chemin permettant de go\u00fbter, m\u00eame sur terre, \u00e0 l\u2019\u00e9lixir d\u2019immortalit\u00e9. Dites &lsquo;que l\u2019extase soit mienne et la joie sur terre tout \u00e0 Moi, \u00e0 Moi&rsquo;, car je suis une d\u00e9esse bienveillante. Je donne des joies inimaginables sur terre, la certitude et non la croyance, alors que vous \u00eates en vie ! Et au-del\u00e0 de la mort, je donne la paix indicible, le repos et l\u2019extase, de plus, je ne demande rien en sacrifice. \u00bb<\/span><\/span><\/strong><\/p>\n<p class=\"western\" style=\"text-align: justify;\"><span style=\"color: #000000;\">Le Magus\u00a0:<\/span><\/p>\n<p class=\"western\" style=\"text-align: justify;\"><strong><span style=\"color: #000000;\">\u00ab\u00a0\u00c9coutez les paroles de la D\u00e9esse \u00c9toile.\u00a0\u00bb<\/span><\/strong><\/p>\n<p class=\"western\" style=\"text-align: justify;\"><span style=\"color: #000000;\">La Grande Pr\u00eatresse\u00a0:<\/span><\/p>\n<p class=\"western\" style=\"text-align: justify;\"><strong><span style=\"color: #000000;\">\u00ab\u00a0Je t&rsquo;aime, je te d\u00e9sire ardemment\u00a0; p\u00e2le ou pourpre, voil\u00e9e ou voluptueuse. Moi qui suis tout plaisir, et la pourpre, et l\u2019ivresse des sens les plus intimes, je te d\u00e9sire. Rev\u00eats tes ailes, \u00e9veille en toi la splendeur lov\u00e9e. Viens \u00e0 moi, car je suis la flamme qui br\u00fble dans le c\u0153ur de chaque homme et le noyau de chaque \u00e9toile. Que ton Soi divin le plus profond se perde dans le ravissement constant de la joie infinie. Que les rituels soient correctement accomplis, dans la joie et la beaut\u00e9. Souviens-toi que tous les actes d\u2019amour et de plaisir sont mes rituels. Ainsi, que soient la beaut\u00e9 et la force, les \u00e9clats de rire, le pouvoir et le feu. Et si tu dis &lsquo;j\u2019ai voyag\u00e9 jusqu\u2019\u00e0 toi et cela ne m\u2019a servi \u00e0 rien,&rsquo; tu devras plut\u00f4t dire, &lsquo;je t\u2019ai invoqu\u00e9e et j\u2019ai attendu patiemment, et voil\u00e0, tu \u00e9tais avec moi depuis le d\u00e9but&rsquo;, car ceux qui m\u2019ont toujours d\u00e9sir\u00e9e ne m\u2019atteindront jamais, m\u00eame \u00e0 la fin de tout d\u00e9sir.\u00a0\u00bb<\/span><\/strong><\/p>\n<p class=\"western\" style=\"text-align: justify;\"><span style=\"color: #000000;\">Cette part importante des rites doit toujours \u00eatre accomplie pour pr\u00e9parer chaque initiation, qu&rsquo;il s&rsquo;agisse d&rsquo;un ou des trois degr\u00e9s.<\/span><\/p>\n","protected":false},"excerpt":{"rendered":"<p>Le Magus\u00a0: \u00ab\u00a0\u00c9coutez les paroles de la Grande m\u00e8re, qui jadis fut aussi appel\u00e9e parmi les hommes Art\u00e9mis, Astart\u00e9, Ath\u00e9na, Diane, M\u00e9lusine, Aphrodite, Cerridwen, Dana, Arianrhod, Bride et par bien d\u2019autres noms.\u00a0\u00bb La Grande pr\u00eatresse\u00a0: \u00ab Devant mes autels, les jeunes de Lac\u00e9d\u00e9mone \u00e0 Sparte rendaient les sacrifices attendus. Chaque fois que vous aurez besoin&#8230;<\/p>\n","protected":false},"author":2,"featured_media":6852,"parent":2549,"menu_order":3,"comment_status":"closed","ping_status":"closed","template":"silo.php","meta":{"footnotes":""},"class_list":["post-2559","page","type-page","status-publish","has-post-thumbnail","hentry"],"_links":{"self":[{"href":"https:\/\/www.le-sidh.org\/wicca\/wp-json\/wp\/v2\/pages\/2559","targetHints":{"allow":["GET"]}}],"collection":[{"href":"https:\/\/www.le-sidh.org\/wicca\/wp-json\/wp\/v2\/pages"}],"about":[{"href":"https:\/\/www.le-sidh.org\/wicca\/wp-json\/wp\/v2\/types\/page"}],"author":[{"embeddable":true,"href":"https:\/\/www.le-sidh.org\/wicca\/wp-json\/wp\/v2\/users\/2"}],"replies":[{"embeddable":true,"href":"https:\/\/www.le-sidh.org\/wicca\/wp-json\/wp\/v2\/comments?post=2559"}],"version-history":[{"count":5,"href":"https:\/\/www.le-sidh.org\/wicca\/wp-json\/wp\/v2\/pages\/2559\/revisions"}],"predecessor-version":[{"id":8246,"href":"https:\/\/www.le-sidh.org\/wicca\/wp-json\/wp\/v2\/pages\/2559\/revisions\/8246"}],"up":[{"embeddable":true,"href":"https:\/\/www.le-sidh.org\/wicca\/wp-json\/wp\/v2\/pages\/2549"}],"wp:featuredmedia":[{"embeddable":true,"href":"https:\/\/www.le-sidh.org\/wicca\/wp-json\/wp\/v2\/media\/6852"}],"wp:attachment":[{"href":"https:\/\/www.le-sidh.org\/wicca\/wp-json\/wp\/v2\/media?parent=2559"}],"curies":[{"name":"wp","href":"https:\/\/api.w.org\/{rel}","templated":true}]}}