{"id":2551,"date":"2015-09-23T17:39:37","date_gmt":"2015-09-23T15:39:37","guid":{"rendered":"http:\/\/www.le-sidh.org\/wicca\/?page_id=2551"},"modified":"2015-09-24T08:47:51","modified_gmt":"2015-09-24T06:47:51","slug":"projection-du-cercle-1949","status":"publish","type":"page","link":"https:\/\/www.le-sidh.org\/wicca\/livres-des-ombres-gardnerien\/le-livre-des-ombres-de-1949\/projection-du-cercle-1949\/","title":{"rendered":"Projection du cercle"},"content":{"rendered":"<p class=\"western\" style=\"text-align: justify;\"><span style=\"color: #000000;\"><span style=\"font-size: medium;\">Il est plus pratique de dessiner le contour du cercle avec une craie, de la peinture, ou d\u2019une autre mani\u00e8re, pour savoir o\u00f9 il se trouve\u00a0; mais on peut utiliser des marques sur un tapis. Des accessoires peuvent \u00eatre dispos\u00e9s pour en indiquer les limites. Le seul cercle qui a de l\u2019importance est celui qui est trac\u00e9 avant chaque c\u00e9r\u00e9monie \u00e0 l\u2019aide soit d\u2019une \u00c9p\u00e9e Magique d\u00fbment consacr\u00e9e, soit d\u2019un Atham\u00e9. Le cercle fait g\u00e9n\u00e9ralement neuf pieds de diam\u00e8tre (s<\/span>oit 2,74\u00a0m environ)<span style=\"font-size: medium;\">, \u00e0 moins qu\u2019il ne soit cr\u00e9\u00e9 dans un but tr\u00e8s particulier. Il y a deux cercles ext\u00e9rieurs, chacun \u00e9loign\u00e9 de six pouces (soit <\/span>15\u00a0cm environ)<span style=\"font-size: medium;\">, donc le troisi\u00e8me cercle a un diam\u00e8tre de onze pieds (soit 3,35\u00a0m environ).<\/span><\/span><\/p>\n<ol style=\"text-align: justify;\">\n<li>\n<p class=\"western\"><span style=\"color: #000000;\"><span style=\"font-size: medium;\">Apr\u00e8s avoir choisi un endroit appropri\u00e9, prenez la faucille ou le cimeterre de l\u2019Art ou encore un atham\u00e9 de sorci\u00e8re, s\u2019il est possible de vous en procurer, et plantez-le au centre. Ensuite, prenez une cordelette de quatre pieds et demi (soit 1,37 m\u00e8tre environ), pour cela il est bon d\u2019utiliser la Laisse*, et faites une boucle autour de l\u2019Outil pour tracer ainsi la circonf\u00e9rence du cercle, elle doit \u00eatre trac\u00e9e soit avec l\u2019\u00e9p\u00e9e, soit avec le couteau \u00e0 manche noir, sans quoi cela sera de peu d\u2019utilit\u00e9, mais laissez toujours une porte ouverte vers le nord. Faites trois cercles en tout, les uns \u00e0 l&rsquo;int\u00e9rieur des autres, puis \u00e9crivez entre eux des noms de pouvoir.<\/span><\/span><\/p>\n<\/li>\n<li>\n<p class=\"western\"><span style=\"color: #000000;\">Premi\u00e8rement, tracez le cercle avec l\u2019\u00c9p\u00e9e Magique ou l\u2019Atham\u00e9. <\/span><\/p>\n<\/li>\n<li>\n<p class=\"western\"><span style=\"color: #000000;\"><span style=\"font-size: medium;\">Consacrez le Sel et l\u2019Eau\u00a0: touchez l\u2019eau avec l\u2019Atham\u00e9, en disant\u00a0: <\/span><\/span><\/p>\n<p class=\"western\"><strong><span style=\"color: #000000;\"><span style=\"font-size: medium;\">\u00ab\u00a0Je t\u2019exorcise, \u00f4 cr\u00e9ature d\u2019eau, pour que tu chasses de Toi toute impuret\u00e9 et toute souillure des Esprits du Monde des Fantasmes, afin qu\u2019ils ne puissent me nuire, au nom d\u2019Aradia et de Cernunnos.\u00a0\u00bb<\/span><\/span><\/strong><\/p>\n<\/li>\n<li>\n<p class=\"western\"><span style=\"color: #000000;\"><span style=\"font-size: medium;\">Touchez le sel avec l\u2019atham\u00e9 et dites\u00a0: <\/span><\/span><\/p>\n<p class=\"western\"><strong><span style=\"color: #000000;\"><span style=\"font-size: medium;\">\u00ab\u00a0Que les B\u00e9n\u00e9dictions d\u2019Aradia et de Cernunnos soient sur cette cr\u00e9ature de sel et que toute nuisance et toute entrave en soient expuls\u00e9es et que tout bienfait la p\u00e9n\u00e8tre, car sans Toi, l\u2019homme ne peut vivre, c\u2019est pourquoi je te b\u00e9nis et t\u2019invoque, afin que tu puisses m\u2019assister.\u00a0\u00bb<\/span><\/span><\/strong><\/p>\n<\/li>\n<li>\n<p class=\"western\"><span style=\"color: #000000;\">Puis mettez le Sel dans l\u2019eau.<\/span><\/p>\n<\/li>\n<li>\n<p class=\"western\"><span style=\"color: #000000;\">A<\/span><span style=\"color: #000000;\"><span style=\"font-size: medium;\">spergez avec l\u2019eau exorcis\u00e9e.<\/span><\/span><\/p>\n<\/li>\n<li>\n<p class=\"western\"><span style=\"color: #000000;\">Allumez les bougies\u00a0; dites\u00a0:<\/span><\/p>\n<p class=\"western\"><strong><span style=\"color: #000000;\">\u00ab\u00a0Je t\u2019exorcise, \u00f4 Cr\u00e9ature de Feu, que tout Fantasme puisse se retirer de toi et soit incapable de nuire ou de tromper d\u2019aucune mani\u00e8re, au nom d\u2019Aradia et Cernunnos.\u00a0\u00bb<\/span><\/strong><\/p>\n<\/li>\n<li>\n<p class=\"western\"><span style=\"color: #000000;\">Avertissez l\u2019initi\u00e9(e) (s\u2019il y en a)\u00a0; pr\u00e9venez les compagnons\u00a0; entrez dans le cercle et fermez les portes avec 3 pentagrammes.<\/span><\/p>\n<\/li>\n<li>\n<p class=\"western\"><span style=\"color: #000000;\">Proclamez le sujet du travail.<\/span><\/p>\n<\/li>\n<li>\n<p class=\"western\"><span style=\"color: #000000;\">Circumambulez 3 fois ou davantage avant de commencer le travail.<\/span><\/p>\n<\/li>\n<li>\n<p class=\"western\"><strong><span style=\"color: #000000;\">Convoquez\u00a0:<\/span><\/strong><\/p>\n<\/li>\n<\/ol>\n<p class=\"western\" style=\"text-align: justify;\"><strong><span style=\"color: #000000;\">\u00ab\u00a0Je vous convoque, vous \u00e9veille et vous appelle, vous, Puissants de l\u2019Est, du Sud, de l\u2019Ouest et du Nord.\u00a0\u00bb<\/span><\/strong><\/p>\n<p class=\"western\" style=\"text-align: justify;\"><span style=\"color: #000000;\">Saluez et dessinez le pentagramme avec l\u2019\u00c9p\u00e9e Magique ou l\u2019Atham\u00e9, la premi\u00e8re branche est trac\u00e9e en partant du sommet et en descendant vers la gauche.<\/span><\/p>\n<p class=\"western\" style=\"text-align: justify; padding-left: 30px;\"><em>Note de Lune &amp; Artus :<\/em><\/p>\n<p style=\"text-align: justify; padding-left: 30px;\"><em>* Le texte, en anglais, parle de \u00ab\u00a0Cable tow\u00a0\u00bb. Litt\u00e9ralement, un c\u00e2ble de remorquage. Cable tow est une expression utilis\u00e9e pour la corde d\u2019initiation et elle emprunt\u00e9e \u00e0 la franc-ma\u00e7onnerie, \u00ab\u00a0la corde du R\u00e9cipiendaire\u00a0\u00bb. Nous avons fait le choix, ici, de la traduire par laisse.<\/em><\/p>\n","protected":false},"excerpt":{"rendered":"<p>Il est plus pratique de dessiner le contour du cercle avec une craie, de la peinture, ou d\u2019une autre mani\u00e8re, pour savoir o\u00f9 il se trouve\u00a0; mais on peut utiliser des marques sur un tapis. Des accessoires peuvent \u00eatre dispos\u00e9s pour en indiquer les limites. Le seul cercle qui a de l\u2019importance est celui qui&#8230;<\/p>\n","protected":false},"author":2,"featured_media":0,"parent":2549,"menu_order":1,"comment_status":"closed","ping_status":"closed","template":"silo.php","meta":{"footnotes":""},"class_list":["post-2551","page","type-page","status-publish","hentry"],"_links":{"self":[{"href":"https:\/\/www.le-sidh.org\/wicca\/wp-json\/wp\/v2\/pages\/2551","targetHints":{"allow":["GET"]}}],"collection":[{"href":"https:\/\/www.le-sidh.org\/wicca\/wp-json\/wp\/v2\/pages"}],"about":[{"href":"https:\/\/www.le-sidh.org\/wicca\/wp-json\/wp\/v2\/types\/page"}],"author":[{"embeddable":true,"href":"https:\/\/www.le-sidh.org\/wicca\/wp-json\/wp\/v2\/users\/2"}],"replies":[{"embeddable":true,"href":"https:\/\/www.le-sidh.org\/wicca\/wp-json\/wp\/v2\/comments?post=2551"}],"version-history":[{"count":4,"href":"https:\/\/www.le-sidh.org\/wicca\/wp-json\/wp\/v2\/pages\/2551\/revisions"}],"predecessor-version":[{"id":2681,"href":"https:\/\/www.le-sidh.org\/wicca\/wp-json\/wp\/v2\/pages\/2551\/revisions\/2681"}],"up":[{"embeddable":true,"href":"https:\/\/www.le-sidh.org\/wicca\/wp-json\/wp\/v2\/pages\/2549"}],"wp:attachment":[{"href":"https:\/\/www.le-sidh.org\/wicca\/wp-json\/wp\/v2\/media?parent=2551"}],"curies":[{"name":"wp","href":"https:\/\/api.w.org\/{rel}","templated":true}]}}