{"id":254,"date":"2014-07-28T15:37:53","date_gmt":"2014-07-28T13:37:53","guid":{"rendered":"http:\/\/www.le-sidh.org\/wicca\/?page_id=254"},"modified":"2019-05-18T17:06:29","modified_gmt":"2019-05-18T15:06:29","slug":"lesbat-rite-de-la-pleine-lune","status":"publish","type":"page","link":"https:\/\/www.le-sidh.org\/wicca\/liber-umbrarum\/lesbat-rite-de-la-pleine-lune\/","title":{"rendered":"L&rsquo;Esbat, rite de la pleine lune"},"content":{"rendered":"<p style=\"text-align: justify;\"><strong>Extrait du <a href=\"https:\/\/www.le-sidh.org\/wicca\/liber-umbrarum\/\" target=\"_blank\" rel=\"noopener noreferrer\">Liber Umbrarum<\/a>, de<\/strong><strong> Doreen Valiente. Traduction &amp; adaptation Lune. <\/strong><\/p>\n<p style=\"text-align: justify;\"><a href=\"https:\/\/www.le-sidh.org\/wicca\/liber-umbrarum\/projection-du-cercle-le-rituel\/\" target=\"_blank\" rel=\"noopener noreferrer\">Formez le cercle de la mani\u00e8re habituelle<\/a>. Puis, dansez en rond dans le cercle, dans le sens des aiguilles d&rsquo;une montre, nu si vous le souhaitez, en chantant les paroles employ\u00e9es dans la c\u00e9r\u00e9monie d&rsquo;auto-initiation :<\/p>\n<blockquote><p>O Io Pan !<br \/>\nO Iao !<br \/>\nIa Ia Aradia !<br \/>\nIo \u00c9voh\u00e9 Kernunno !<br \/>\nIo \u00c9voh\u00e9 Diana !<strong><br \/>\n<\/strong><\/p><\/blockquote>\n<p style=\"text-align: justify;\">Proc\u00e9dez de mani\u00e8re joyeuse, aussi longtemps que vous le voulez. Rappelez-vous, la signification de l&rsquo;Esbat est \u00ab\u00a0r\u00e9jouissance\u00a0\u00bb. Le mot d\u00e9rive du vieux fran\u00e7ais \u00ab\u00a0s&rsquo;esbattre\u00a0\u00bb, s&rsquo;\u00e9battre ; alors laissez vos soucis derri\u00e8re vous et r\u00e9jouissez-vous.<\/p>\n<p style=\"text-align: justify;\">Ensuite reposez-vous, en vous allongeant sur le sol ou en vous asseyant en tailleur, devant l&rsquo;autel. Lorsque vous vous sentez suffisamment repos\u00e9, prenez le calice et consacrez le vin afin de porter un toast aux anciens Dieux.<\/p>\n<p style=\"text-align: justify;\">Placez-vous face \u00e0 l&rsquo;autel et levez l&rsquo;atham\u00e9 au-dessus du calice, en tenant le manche \u00e0 deux mains. Puis dites :<\/p>\n<blockquote>\n<p style=\"text-align: justify;\">Comme l\u2019atham\u00e9 est masculin, la coupe est f\u00e9minine, et unis, ils apportent la b\u00e9atitude.<strong><br \/>\n<\/strong><\/p>\n<\/blockquote>\n<p style=\"text-align: justify;\">Abaissez la pointe de l&rsquo;atham\u00e9 dans le calice pour la tremper dans le vin. Puis secouez\u00a0 l&rsquo;atham\u00e9 pour faire tomber des gouttes de vin au sol, \u00e0 l&rsquo;int\u00e9rieur du cercle.<\/p>\n<p>Posez l&rsquo;atham\u00e9 sur l&rsquo;autel et prenez le calice. Levez-le et dites :<\/p>\n<blockquote>\n<p style=\"text-align: justify;\">Aux Anciens ! Joyeuse rencontre et joyeux d\u00e9part.<\/p>\n<\/blockquote>\n<p>Prenez une gorg\u00e9e de vin et dites ensuite :<\/p>\n<blockquote>\n<p style=\"text-align: justify;\">Par cinq fois, puissions-nous communier avec les Anciens.<\/p>\n<p style=\"text-align: justify;\">Avec du vin, pour le go\u00fbt, (prenez une autre gorg\u00e9e de vin puis replacez le calice sur l&rsquo;autel)<\/p>\n<p>Avec une bougie, pour la vue,<\/p>\n<p>Avec de l&rsquo;encens, pour l&rsquo;odorat,<\/p>\n<p>Avec un pentacle, pour le toucher, (touchez le pentacle sur l&rsquo;autel)<\/p>\n<p style=\"text-align: justify;\">Avec une cloche, pour l&rsquo;ou\u00efe, (prenez la cloche et donnez un coup pour la faire retentir, \u00e9coutez ce son jusqu&rsquo;\u00e0 ce qu&rsquo;il meurt).<\/p>\n<\/blockquote>\n<p style=\"text-align: justify;\">Ce rite est connu comme \u00e9tant <strong>la communion des 5 sens<\/strong>. Lorsqu&rsquo;il est achev\u00e9, br\u00fblez davantage d&rsquo;encens si n\u00e9cessaire et encensez le tour du cercle, dans le sens des aiguilles d&rsquo;une montre, levez l&rsquo;encens aux quatre directions.<\/p>\n<p style=\"text-align: justify;\">Remettez l&rsquo;encensoir sur l&rsquo;autel, puis r\u00e9citez l&rsquo;invocation suivante, en la lisant dans votre livre des ombres :<\/p>\n<p style=\"text-align: justify;\"><em>(ndlt : il s&rsquo;agit d&rsquo;une traduction, la plus fid\u00e8le possible, r\u00e9alis\u00e9e dans le but de comprendre le v\u00e9ritable sens du texte original, je vous recommande \u00e9galement de lire la version r\u00e9\u00e9crite et rim\u00e9e de C\u00e9dric Leli\u00e8vre qu&rsquo;il a intitul\u00e9e \u00ab\u00a0Evocation de Diane\u00a0\u00bb -voir en bas de page-, et ainsi choisir ce qui vous convient le mieux pour votre esbat.)<\/em><\/p>\n<blockquote><p>Diane de la ronde lune,<br \/>\nLa reine de tous les enchantements,<br \/>\nIci o\u00f9 le vent siffle \u00e0 travers les arbres,<br \/>\nApparais, nous t&rsquo;invoquons.<\/p>\n<p>Les soucis du jour se dissipent,<br \/>\nLe royaume de la nuit t&rsquo;appartient,<br \/>\nEt nous, bien-aim\u00e9s et parents, communions avec<br \/>\nToutes les cr\u00e9atures sauvages et libres.<\/p>\n<p>Puisque tournoient les pouvoirs magiques tout autour de nous,<br \/>\nQue le temps, maintenant, s&rsquo;\u00e9vanouisse et disparaisse,<br \/>\nEn ce lieu entre les mondes,<br \/>\nPuissions-nous ne faire qu&rsquo;un avec la Nature.<\/p>\n<p>Le Cornu est ton consort,<br \/>\nDont la fl\u00fbte \u00e0 sept calames produit une douce musique.<br \/>\nAnciens dieux de vie, d&rsquo;amour et de lumi\u00e8re,<br \/>\nRejoignez notre joyeuse r\u00e9union.<\/p>\n<p>Pour vous, nous foulons le tour du cercle,<br \/>\nEt pour vous, nous versons le vin.<br \/>\nSaints Anciens de cette Terre,<br \/>\nC&rsquo;est vous que nous invoquons par l&rsquo;ancienne tradition \u2014<\/p>\n<p>Par la lune enchanteresse et le sortil\u00e8ge pa\u00efen,<br \/>\nPar tous les secrets de la nuit,<br \/>\nR\u00eaves, d\u00e9sirs et myst\u00e8res,<br \/>\nTransport\u00e9s sur la lumi\u00e8re argent\u00e9e des rayons lunaires.<\/p>\n<p>A pr\u00e9sent, nous pouvons voir, ou entendre,<br \/>\nOu connaitre du fond de notre c\u0153ur,<br \/>\nLe signe de la vraie magie accomplie,<br \/>\nAvant que nous ne quittions ce cercle.<\/p><\/blockquote>\n<p style=\"text-align: justify;\">Faites une pause et attendez en silence, les yeux clos si vous le souhaitez. Un son, une manifestation ext\u00e9rieure, une vision int\u00e9rieure, un message re\u00e7u ou une impression per\u00e7ue par l&rsquo;esprit int\u00e9rieur pourraient survenir. De telles choses devront \u00eatre consign\u00e9es le plus t\u00f4t possible apr\u00e8s la fin du rite.<\/p>\n<p style=\"text-align: justify;\">Lorsque, spontan\u00e9ment, votre ressenti vous le dit, mettez fin \u00e0 la p\u00e9riode de silence en vous inclinant devant l&rsquo;autel et en disant :<\/p>\n<blockquote>\n<p style=\"text-align: justify;\">\u00d4 Reine D\u00e9esse de la nuit,<br \/>\n\u00d4 puissant Cornu,<br \/>\nSur la terre, dans les cieux et en mer,<br \/>\nQue demeurent la paix et les b\u00e9n\u00e9dictions !<\/p>\n<\/blockquote>\n<p style=\"text-align: justify;\">A pr\u00e9sent, d\u00e9tendez-vous et asseyez-vous ou allongez-vous sur le sol \u00e0 nouveau, terminez le vin du calice. Versez-en plus si vous le souhaitez et asseyez-vous puis m\u00e9ditez et profitez de l&rsquo;atmosph\u00e8re du cercle. Vous souhaiterez peut-\u00eatre pratiquer la catoptromancie, tirer les tarots ou le I-Ching, ou r\u00e9aliser toute autre exp\u00e9rience magique. Ou bien, si vous le souhaitez, jouez une musique appropri\u00e9e (tout ce que vous appr\u00e9ciez et qui est propice aux circonstances.)<\/p>\n<p style=\"text-align: justify;\">Si vous travaillez avec une autre personne, votre partenaire en magie, vous pourrez, si vous le souhaitez, faire l&rsquo;amour dans le cercle et offrir mentalement votre plaisir en hommage aux anciens Dieux, qui sont heureux de voir des gens heureux. (<a href=\"https:\/\/www.le-sidh.org\/wicca\/liber-umbrarum\/initiation-au-sein-du-coven-le-rituel\/\" target=\"_blank\" rel=\"noopener noreferrer\">Un rituel pour initier autrui sera donn\u00e9 plus loin<\/a>.)<\/p>\n<p style=\"text-align: justify;\">Si vous devez quitter le cercle et y entrer de nouveau, pour quelque raison que ce soit, dites que vous allez chercher quelque chose, puis quand vous reviendrez, tracez \u00e0 nouveau le cercle, dans le sens des aiguilles d&rsquo;une montre, en partant de l&rsquo;Est.<\/p>\n<p style=\"text-align: justify;\">Si vous souhaitez accomplir un travail magique en particulier, effectuez-le en premier et faites l&rsquo;amour avec votre partenaire comme terme et accomplissement de l&rsquo;Esbat.<\/p>\n<p style=\"text-align: justify;\">D\u00e9faites le cercle de la mani\u00e8re habituelle, <a href=\"https:\/\/www.le-sidh.org\/wicca\/liber-umbrarum\/projection-du-cercle-le-rituel\/\" target=\"_blank\" rel=\"noopener noreferrer\">selon le rituel d\u00e9j\u00e0 indiqu\u00e9<\/a>.<\/p>\n<p><em>Extrait de \u00ab Witchcraft for Tomorrow \u00bb, \u00e9ditions Pho\u00e9nix.<\/em><\/p>\n<p>&nbsp;<\/p>\n<p style=\"padding-left: 40px;\"><em>La version rim\u00e9e de l&rsquo;invocation, traduite\/r\u00e9\u00e9crite par C\u00e9dric Leli\u00e8vre :<br \/>\n<\/em><\/p>\n<p style=\"padding-left: 40px;\"><em>\u00ab\u00a0\u00c9vocation de Diane\u00a0\u00bb<\/em><\/p>\n<p style=\"padding-left: 40px;\"><em>Diane de la ronde Lune<\/em><br \/>\n<em>\u00d4 Reine des enchantements<\/em><br \/>\n<em>Le vent souffle sur les sorbiers<\/em><br \/>\n<em>Nous t\u2019invoquons en ce moment<\/em><br \/>\n<em>Les soucis du jour s\u2019\u00e9vanouissent<\/em><br \/>\n<em>Et cette heure la nuit t\u2019appartient<\/em><br \/>\n<em>Nous communions dans l\u2019amour<\/em><br \/>\n<em>Avec tous les \u00eatres sans liens<\/em><br \/>\n<em>Comme le pouvoir nous entoure<\/em><br \/>\n<em>Le temps se dissout dans l\u2019air pur<\/em><br \/>\n<em>Ici nous sommes entre les mondes<\/em><br \/>\n<em>Et unis avec la nature<\/em><br \/>\n<em>Ton consort est le Grand Cornu<\/em><br \/>\n<em>Qui joue de la fl\u00fbte de pan.<\/em><br \/>\n<em>Dieux d\u2019amour, de vie et lumi\u00e8re<\/em><br \/>\n<em>Venez ici, joignez nos rangs !<\/em><br \/>\n<em>Pour vous en cercle nous dansons<\/em><br \/>\n<em>Et pour vous s\u2019\u00e9panche le vin.<\/em><br \/>\n<em>Dieux antiques de cette terre<\/em><br \/>\n<em>Nous r\u00e9p\u00e9tons les noms anciens<\/em><br \/>\n<em>Par sort pa\u00efen, par le croissant<\/em><br \/>\n<em>Par tous les secrets de la nuit<\/em><br \/>\n<em>Par r\u00eave, et d\u00e9sir, et myst\u00e8re<\/em><br \/>\n<em>Par la blanche lune qui luit.<\/em><br \/>\n<em>Enfin nous pouvons ou\u00efr et voir<\/em><br \/>\n<em>Et savoir au fond de nos c\u0153urs<\/em><br \/>\n<em>Que la magie reste avec nous<\/em><br \/>\n<em>Alors que notre cercle meurt<\/em><br \/>\n<em>\u00d4 Dieu Cornu de la puissance<\/em><br \/>\n<em>\u00d4 Reine-D\u00e9esse des nuits<\/em><br \/>\n<em>Sur terre, sur mer, dans les cieux<\/em><br \/>\n<em>Allez en paix, soyez b\u00e9nis<\/em><\/p>\n","protected":false},"excerpt":{"rendered":"<p>Extrait du Liber Umbrarum, de Doreen Valiente. Traduction &amp; adaptation Lune. Formez le cercle de la mani\u00e8re habituelle. Puis, dansez en rond dans le cercle, dans le sens des aiguilles d&rsquo;une montre, nu si vous le souhaitez, en chantant les paroles employ\u00e9es dans la c\u00e9r\u00e9monie d&rsquo;auto-initiation : O Io Pan ! O Iao ! Ia&#8230;<\/p>\n","protected":false},"author":2,"featured_media":4346,"parent":3939,"menu_order":10,"comment_status":"closed","ping_status":"closed","template":"silo.php","meta":{"footnotes":""},"class_list":["post-254","page","type-page","status-publish","has-post-thumbnail","hentry"],"_links":{"self":[{"href":"https:\/\/www.le-sidh.org\/wicca\/wp-json\/wp\/v2\/pages\/254","targetHints":{"allow":["GET"]}}],"collection":[{"href":"https:\/\/www.le-sidh.org\/wicca\/wp-json\/wp\/v2\/pages"}],"about":[{"href":"https:\/\/www.le-sidh.org\/wicca\/wp-json\/wp\/v2\/types\/page"}],"author":[{"embeddable":true,"href":"https:\/\/www.le-sidh.org\/wicca\/wp-json\/wp\/v2\/users\/2"}],"replies":[{"embeddable":true,"href":"https:\/\/www.le-sidh.org\/wicca\/wp-json\/wp\/v2\/comments?post=254"}],"version-history":[{"count":27,"href":"https:\/\/www.le-sidh.org\/wicca\/wp-json\/wp\/v2\/pages\/254\/revisions"}],"predecessor-version":[{"id":6400,"href":"https:\/\/www.le-sidh.org\/wicca\/wp-json\/wp\/v2\/pages\/254\/revisions\/6400"}],"up":[{"embeddable":true,"href":"https:\/\/www.le-sidh.org\/wicca\/wp-json\/wp\/v2\/pages\/3939"}],"wp:featuredmedia":[{"embeddable":true,"href":"https:\/\/www.le-sidh.org\/wicca\/wp-json\/wp\/v2\/media\/4346"}],"wp:attachment":[{"href":"https:\/\/www.le-sidh.org\/wicca\/wp-json\/wp\/v2\/media?parent=254"}],"curies":[{"name":"wp","href":"https:\/\/api.w.org\/{rel}","templated":true}]}}