{"id":251,"date":"2014-07-28T15:34:21","date_gmt":"2014-07-28T13:34:21","guid":{"rendered":"http:\/\/www.le-sidh.org\/wicca\/?page_id=251"},"modified":"2019-03-14T11:35:36","modified_gmt":"2019-03-14T09:35:36","slug":"esbat-pour-consacrer-une-nouvelle-baguette","status":"publish","type":"page","link":"https:\/\/www.le-sidh.org\/wicca\/esbat\/esbat-pour-consacrer-une-nouvelle-baguette\/","title":{"rendered":"Esbat pour consacrer une nouvelle baguette"},"content":{"rendered":"<div style=\"text-align: justify;\">Par Lady Sheba \u00a9, traduction &amp; adaptation Lune<\/div>\n<div style=\"text-align: justify;\"><\/div>\n<div style=\"text-align: justify;\"><a href=\"https:\/\/www.le-sidh.org\/wicca\/wp-content\/uploads\/2014\/07\/Pleine-Lune-\u00e9clipse-octobre-2013.jpg\"><img loading=\"lazy\" decoding=\"async\" class=\"aligncenter size-full wp-image-250\" src=\"https:\/\/www.le-sidh.org\/wicca\/wp-content\/uploads\/2014\/07\/Pleine-Lune-\u00e9clipse-octobre-2013.jpg\" alt=\"Pleine Lune \u00e9clipse octobre 2013\" width=\"720\" height=\"960\" srcset=\"https:\/\/www.le-sidh.org\/wicca\/wp-content\/uploads\/2014\/07\/Pleine-Lune-\u00e9clipse-octobre-2013.jpg 720w, https:\/\/www.le-sidh.org\/wicca\/wp-content\/uploads\/2014\/07\/Pleine-Lune-\u00e9clipse-octobre-2013-225x300.jpg 225w\" sizes=\"auto, (max-width: 720px) 100vw, 720px\" \/><\/a><\/div>\n<div>\n<p style=\"text-align: justify;\" align=\"justify\"><b>C\u00e9r\u00e9monie de la Pleine Lune pour consacrer une nouvelle baguette et\/ou recharger les anciennes (Esbat) <\/b><\/p>\n<p style=\"text-align: justify;\">Le Grand Pr\u00eatre ou la Grande Pr\u00eatresse projette le cercle magique. La Grande Pr\u00eatresse invoque les Gardiens pour qu\u2019ils soient t\u00e9moins du travail en cours et le b\u00e9nissent. Le Grand Pr\u00eatre dispose l\u2019Autel au Nord du Cercle. La Grande Pr\u00eatresse consacre l\u2019eau sainte, les chandelles et l\u2019encens. Puis elle se purifie elle-m\u00eame, purifie le Cercle, l\u2019Autel et le Grand Pr\u00eatre.<\/p>\n<p style=\"text-align: justify;\">Chaque membre masculin du coven est maintenant b\u00e9ni tandis qu\u2019ils passent devant elle. Le Grand Pr\u00eatre prend \u00e0 pr\u00e9sent l\u2019eau sainte et purifie les membres f\u00e9minins du coven tandis qu\u2019elles viennent dans le Cercle. Alors qu\u2019elles entrent dans le Cercle et sont purifi\u00e9es, elles passent devant la Grande Pr\u00eatresse et font la r\u00e9v\u00e9rence en disant \u00ab Sois b\u00e9nie \u00bb. Alors que les hommes passent devant elle, elle les purifie et ils la saluent en disant \u00ab Sois b\u00e9nie \u00bb puis l\u2019embrassent sur la joue droite.<\/p>\n<p style=\"text-align: justify;\">La Grande Pr\u00eatresse fait face au Nord et prend la position de la D\u00e9esse. Les membres du coven attendent \u00e0 l\u2019int\u00e9rieur du cercle, homme et femme altern\u00e9s. Chaque membre du coven saisit sa propre baguette de sa main la plus forte et r\u00e9p\u00e8te le Rituel de Cons\u00e9cration avec le Grand Pr\u00eatre et la Grande Pr\u00eatresse qui dirigent. Le Grand Pr\u00eatre verse le vin rouge dans le calice et tient la coupe d\u00e8s deux mains pour que la Grande Pr\u00eatresse le b\u00e9nisse. Elle b\u00e9nit le vin avec l\u2019atham\u00e9, puis bois une gorg\u00e9e du calice et le passe au Grand Pr\u00eatre, qui en boit lui aussi une gorg\u00e9e et le passe aux membres du coven. Ces derniers boivent \u00e0 leur tour \u00e0 la coupe puis la rendent au Grand Pr\u00eatre, qui la redonne \u00e0 la Grande Pr\u00eatresse qui la termine.<\/p>\n<p style=\"text-align: justify;\">La Grande Pr\u00eatresse donne aux Dieux, qui ont \u00e9t\u00e9 invoqu\u00e9s, l\u2019autorisation de partir et les remercie d\u2019avoir assist\u00e9 au travail et de l\u2019avoir b\u00e9ni. Le Cercle est \u00e0 pr\u00e9sent clos.<\/p>\n<\/div>\n","protected":false},"excerpt":{"rendered":"<p>Par Lady Sheba \u00a9, traduction &amp; adaptation Lune C\u00e9r\u00e9monie de la Pleine Lune pour consacrer une nouvelle baguette et\/ou recharger les anciennes (Esbat) Le Grand Pr\u00eatre ou la Grande Pr\u00eatresse projette le cercle magique. La Grande Pr\u00eatresse invoque les Gardiens pour qu\u2019ils soient t\u00e9moins du travail en cours et le b\u00e9nissent. Le Grand Pr\u00eatre dispose&#8230;<\/p>\n","protected":false},"author":2,"featured_media":0,"parent":34,"menu_order":0,"comment_status":"closed","ping_status":"closed","template":"silo.php","meta":{"footnotes":""},"class_list":["post-251","page","type-page","status-publish","hentry"],"_links":{"self":[{"href":"https:\/\/www.le-sidh.org\/wicca\/wp-json\/wp\/v2\/pages\/251","targetHints":{"allow":["GET"]}}],"collection":[{"href":"https:\/\/www.le-sidh.org\/wicca\/wp-json\/wp\/v2\/pages"}],"about":[{"href":"https:\/\/www.le-sidh.org\/wicca\/wp-json\/wp\/v2\/types\/page"}],"author":[{"embeddable":true,"href":"https:\/\/www.le-sidh.org\/wicca\/wp-json\/wp\/v2\/users\/2"}],"replies":[{"embeddable":true,"href":"https:\/\/www.le-sidh.org\/wicca\/wp-json\/wp\/v2\/comments?post=251"}],"version-history":[{"count":3,"href":"https:\/\/www.le-sidh.org\/wicca\/wp-json\/wp\/v2\/pages\/251\/revisions"}],"predecessor-version":[{"id":5084,"href":"https:\/\/www.le-sidh.org\/wicca\/wp-json\/wp\/v2\/pages\/251\/revisions\/5084"}],"up":[{"embeddable":true,"href":"https:\/\/www.le-sidh.org\/wicca\/wp-json\/wp\/v2\/pages\/34"}],"wp:attachment":[{"href":"https:\/\/www.le-sidh.org\/wicca\/wp-json\/wp\/v2\/media?parent=251"}],"curies":[{"name":"wp","href":"https:\/\/api.w.org\/{rel}","templated":true}]}}