{"id":244,"date":"2014-07-28T15:26:53","date_gmt":"2014-07-28T13:26:53","guid":{"rendered":"http:\/\/www.le-sidh.org\/wicca\/?page_id=244"},"modified":"2019-05-17T18:34:44","modified_gmt":"2019-05-17T16:34:44","slug":"esbat-nouvelle-lune-invocation-rituels-et-sortileges","status":"publish","type":"page","link":"https:\/\/www.le-sidh.org\/wicca\/esbat\/esbat-nouvelle-lune-invocation-rituels-et-sortileges\/","title":{"rendered":"Esbat : Nouvelle Lune (invocation, rituels et sortil\u00e8ges)"},"content":{"rendered":"<p style=\"text-align: justify;\" align=\"justify\">Par Elen Hawke. <i>Extrait du livre \u00ab\u00a0The Sacred Round\u00a0\u00bb<\/i>. Traduction &amp; adaptation Lune<\/p>\n<ul>\n<li><a href=\"https:\/\/www.le-sidh.org\/wicca\/esbat\/esbat-introduction\/\" target=\"_blank\" rel=\"noopener noreferrer\">Introduction<\/a><\/li>\n<li>Nouvelle lune (texte ci-dessous)<\/li>\n<li><a href=\"https:\/\/www.le-sidh.org\/wicca\/esbat\/esbat-le-premier-quartier-de-lune\/\" target=\"_blank\" rel=\"noopener noreferrer\">Premier quartier<\/a><\/li>\n<li><a href=\"https:\/\/www.le-sidh.org\/wicca\/esbat\/esbat-pleine-lune\/\" target=\"_blank\" rel=\"noopener noreferrer\">Pleine lune<\/a><\/li>\n<\/ul>\n<p style=\"text-align: justify;\"><b>La nouvelle Lune<\/b><\/p>\n<p style=\"text-align: justify;\">Lorsque nous entrons dans la phase de la nouvelle lune, la lune elle-m\u00eame est invisible. Cependant, lorsqu\u2019elle passe de d\u00e9croissante\/noire \u00e0 noire\/nouvelle, il est possible de ressentir le changement d\u2019\u00e9nergie\u00a0: <em><strong>une \u00e9l\u00e9vation de l\u2019esprit et la sensation d\u2019\u00eatre recharg\u00e9 et pr\u00eat pour de nouveaux efforts<\/strong><\/em>. C\u2019est le d\u00e9but de la phase \u00ab\u00a0jeune fille\u00a0\u00bb de la D\u00e9esse.<\/p>\n<p style=\"text-align: justify;\">De nombreuses nouvelles id\u00e9es peuvent venir \u00e0 nous et c\u2019est une bonne p\u00e9riode pour m\u00e9diter sur celles-ci, pour les \u00e9tudier mentalement, avant de les d\u00e9velopper dans le monde mat\u00e9riel. En termes symboliques, la D\u00e9esse passe de l\u2019\u00e9tat de b\u00e9b\u00e9 \u00e0 l\u2019\u00e9tat de petite fille puis de jeune fille (d\u2019adolescente) durant cette phase. J\u2019utilise ce symbolisme en g\u00e9n\u00e9ral, alors que le Dieu meurt et rena\u00eet annuellement, la D\u00e9esse ne meurt pas, mais passe simplement par un cycle qui se r\u00e9p\u00e8te sans fin et qui embrasse toutes les \u00e9tapes de la f\u00e9minit\u00e9.<\/p>\n<p style=\"text-align: justify;\">Lorsque la nouvelle lune appara\u00eet sous l\u2019aspect d\u2019un fin croissant, la plus mince des courbes d\u2019un argent lumineux, alors nous pouvons commencer \u00e0 l\u2019utiliser pour un travail magique.<\/p>\n<p style=\"text-align: justify;\">Parfois, \u00e0 cette \u00e9tape, vous pouvez voir la totalit\u00e9 de la lune\u00a0: un sombre globe bord\u00e9, sur la portion inf\u00e9rieure droite de sa circonf\u00e9rence, par la luminosit\u00e9 de la nouvelle lune\u00a0; c\u2019est un tr\u00e8s puissant symbole, car la portion sombre de la lune peut \u00eatre vue comme le potentiel promis par le pleinement visible rond d\u2019argent.<\/p>\n<p style=\"text-align: justify;\">Ce n\u2019est pas une p\u00e9riode pour poursuivre des projets d\u00e9j\u00e0 entam\u00e9s, mais plut\u00f4t pour tout ce qui est enti\u00e8rement nouveau et que vous voulez \u00ab\u00a0semer\u00a0\u00bb comme une graine, et faire \u00e9clore comme la lune qui cro\u00eet, en donnant une derni\u00e8re \u00ab\u00a0pouss\u00e9e\u00a0\u00bb jusqu\u2019\u00e0 la prochaine pleine lune. Cela peut par exemple \u00eatre une nouvelle id\u00e9e cr\u00e9ative, une nouvelle carri\u00e8re ou la recherche d\u2019un nouveau travail.<\/p>\n<p style=\"text-align: justify;\">C\u2019est le sentiment, \u00e0 cette p\u00e9riode, que tout est possible. Tout semble nouveau et sans t\u00e2che. Cependant, si vous voulez vous servir de la nouvelle lune pour initier des changements apr\u00e8s une p\u00e9riode de stagnation, c\u2019est une bonne id\u00e9e de travailler sur la lune d\u00e9croissante pour vous d\u00e9barrasser auparavant de situations obsol\u00e8tes, ainsi de nouvelles opportunit\u00e9s auront une chance de se produire sans entrave.<\/p>\n<p style=\"text-align: justify;\">Pour les rituels de nouvelle lune, utilisez des bougies d\u2019un blanc pur et d\u00e9corez l\u2019autel de p\u00e2les fleurs encore en bouton (symboliques d\u2019un potentiel qui sera florissant comme la lune croissante), particuli\u00e8rement durant le printemps et l\u2019\u00e9t\u00e9. Utilisez un encens au parfum l\u00e9ger comme celui de la damiane ou de la lavande. C\u2019est la p\u00e9riode d\u2019Art\u00e9mis\/Diane Chasseresse et d&rsquo;Aradia, et elles peuvent \u00eatre invoqu\u00e9es \u00e0 cette \u00e9poque et nous pouvons leur demander de b\u00e9nir notre travail.<\/p>\n<p style=\"text-align: justify;\"><b>Invocation \u00e0 la Nouvelle Lune<\/b><\/p>\n<blockquote>\n<p style=\"text-align: justify;\">\u00d4 Vierge de la lune croissante,<br \/>\nDame sauvage qui court, forte et libre,<br \/>\nApporte la croissance \u00e0 tout ce que je choisis de faire \u00e9clore lors de ce nouveau cycle lunaire,<br \/>\nPar la libre volont\u00e9 de tous et sans blesser personne,<br \/>\nEn accord avec ce qui est juste pour moi.<\/p>\n<\/blockquote>\n<p style=\"text-align: justify;\"><b>Sortil\u00e8ge de Purification \u00e0 la Nouvelle Lune<\/b><\/p>\n<p style=\"text-align: justify;\">Pour cela, vous aurez besoin\u00a0:<\/p>\n<ul style=\"text-align: justify;\">\n<li>d\u2019une bougie noire et d\u2019une bougie blanche ou argent\u00e9e<\/li>\n<li>d&rsquo;huile essentielle de lavande<\/li>\n<li>d&rsquo;un encens \u00e0 base de lavande ou d\u2019un autre parfum l\u00e9ger, avec une note florale.<\/li>\n<li>d&rsquo;un calice d\u2019eau de source ou de l\u2019eau du robinet purifi\u00e9e.<\/li>\n<\/ul>\n<p style=\"text-align: justify;\" align=\"justify\">La projection du cercle est optionnelle, et il est pr\u00e9f\u00e9rable de ne pas lever l\u2019\u00e9nergie ; mais vous pouvez mettre des bougies blanches et des fleurs sur votre autel ou dans votre temple si vous le souhaitez.<\/p>\n<p style=\"text-align: justify;\">Vous devez r\u00e9aliser ce sort le jour exact de la nouvelle lune et de pr\u00e9f\u00e9rence aussi pr\u00e8s que possible de l\u2019heure r\u00e9elle \u2013 une <a href=\"http:\/\/www.calendrier-lunaire.net\/\" target=\"_blank\" rel=\"noopener noreferrer\">\u00e9ph\u00e9m\u00e9ride<\/a>, un calendrier magique, un calendrier astrologique ou un journal vous diront quand est-ce. Encore que vous ayez besoin de vous assurer d\u2019avoir bien interpr\u00e9t\u00e9 la diff\u00e9rence d\u2019heure entre votre lieu de r\u00e9sidence et l\u2019heure GMT (Greenwich Mean Time), l\u2019heure universelle prise en compte ou encore les changements d\u2019heure d\u2019\u00e9t\u00e9 si vos sources donnent l\u2019heure universelle ou l\u2019heure GMT de la nouvelle lune (une \u00e9ph\u00e9m\u00e9ride le fera, mais les calendriers et agendas donnent souvent l\u2019heure locale). Si vous remettez \u00e7a \u00e0 plus tard, la lune sera probablement croissante et la purification sera donc moins efficace, car l\u2019\u00e9nergie augmentera, et pour purifier vous devez perdre ou r\u00e9duire quelque chose.<\/p>\n<p style=\"text-align: justify;\">S\u2019il fait encore jour dehors, tirez les rideaux avant d\u2019allumer les bougies de l\u2019autel et l\u2019encens.<\/p>\n<p style=\"text-align: justify;\">Asseyez-vous, soyez relax\u00e9, mais alerte et laissez votre respiration devenir calme et r\u00e9guli\u00e8re.<\/p>\n<p style=\"text-align: justify;\">Prenez une bougie noire et visualisez toute n\u00e9gativit\u00e9 dans votre vie se d\u00e9verser en elle \u2013 toute apathie, fatigue, mauvaise sant\u00e9, tristesse, d\u00e9pression, etc. Voyez toutes les mauvaises choses, comme un flot boueux, s\u2019\u00e9couler de vos mains dans la cire.<\/p>\n<p style=\"text-align: justify;\">Puis allumez la bougie et dites\u00a0:<\/p>\n<blockquote>\n<p style=\"text-align: justify;\"><strong>\u00ab\u00a0Les impuret\u00e9s sont chass\u00e9es !\u00a0\u00bb<\/strong><\/p>\n<\/blockquote>\n<p style=\"text-align: justify;\">Soufflez de toutes vos forces sur la flamme de la bougie.<\/p>\n<p style=\"text-align: justify;\">Vous pouvez maintenant rallumer la bougie, en la mettant en quelque endroit s\u00fbr afin qu\u2019elle br\u00fble compl\u00e8tement.<\/p>\n<p style=\"text-align: justify;\">Puis prenez la bougie blanche ou argent et impr\u00e9gnez-la d\u2019huile de lavande (faites attention, si vous utilisez une bougie argent\u00e9e, \u00e9talez l\u2019huile doucement et parcimonieusement ou bien vous vous retrouverez avec la peinture argent\u00e9e sur la totalit\u00e9 de vos mains).<\/p>\n<p style=\"text-align: justify;\">Visualisez la fra\u00eecheur de la nouvelle lune \u2013 sa pure et claire lumi\u00e8re \u2013 et visualisez-la vous emplir enti\u00e8rement, tout votre \u00eatre, en vous nettoyant et vous purifiant.<\/p>\n<p style=\"text-align: justify;\">Allumez la bougie.<\/p>\n<p style=\"text-align: justify;\">Enfin, buvez l\u2019eau du calice, absorbez son pouvoir purifiant dans votre organisme.<\/p>\n<p style=\"text-align: justify;\">Vous devez br\u00fbler un tiers de la bougie blanche ou argent\u00e9e chaque jour, trois jours de suite. Lorsqu\u2019elle se termine, regardez la nouvelle lune dans le ciel ou bien si le ciel est nuageux, visualisez-la, en esprit. Essayez d\u2019absorber son \u00e9nergie en vous, en ouvrant votre \u00eatre entier \u00e0 sa nouveaut\u00e9 et sa nettet\u00e9. Remerciez la Jeune Fille pour son don de clart\u00e9 et d\u2019amour.<\/p>\n<p style=\"text-align: justify;\"><b>Un Sortil\u00e8ge pour initier un Nouveau Projet<\/b><\/p>\n<p style=\"text-align: justify;\">Vous aurez besoin :<\/p>\n<ul style=\"text-align: justify;\">\n<li>d&rsquo;un encens au parfum frais et l\u00e9ger<\/li>\n<li>de bougies blanches et de fleurs blanches en bouton sur l\u2019autel<\/li>\n<li>d&rsquo;un pot de terre ou de terreau<\/li>\n<li>de graines (les graines de tournesol sont id\u00e9ales, car elles sont assez grosses pour \u00eatre manipul\u00e9es ais\u00e9ment ; mais en r\u00e9alit\u00e9, toutes graines qui poussent facilement le sont aussi, et si vous utilisez des plantes comestibles, comme le cresson ou la luzerne, en bonus vous pourrez consommer vos \u00ab r\u00e9sultats \u00bb et les assimilerez une fois qu\u2019ils auront germ\u00e9.)<\/li>\n<\/ul>\n<p style=\"text-align: justify;\" align=\"justify\">Allumez l\u2019encens et les bougies.<\/p>\n<p style=\"text-align: justify;\">Projetez le cercle si vous le souhaitez.<\/p>\n<p style=\"text-align: justify;\">\u00c9rigez l\u2019\u00e9nergie, puis invitez la D\u00e9esse sous son aspect de Jeune Fille et demandez sa b\u00e9n\u00e9diction pour votre travail (vous pouvez utiliser l\u2019invocation ci-dessus ou inventez la v\u00f4tre).<\/p>\n<p style=\"text-align: justify;\">Asseyez-vous confortablement et visualisez le but que vous avez \u00e0 l\u2019esprit\u00a0; essayez de le voir tel que vous voulez qu\u2019il soit, encore qu\u2019il faille laisser un peu de marge pour que les choses trouvent les meilleures voies de manifestations. Voyez votre vie telle qu\u2019elle sera lorsque de nouvelles situations se produiront.<\/p>\n<p style=\"text-align: justify;\">Lorsque vous \u00eates clair avec ce que vous demandez, prenez une poign\u00e9e de graines et tenez-les en coupe dans vos mains, visualisez fortement votre but \u00e0 ce moment.<\/p>\n<p style=\"text-align: justify;\">Semez les graines, une par une, dans un pot de terre (ou prenez une pinc\u00e9e de minuscules graines, comme celles du cresson), puis envoyez de l\u2019\u00e9nergie par le biais de votre baguette ou votre atham\u00e9 dans ce pot ou tenez ce pot dans vos mains et visualisez une lumi\u00e8re brillante s\u2019\u00e9couler dans la terre depuis les paumes de vos mains. \u00ab\u00a0Voyez\u00a0\u00bb le pot rempli de la verte et fra\u00eeche croissance. Dites\u00a0:<\/p>\n<blockquote>\n<p style=\"text-align: justify;\"><strong>\u00ab\u00a0Comme ces graines croissent, puisse mon souhait devenir r\u00e9alit\u00e9.<\/strong><br \/>\n<strong> Sans blesser personne, ainsi soit fait.\u00a0\u00bb<br \/>\n<\/strong><\/p>\n<\/blockquote>\n<p style=\"text-align: justify;\">Placez le pot de graines dans un endroit bien \u00e9clair\u00e9 jusqu\u2019\u00e0 ce qu\u2019elles germent et puissent \u00eatre plant\u00e9es ou, durant l\u2019hiver, \u00eatre assez grandes pour \u00eatre mises en pot individuel. La magie des graines est symbolique, alors pas de panique si vos graines ne poussent pas pour quelque raison que se soit\u2026 Cela ne signifie pas que votre sortil\u00e8ge a \u00e9chou\u00e9.<\/p>\n<ul>\n<li style=\"text-align: justify;\"><a href=\"https:\/\/www.le-sidh.org\/wicca\/esbat\/esbat-le-premier-quartier-de-lune\/\" target=\"_blank\" rel=\"noopener noreferrer\"><strong>Suite : le premier quartier.<\/strong><\/a><\/li>\n<\/ul>\n","protected":false},"excerpt":{"rendered":"<p>Par Elen Hawke. Extrait du livre \u00ab\u00a0The Sacred Round\u00a0\u00bb. Traduction &amp; adaptation Lune Introduction Nouvelle lune (texte ci-dessous) Premier quartier Pleine lune La nouvelle Lune Lorsque nous entrons dans la phase de la nouvelle lune, la lune elle-m\u00eame est invisible. Cependant, lorsqu\u2019elle passe de d\u00e9croissante\/noire \u00e0 noire\/nouvelle, il est possible de ressentir le changement d\u2019\u00e9nergie\u00a0:&#8230;<\/p>\n","protected":false},"author":2,"featured_media":6068,"parent":34,"menu_order":1,"comment_status":"closed","ping_status":"closed","template":"silo.php","meta":{"footnotes":""},"class_list":["post-244","page","type-page","status-publish","has-post-thumbnail","hentry"],"_links":{"self":[{"href":"https:\/\/www.le-sidh.org\/wicca\/wp-json\/wp\/v2\/pages\/244","targetHints":{"allow":["GET"]}}],"collection":[{"href":"https:\/\/www.le-sidh.org\/wicca\/wp-json\/wp\/v2\/pages"}],"about":[{"href":"https:\/\/www.le-sidh.org\/wicca\/wp-json\/wp\/v2\/types\/page"}],"author":[{"embeddable":true,"href":"https:\/\/www.le-sidh.org\/wicca\/wp-json\/wp\/v2\/users\/2"}],"replies":[{"embeddable":true,"href":"https:\/\/www.le-sidh.org\/wicca\/wp-json\/wp\/v2\/comments?post=244"}],"version-history":[{"count":9,"href":"https:\/\/www.le-sidh.org\/wicca\/wp-json\/wp\/v2\/pages\/244\/revisions"}],"predecessor-version":[{"id":6379,"href":"https:\/\/www.le-sidh.org\/wicca\/wp-json\/wp\/v2\/pages\/244\/revisions\/6379"}],"up":[{"embeddable":true,"href":"https:\/\/www.le-sidh.org\/wicca\/wp-json\/wp\/v2\/pages\/34"}],"wp:featuredmedia":[{"embeddable":true,"href":"https:\/\/www.le-sidh.org\/wicca\/wp-json\/wp\/v2\/media\/6068"}],"wp:attachment":[{"href":"https:\/\/www.le-sidh.org\/wicca\/wp-json\/wp\/v2\/media?parent=244"}],"curies":[{"name":"wp","href":"https:\/\/api.w.org\/{rel}","templated":true}]}}