{"id":2,"date":"2014-07-13T09:44:08","date_gmt":"2014-07-13T07:44:08","guid":{"rendered":"http:\/\/www.le-sidh.org\/wicca\/?page_id=2"},"modified":"2020-06-27T16:09:54","modified_gmt":"2020-06-27T14:09:54","slug":"le-sidh","status":"publish","type":"page","link":"https:\/\/www.le-sidh.org\/wicca\/le-sidh\/","title":{"rendered":"\u00c0 propos"},"content":{"rendered":"<p style=\"text-align: justify;\">Les Portes du Sidh sont n\u00e9es en 2002 de l\u2019envie d\u2019apprendre et de partager sur le th\u00e8me de la Wicca, une tradition spirituelle et sorci\u00e8re qui nous vient d\u2019Angleterre. Le Sidh a tout d&rsquo;abord pris la forme d&rsquo;une mailing-list \u00e0 Samhain 2002 pour rapidement devenir un site \u00e0 Beltane 2003.<\/p>\n<p style=\"text-align: justify;\">Aujourd\u2019hui, le site regroupe un grand nombre de traductions d\u2019auteurs c\u00e9l\u00e8bres et de textes originaux sur cette tradition et bien d\u2019autres (le core-chamanisme, la sorcellerie contemporaine, Reclaiming, le reiki, le tantra, la chaos magick, etc.)<\/p>\n<p style=\"text-align: justify;\">La diversit\u00e9 du contenu partag\u00e9 sur le Sidh peut susciter une certaine confusion. Nous souhaitons donc pr\u00e9ciser une chose importante. Ce n\u2019est pas parce qu\u2019une traduction est sur le Sidh que nous partageons totalement le point de vue de son auteur. Parfois, nous traduisons un texte parce qu\u2019il d\u00e9veloppe quelques id\u00e9es int\u00e9ressantes. Mais ce m\u00eame texte exprime \u00e9galement des id\u00e9es que nous ne partageons pas.<\/p>\n<p style=\"text-align: justify;\">Certains textes ont un int\u00e9r\u00eat purement historique. Ils permettent de comprendre comment la wicca s\u2019est d\u00e9velopp\u00e9e. Par exemple, les fondateurs de la wicca prenaient les th\u00e9ories de Margaret Murray au s\u00e9rieux. Ils pensaient qu\u2019il existait une religion sorci\u00e8re propag\u00e9e depuis l\u2019antiquit\u00e9. Cette croyance est aujourd\u2019hui d\u00e9pass\u00e9e. Mais sans elle, la wicca n\u2019aurait jamais vu le jour. C\u2019est pour cela qu\u2019il est int\u00e9ressant de conna\u00eetre le point de vue des fondateurs de la wicca, m\u00eame lorsqu\u2019il est d\u00e9mod\u00e9.<\/p>\n<p style=\"text-align: justify;\">Il faut \u00e9galement apprendre \u00e0 faire la diff\u00e9rence entre le folklore et la r\u00e9alit\u00e9 de la pratique. De nombreux articles sur le Sidh sont purement folkloriques. Ce contenu est stimulant pour l\u2019imaginaire. Mais il n\u2019est pas d\u2019une grande efficacit\u00e9 pratique. C\u2019est par exemple le cas du folklore f\u00e9erique. Seul, il ne sera pas suffisant pour entretenir des relations r\u00e9guli\u00e8res avec les f\u00e9es. Pour cela, le voyage au tambour (par exemple) est plus efficace. Mais le folklore f\u00e9erique enrichira votre imaginaire.<\/p>\n<p style=\"text-align: justify;\">Le Sidh vous propose de l\u2019information brute. C\u2019est \u00e0 vous de forger votre point de vue et de faire le tri entre pratiques, folklore, superstitions, croyances d\u00e9su\u00e8tes\u2026<\/p>\n<p style=\"text-align: justify;\">Merci \u00e0 tous les sorciers et sorci\u00e8res passionn\u00e9s qui ont particip\u00e9 au Sidh et qui y participent encore ponctuellement.<\/p>\n<p style=\"text-align: justify;\">Il vous est possible de suivre les mises \u00e0 jour du site sur notre <a href=\"https:\/\/www.facebook.com\/pages\/Les-Portes-du-Sidh\/368497890877?ref_type=bookmark\" target=\"_blank\" rel=\"noopener noreferrer\">page Facebook<\/a>.<\/p>\n<p><img decoding=\"async\" src=\"https:\/\/www.le-sidh.org\/wicca\/wp-content\/uploads\/2014\/08\/chaudron-et-fioles.jpg\" \/><\/p>\n","protected":false},"excerpt":{"rendered":"<p>Les Portes du Sidh sont n\u00e9es en 2002 de l\u2019envie d\u2019apprendre et de partager sur le th\u00e8me de la Wicca, une tradition spirituelle et sorci\u00e8re qui nous vient d\u2019Angleterre. Le Sidh a tout d&rsquo;abord pris la forme d&rsquo;une mailing-list \u00e0 Samhain 2002 pour rapidement devenir un site \u00e0 Beltane 2003. Aujourd\u2019hui, le site regroupe un&#8230;<\/p>\n","protected":false},"author":1,"featured_media":0,"parent":0,"menu_order":0,"comment_status":"closed","ping_status":"closed","template":"","meta":{"footnotes":""},"class_list":["post-2","page","type-page","status-publish","hentry"],"_links":{"self":[{"href":"https:\/\/www.le-sidh.org\/wicca\/wp-json\/wp\/v2\/pages\/2","targetHints":{"allow":["GET"]}}],"collection":[{"href":"https:\/\/www.le-sidh.org\/wicca\/wp-json\/wp\/v2\/pages"}],"about":[{"href":"https:\/\/www.le-sidh.org\/wicca\/wp-json\/wp\/v2\/types\/page"}],"author":[{"embeddable":true,"href":"https:\/\/www.le-sidh.org\/wicca\/wp-json\/wp\/v2\/users\/1"}],"replies":[{"embeddable":true,"href":"https:\/\/www.le-sidh.org\/wicca\/wp-json\/wp\/v2\/comments?post=2"}],"version-history":[{"count":17,"href":"https:\/\/www.le-sidh.org\/wicca\/wp-json\/wp\/v2\/pages\/2\/revisions"}],"predecessor-version":[{"id":7962,"href":"https:\/\/www.le-sidh.org\/wicca\/wp-json\/wp\/v2\/pages\/2\/revisions\/7962"}],"wp:attachment":[{"href":"https:\/\/www.le-sidh.org\/wicca\/wp-json\/wp\/v2\/media?parent=2"}],"curies":[{"name":"wp","href":"https:\/\/api.w.org\/{rel}","templated":true}]}}