{"id":183,"date":"2014-07-15T17:30:28","date_gmt":"2014-07-15T15:30:28","guid":{"rendered":"http:\/\/www.le-sidh.org\/wicca\/?page_id=183"},"modified":"2015-05-03T11:13:16","modified_gmt":"2015-05-03T09:13:16","slug":"esbat-sans-outils","status":"publish","type":"page","link":"https:\/\/www.le-sidh.org\/wicca\/esbat\/esbat-sans-outils\/","title":{"rendered":"Esbat sans outils"},"content":{"rendered":"<p style=\"text-align: center;\"><strong>Esbat sans outils<\/strong><\/p>\n<p style=\"text-align: center;\">Par Blackcat \u00a9, traduction Lune<\/p>\n<figure id=\"attachment_1180\" aria-describedby=\"caption-attachment-1180\" style=\"width: 332px\" class=\"wp-caption alignleft\"><a href=\"https:\/\/www.le-sidh.org\/wicca\/wp-content\/uploads\/2014\/07\/saule-et-lune.jpg\"><img loading=\"lazy\" decoding=\"async\" class=\"size-full wp-image-1180\" src=\"https:\/\/www.le-sidh.org\/wicca\/wp-content\/uploads\/2014\/07\/saule-et-lune.jpg\" alt=\"La lune et le saule. Photo par Lune\" width=\"332\" height=\"500\" srcset=\"https:\/\/www.le-sidh.org\/wicca\/wp-content\/uploads\/2014\/07\/saule-et-lune.jpg 332w, https:\/\/www.le-sidh.org\/wicca\/wp-content\/uploads\/2014\/07\/saule-et-lune-199x300.jpg 199w\" sizes=\"auto, (max-width: 332px) 100vw, 332px\" \/><\/a><figcaption id=\"caption-attachment-1180\" class=\"wp-caption-text\">La lune et le saule. Photo par Lune<\/figcaption><\/figure>\n<p style=\"text-align: justify;\">Trouvez un endroit au calme dans la nature o\u00f9 vous ne serez pas d\u00e9rang\u00e9. C&rsquo;est id\u00e9alement au grand air et cela peut \u00eatre dans votre propre jardin ou dans le parc voisin. Souvenez-vous, la sorcellerie est avant tout un travail sur les cycles et \u00e9nergies naturels de la terre et de la Lune. Connectez vous \u00e0 ces \u00e9nergies sur le plan \u00e9motionnel, qui active les plans astraux. Vous pourrez vous connecter \u00e0 une d\u00e9it\u00e9 dans vos rites en apportant un autre niveau d&rsquo;\u00e9nergie et de conscience, ou vous pourrez le garder simple et direct. C&rsquo;est une des clefs fortes de la sorcellerie comparativement \u00e0 d&rsquo;autres types de syst\u00e8mes magicks.<\/p>\n<p style=\"text-align: justify;\">Sortez la nuit lorsque et o\u00f9 vous pourrez voir la Pleine Lune sans \u00eatre d\u00e9rang\u00e9. Bien s\u00fbr, si vous \u00eates dans un lieu public, soyez inform\u00e9 des heures l\u00e9gales d&rsquo;ouverture et attentif aux alentours pour votre propre s\u00e9curit\u00e9. Les sorci\u00e8res sont des gens de savoir, alors s&rsquo;il vous pla\u00eet, utilisez votre bon sens.<\/p>\n<p style=\"text-align: justify;\">Assurez-vous de ne pas \u00eatre observ\u00e9. Fixez la Lune et permettez \u00e0 toutes vos pens\u00e9es de la journ\u00e9e et \u00e0 votre voyage (qui vous a permis d&rsquo;arriver l\u00e0) de vous quitter et de retourner \u00e0 la terre. Vous pourrez revenir \u00e0 vos responsabilit\u00e9s plus tard. Pour le moment, ne pensez \u00e0 rien d&rsquo;autre qu&rsquo;\u00e0 la Lune au-dessus. Permettez \u00e0 la lumi\u00e8re de vous inonder. Ressentez combien la qualit\u00e9 de cette froide lumi\u00e8re argent\u00e9e diff\u00e8re de la chaude lumi\u00e8re dor\u00e9e du Soleil direct.<\/p>\n<p style=\"text-align: justify;\">Avec l&rsquo;index, vous serez plus \u00e0 l&rsquo;aise pour tracer un cercle autour de vous sur le sol, dans les feuilles ou sur l&rsquo;herbe ou la terre. Visualisez l&rsquo;\u00e9nergie se d\u00e9placer au-dessus et au-dessous de vous comme si vous \u00e9tiez dans une sph\u00e8re. Voyez cette sph\u00e8re comme un contenant et un espace s\u00fbr.<\/p>\n<p style=\"text-align: justify;\">Invitez les \u00e9l\u00e9ments. Ramassez une poign\u00e9e de terre ou de feuilles mortes. Sentez les feuilles ; ressentez-les. Prenez trois respirations profondes et pr\u00eatez attention \u00e0 l&rsquo;air, ou ouvrez-vous \u00e0 la brise, bras ouverts. S&rsquo;il pleut, ressentez la pluie ; attrapez quelques gouttes de pluie avec votre langue. Si vous \u00eates pr\u00eat d&rsquo;un plan d&rsquo;eau, mettez votre main dans l&rsquo;eau et gouttez-en quelques gouttes ; sinon, salivez et d\u00e9glutissez. Pour le feu, placez vos mains sur votre cou et sentez la chaleur. Sentez le pouls battre dans votre jugulaire ou votre poignet. Vous n&rsquo;\u00eates pas seulemnt votre plus grand outil ; vous contenez \u00e9galement tous les \u00e9l\u00e9ments.<\/p>\n<p style=\"text-align: justify;\">Fixez les \u00e9toiles et le clair de lune. Visualisez-vous heureux et en bonne sant\u00e9. Voyez-vous en train de sourire et satisfait, ayant atteint votre but si vous en avez un sp\u00e9cifique ; sinon soyez simplement dans un \u00e9quilibre heureux. Cr\u00e9ez un boule d&rsquo;\u00e9nergie devant vous en la visualisant venir \u00e0 vous. Regardez la Lune bien haut, au-dessus, de vous et le Clair de Lune descendre, connecter et irradier votre boule d&rsquo;\u00e9nergie de douces \u00e9tincelles resplendissantes de b\u00e9n\u00e9dictions lunaires. Rapportez cette boule en vous-m\u00eame, tout en gardant \u00e0 l&rsquo;esprit votre intention et en vous visualisant dans l&rsquo;\u00e9quilibre, envoyez imm\u00e9diatement l&rsquo;\u00e9nergie enti\u00e8re au sol. Plantez votre d\u00e9sir en terre. Laissez le partir r\u00e9ellement. J&rsquo;\u00e9prouve, habituellement, un fort picotement ou m\u00eame un frison lorsque l&rsquo;\u00e9nergie passe \u00e0 la terre, en sortant de moi. Agissez physiquement pour sceller le charme. Vous pourrez taper dans les mains ou utiliser votre index pour dessiner un pentacle ou trois croix (\u00e0 bras \u00e9gaux) dans les airs devant vous ; vous pourrez dire un \u00ab\u00a0Ainsi soit fait !\u00a0\u00bb<\/p>\n<p style=\"text-align: justify;\">A pr\u00e9sent, asseyez-vous ou penchez-vous et envoyez au sol tout \u00e9nergie subsistante &#8211; mettez votre front sur la terre. Soyez reconnaissant envers l&rsquo;univers et soyez satisfait.<\/p>\n<p style=\"text-align: justify;\">D\u00e9fa\u00eetes votre cercle en balayant doucement toutes marques vous aurez laiss\u00e9. Quittez ce lieu sp\u00e9cial et ne regardez pas en arri\u00e8re ! Vous pouvez fixer \u00e0 nouveau la Lune seulement apr\u00e8s que vous ayez quitt\u00e9 le parc ou la clairi\u00e8re. S\u00e2chez que votre intention reviendra pour passer par le prochain cycle lunaire.<\/p>\n<p style=\"text-align: justify;\">De tous les supports, que ce soient d&rsquo;antiques grimoires, des herbes rares import\u00e9es, ou des outils rituels fait main, il n&rsquo;y a qu&rsquo;un seul outil requis et vraiment n\u00e9cessaire pour faire de la magick. Cet outil, c&rsquo;est vous-m\u00eame.<\/p>\n<p style=\"text-align: justify;\">NdlT : Article provenant du tr\u00e8s bon site \/ e-zine : http:\/\/www.widdershins.org<\/p>\n","protected":false},"excerpt":{"rendered":"<p>Esbat sans outils Par Blackcat \u00a9, traduction Lune Trouvez un endroit au calme dans la nature o\u00f9 vous ne serez pas d\u00e9rang\u00e9. C&rsquo;est id\u00e9alement au grand air et cela peut \u00eatre dans votre propre jardin ou dans le parc voisin. Souvenez-vous, la sorcellerie est avant tout un travail sur les cycles et \u00e9nergies naturels de&#8230;<\/p>\n","protected":false},"author":2,"featured_media":0,"parent":34,"menu_order":0,"comment_status":"closed","ping_status":"closed","template":"","meta":{"footnotes":""},"class_list":["post-183","page","type-page","status-publish","hentry"],"_links":{"self":[{"href":"https:\/\/www.le-sidh.org\/wicca\/wp-json\/wp\/v2\/pages\/183","targetHints":{"allow":["GET"]}}],"collection":[{"href":"https:\/\/www.le-sidh.org\/wicca\/wp-json\/wp\/v2\/pages"}],"about":[{"href":"https:\/\/www.le-sidh.org\/wicca\/wp-json\/wp\/v2\/types\/page"}],"author":[{"embeddable":true,"href":"https:\/\/www.le-sidh.org\/wicca\/wp-json\/wp\/v2\/users\/2"}],"replies":[{"embeddable":true,"href":"https:\/\/www.le-sidh.org\/wicca\/wp-json\/wp\/v2\/comments?post=183"}],"version-history":[{"count":6,"href":"https:\/\/www.le-sidh.org\/wicca\/wp-json\/wp\/v2\/pages\/183\/revisions"}],"predecessor-version":[{"id":2066,"href":"https:\/\/www.le-sidh.org\/wicca\/wp-json\/wp\/v2\/pages\/183\/revisions\/2066"}],"up":[{"embeddable":true,"href":"https:\/\/www.le-sidh.org\/wicca\/wp-json\/wp\/v2\/pages\/34"}],"wp:attachment":[{"href":"https:\/\/www.le-sidh.org\/wicca\/wp-json\/wp\/v2\/media?parent=183"}],"curies":[{"name":"wp","href":"https:\/\/api.w.org\/{rel}","templated":true}]}}