{"id":1551,"date":"2014-09-08T10:47:04","date_gmt":"2014-09-08T08:47:04","guid":{"rendered":"http:\/\/www.le-sidh.org\/wicca\/?page_id=1551"},"modified":"2021-09-20T14:00:59","modified_gmt":"2021-09-20T12:00:59","slug":"lune-des-moissons","status":"publish","type":"page","link":"https:\/\/www.le-sidh.org\/wicca\/esbat\/lune-des-moissons\/","title":{"rendered":"Lune des Moissons"},"content":{"rendered":"<p style=\"text-align: justify;\">Lune des Moissons, Lune du Vin par <a href=\"http:\/\/www.amazon.fr\/Wheel-Year-Living-Magical-Life-ebook\/dp\/B003L77BX8\/ref=sr_1_1?ie=UTF8&amp;qid=1406726411&amp;sr=8-1&amp;keywords=Wheel+of+the+Year+campanelli\" target=\"_blank\" rel=\"noopener noreferrer\">Pauline Campanelli<\/a>, traduction Lune.<\/p>\n<p style=\"text-align: justify;\">Comme le vin \u00e9tait, et reste, un v\u00e9ritable fluide sacr\u00e9, les pa\u00efens du temps jadis appel\u00e8rent ce mois lunaire : la lune de vin.<\/p>\n<p style=\"text-align: justify;\">Alors que vous c\u00e9l\u00e9brez la nuit de la pleine lune du vin et dansez la ronde magique dans le cercle sous le clair de lune, versez du vin blanc dans une coupe d&rsquo;argent.<\/p>\n<p style=\"text-align: justify;\">Avant que le rite ne se termine, si cela est possible, faites refl\u00e9ter la lune dans la coupe, puis buvez une gorg\u00e9e.<\/p>\n<p style=\"text-align: justify;\">Tandis que le vin b\u00e9ni par la lune distille sa lumi\u00e8re int\u00e9rieure, asseyez-vous tranquillement et ressentez votre propre esprit, dont le vin est un symbole. Tandis que votre corps reste immobile et que votre esprit s&rsquo;\u00e9l\u00e8ve, ressentez en cette nuit empreinte de magie cette sorte de transformation qui se produit durant la v\u00e9ritable initiation spirituelle.<\/p>\n<p style=\"text-align: justify;\">Aujourd&rsquo;hui, le terme de Lune des Moissons est donn\u00e9 \u00e0 la pleine lune la plus proche de l\u2019\u00e9quinoxe d&rsquo;automne. C&rsquo;est, dit-on, parce qu&rsquo;en d&rsquo;autres temps les r\u00e9coltes \u00e9taient effectu\u00e9es manuellement, alors que les jours raccourcissaient, les fermiers pouvaient travailler tard dans la nuit sous sa clart\u00e9.<\/p>\n<p style=\"text-align: justify;\"><em>Extrait du livre \u00ab\u00a0Wheel of the Year, living the magical life\u00a0\u00bb.<\/em><\/p>\n","protected":false},"excerpt":{"rendered":"<p>Lune des Moissons, Lune du Vin par Pauline Campanelli, traduction Lune. Comme le vin \u00e9tait, et reste, un v\u00e9ritable fluide sacr\u00e9, les pa\u00efens du temps jadis appel\u00e8rent ce mois lunaire : la lune de vin. Alors que vous c\u00e9l\u00e9brez la nuit de la pleine lune du vin et dansez la ronde magique dans le cercle&#8230;<\/p>\n","protected":false},"author":2,"featured_media":7562,"parent":34,"menu_order":0,"comment_status":"closed","ping_status":"closed","template":"silo.php","meta":{"footnotes":""},"class_list":["post-1551","page","type-page","status-publish","has-post-thumbnail","hentry"],"_links":{"self":[{"href":"https:\/\/www.le-sidh.org\/wicca\/wp-json\/wp\/v2\/pages\/1551","targetHints":{"allow":["GET"]}}],"collection":[{"href":"https:\/\/www.le-sidh.org\/wicca\/wp-json\/wp\/v2\/pages"}],"about":[{"href":"https:\/\/www.le-sidh.org\/wicca\/wp-json\/wp\/v2\/types\/page"}],"author":[{"embeddable":true,"href":"https:\/\/www.le-sidh.org\/wicca\/wp-json\/wp\/v2\/users\/2"}],"replies":[{"embeddable":true,"href":"https:\/\/www.le-sidh.org\/wicca\/wp-json\/wp\/v2\/comments?post=1551"}],"version-history":[{"count":9,"href":"https:\/\/www.le-sidh.org\/wicca\/wp-json\/wp\/v2\/pages\/1551\/revisions"}],"predecessor-version":[{"id":9584,"href":"https:\/\/www.le-sidh.org\/wicca\/wp-json\/wp\/v2\/pages\/1551\/revisions\/9584"}],"up":[{"embeddable":true,"href":"https:\/\/www.le-sidh.org\/wicca\/wp-json\/wp\/v2\/pages\/34"}],"wp:featuredmedia":[{"embeddable":true,"href":"https:\/\/www.le-sidh.org\/wicca\/wp-json\/wp\/v2\/media\/7562"}],"wp:attachment":[{"href":"https:\/\/www.le-sidh.org\/wicca\/wp-json\/wp\/v2\/media?parent=1551"}],"curies":[{"name":"wp","href":"https:\/\/api.w.org\/{rel}","templated":true}]}}