{"id":148,"date":"2014-07-15T15:45:57","date_gmt":"2014-07-15T13:45:57","guid":{"rendered":"http:\/\/www.le-sidh.org\/wicca\/?page_id=148"},"modified":"2014-07-15T16:02:17","modified_gmt":"2014-07-15T14:02:17","slug":"sabbat-de-samhain-hallowmas-bos-alexandrien","status":"publish","type":"page","link":"https:\/\/www.le-sidh.org\/wicca\/sabbats\/samhain\/sabbat-de-samhain-hallowmas-bos-alexandrien\/","title":{"rendered":"Sabbat de Samhain, Hallowmas, BoS Alexandrien"},"content":{"rendered":"<p style=\"text-align: center;\"><strong>Sabbat de Samhain, Hallowmas<\/strong><\/p>\n<p style=\"text-align: center;\"><strong>Tir\u00e9 du BoS Alexandrien (?), traduction Lune<\/strong><\/p>\n<figure id=\"attachment_152\" aria-describedby=\"caption-attachment-152\" style=\"width: 500px\" class=\"wp-caption aligncenter\"><a href=\"https:\/\/www.le-sidh.org\/wicca\/wp-content\/uploads\/2014\/07\/bougie-noire.jpg\"><img loading=\"lazy\" decoding=\"async\" class=\"wp-image-152 size-full\" src=\"https:\/\/www.le-sidh.org\/wicca\/wp-content\/uploads\/2014\/07\/bougie-noire.jpg\" alt=\"\" width=\"500\" height=\"750\" srcset=\"https:\/\/www.le-sidh.org\/wicca\/wp-content\/uploads\/2014\/07\/bougie-noire.jpg 500w, https:\/\/www.le-sidh.org\/wicca\/wp-content\/uploads\/2014\/07\/bougie-noire-200x300.jpg 200w\" sizes=\"auto, (max-width: 500px) 100vw, 500px\" \/><\/a><figcaption id=\"caption-attachment-152\" class=\"wp-caption-text\">Photo par Yumi<\/figcaption><\/figure>\n<p>(H\u00e9misph\u00e8re Nord, 31 Octobre ; H\u00e9misph\u00e8re Sud 30 avril)<\/p>\n<p>Pr\u00e9paration :<\/p>\n<ul>\n<li style=\"text-align: justify;\">Un grand feu au centre.<\/li>\n<li style=\"text-align: justify;\">Deux chandelles noires sur l\u2019autel.<\/li>\n<li style=\"text-align: justify;\">Un chandelle rouge \u00e0 chaque quartier.<\/li>\n<li style=\"text-align: justify;\">Un couronne de fleurs d\u2019automne et la couronne du Dieu Cornu sont pos\u00e9es sur l\u2019autel<\/li>\n<li style=\"text-align: justify;\">Tous les membres du coven sont correctement pr\u00e9par\u00e9s, nus et attach\u00e9s.<\/li>\n<li style=\"text-align: justify;\">Tous sont purifi\u00e9s par le fouet.<\/li>\n<\/ul>\n<p style=\"text-align: justify;\">La Grande Pr\u00eatresse (GPs) \u00e9rige le Cercle. Le Grand Pr\u00eatre (GP) dit :<\/p>\n<blockquote>\n<p style=\"text-align: justify;\">\u00ab O Dieux, aim\u00e9s de nous tous,<br \/>\nB\u00e9nissez ce Sabbat afin que nous,<br \/>\nVos humbles fid\u00e8les,<br \/>\nPuissions nous r\u00e9unir dans l\u2019amour, la joie et le bonheur.<br \/>\nB\u00e9nissez nos rites cette nuit<br \/>\nPar la pr\u00e9sence de nos d\u00e9funts parents. \u00bb<\/p>\n<\/blockquote>\n<p style=\"text-align: justify;\">Face au Nord, bras lev\u00e9s, les membres du coven qui ont toujours les mains attach\u00e9s, se tiennent en demi-cercle derri\u00e8re le GP qui invoque le Dieu Cornu :<\/p>\n<p style=\"text-align: justify;\">La GPs soul\u00e8ve la baguette de Priape, puis conduit le Coven \u00e0 travers \u00ab la meeting dance \u00bb[1], doucement, puis vers la Rune des Sorci\u00e8res. Le GP donne \u00e0 chacun une bougie non allum\u00e9e et ferme la danse. Chaque bougie est allum\u00e9e avec le grand feu avant de r\u00e9aliser la spirale invers\u00e9e. Lorsque ceci est fait, la GPs se tient dans la position de la D\u00e9esse et dit :<\/p>\n<blockquote>\n<p style=\"text-align: justify;\">\u00ab Effroyable Seigneur des Ombres,<br \/>\nDieu de Vie et Pourvoyeur de Mort !<br \/>\nTe conna\u00eetre c\u2019est conna\u00eetre la Mort,<br \/>\nOuvre grand, Je t\u2019en prie,<br \/>\nLes portes que tous doivent franchir,<br \/>\nQue nos chers disparus,<br \/>\nReviennent cette nuit pour se r\u00e9jouir avec nous.<br \/>\nEt lorsque notre temps viendra,<br \/>\nComme il se doit,<br \/>\nO toi celui qui R\u00e9conforte, le Consolateur, le Donneur de paix et de repos,<br \/>\nNous p\u00e9n\u00e9trerons ton royaume heureux et sans peur ;<br \/>\nRepos\u00e9s et vivifi\u00e9s parmi les n\u00f4tres,<br \/>\nNous savons que nous rena\u00eetrons par ta gr\u00e2ce et celle de la Dame, Cerridwen.<br \/>\nQue cela soit au m\u00eame endroit et \u00e0 la m\u00eame \u00e9poque que nos \u00eatres chers, et puissions-nous nous rencontrer, nous conna\u00eetre, nous souvenir et nous aimer \u00e0 nouveau !<br \/>\nDescends, nous t\u2019en prions, dans le corps de ton Grand Pr\u00eatre et Serviteur, [Nom du GP] \u00bb<\/p>\n<\/blockquote>\n<p style=\"text-align: justify;\">La Grande Pr\u00eatresse va vers le Grand Pr\u00eatre et, avec la baguette, dessine l\u2019\u00e9toile \u00e0 cinq branches sur son torse et sur la couronne du Dieu Cornu. Le Grand Pr\u00eatre s\u2019agenouille et la Grande Pr\u00eatresse place la couronne sur sa t\u00eate. Du nouvel encens est jet\u00e9 dans l\u2019encensoir. La GPs fait tinter la cloche et le GP dit :<\/p>\n<p style=\"text-align: justify;\">GP :<\/p>\n<blockquote>\n<p style=\"text-align: justify;\">\u00ab Ecoutez mes sorci\u00e8res,<br \/>\nBienvenue \u00e0 notre Grand Sabbat.<br \/>\nAccueillons les esprits<br \/>\nDe nos parents disparus \u00bb.<\/p>\n<\/blockquote>\n<p style=\"text-align: justify;\">La GPs fait tinter la cloche. Les sorci\u00e8res marche doucement autour du Cercle.<\/p>\n<p style=\"text-align: justify;\">La Grande Pr\u00eatresse remplit le calice avec le vin et le tend au GP qui boit et dit ensuite :<\/p>\n<p style=\"text-align: justify;\">GP :<\/p>\n<blockquote>\n<p style=\"text-align: justify;\">\u00ab En toute humilit\u00e9, comme le demande le Cornu,<br \/>\nJ\u2019offre ma boisson sorci\u00e8re. \u00bb<\/p>\n<\/blockquote>\n<p style=\"text-align: justify;\">Le GP tend le calice \u00e0 la premi\u00e8re sorci\u00e8re, en le lui donnant de sa main droite tandis qu\u2019il prend la petite bougie t\u00e9moin de sa main gauche (un baiser), puis en \u00e9teignant la petite bougie t\u00e9moin avant d\u2019accepter de reprendre le calice. R\u00e9p\u00e9tez avec chaque sorci\u00e8re pr\u00e9sente. Le Grand Pr\u00eatre dit ensuite :<\/p>\n<blockquote>\n<p style=\"text-align: justify;\">\u00ab Ecoutez, mes sorci\u00e8res, les mots du Cornu,<br \/>\nBuvez, Dansez et r\u00e9jouissez-vous en la pr\u00e9sence<br \/>\nDes Anciens Dieux et des esprits de nos parents disparus \u00bb.<\/p>\n<\/blockquote>\n<p style=\"text-align: justify;\">Les membres du coven partagent les g\u00e2teaux et le vin.<\/p>\n<p style=\"text-align: justify;\">Danses et jeux suivent, dans le cercle ferm\u00e9.<\/p>\n<p style=\"text-align: justify;\">Grand Rite si possible effectu\u00e9 par la Grande Pr\u00eatresse et le Grand Pr\u00eatre ou par d\u2019autres.<\/p>\n<p style=\"text-align: justify;\">Merry Meet, Merry Part.<\/p>\n<p style=\"text-align: justify;\">________________<\/p>\n<p style=\"text-align: justify;\">[1] Meeting Dance<\/p>\n<p style=\"text-align: justify;\">La Jeune fille (Maiden) doit diriger. Un homme doit placer ses mains autour de sa taille, debout derri\u00e8re elle. Puis hommes et femmes, altern\u00e9s, font de m\u00eame. La Jeune Fille (Maiden) conduit et tous dansent en la suivant. Elle les conduit enfin en une spirale dextrogyre. Lorsque le centre est atteint (et il faut mieux le marquer d\u2019une pierre), elle se retourne soudainement et danse dans l\u2019autre sens, en embrassant chaque homme qui vient \u00e0 sa rencontre. Tous les hommes et toutes les femmes se tournent de m\u00eame et dansent en sens inverse, les hommes embrassent les femmes et les femmes embrassent les hommes. Tous au rythme de la musique, c\u2019est un jeu joyeux mais qui demande de la pratique pour \u00eatre r\u00e9ussi. Notez que le musicien doit observer les danseurs et en fonction il doit jouer de la musique rapidement ou lentement. Pour les d\u00e9butants, elle devra \u00eatre lente, sinon il y aura confusion. Cette danse est excellente pour faire se conna\u00eetre les gens au cours de grandes assembl\u00e9es.<\/p>\n","protected":false},"excerpt":{"rendered":"<p>Sabbat de Samhain, Hallowmas Tir\u00e9 du BoS Alexandrien (?), traduction Lune (H\u00e9misph\u00e8re Nord, 31 Octobre ; H\u00e9misph\u00e8re Sud 30 avril) Pr\u00e9paration : Un grand feu au centre. Deux chandelles noires sur l\u2019autel. Un chandelle rouge \u00e0 chaque quartier. Un couronne de fleurs d\u2019automne et la couronne du Dieu Cornu sont pos\u00e9es sur l\u2019autel Tous les&#8230;<\/p>\n","protected":false},"author":2,"featured_media":0,"parent":57,"menu_order":0,"comment_status":"closed","ping_status":"closed","template":"silo.php","meta":{"footnotes":""},"class_list":["post-148","page","type-page","status-publish","hentry"],"_links":{"self":[{"href":"https:\/\/www.le-sidh.org\/wicca\/wp-json\/wp\/v2\/pages\/148","targetHints":{"allow":["GET"]}}],"collection":[{"href":"https:\/\/www.le-sidh.org\/wicca\/wp-json\/wp\/v2\/pages"}],"about":[{"href":"https:\/\/www.le-sidh.org\/wicca\/wp-json\/wp\/v2\/types\/page"}],"author":[{"embeddable":true,"href":"https:\/\/www.le-sidh.org\/wicca\/wp-json\/wp\/v2\/users\/2"}],"replies":[{"embeddable":true,"href":"https:\/\/www.le-sidh.org\/wicca\/wp-json\/wp\/v2\/comments?post=148"}],"version-history":[{"count":4,"href":"https:\/\/www.le-sidh.org\/wicca\/wp-json\/wp\/v2\/pages\/148\/revisions"}],"predecessor-version":[{"id":153,"href":"https:\/\/www.le-sidh.org\/wicca\/wp-json\/wp\/v2\/pages\/148\/revisions\/153"}],"up":[{"embeddable":true,"href":"https:\/\/www.le-sidh.org\/wicca\/wp-json\/wp\/v2\/pages\/57"}],"wp:attachment":[{"href":"https:\/\/www.le-sidh.org\/wicca\/wp-json\/wp\/v2\/media?parent=148"}],"curies":[{"name":"wp","href":"https:\/\/api.w.org\/{rel}","templated":true}]}}