{"id":143,"date":"2014-07-15T15:40:51","date_gmt":"2014-07-15T13:40:51","guid":{"rendered":"http:\/\/www.le-sidh.org\/wicca\/?page_id=143"},"modified":"2019-10-28T11:36:34","modified_gmt":"2019-10-28T09:36:34","slug":"sabbat-de-samhain-par-starhawk","status":"publish","type":"page","link":"https:\/\/www.le-sidh.org\/wicca\/sabbats\/samhain\/sabbat-de-samhain-par-starhawk\/","title":{"rendered":"Sabbat de Samhain par Starhawk"},"content":{"rendered":"<p style=\"text-align: justify;\"><strong>Sabbat de Samhain <\/strong><strong>(Halloween, 31 octobre). <\/strong>Par Starhawk, traduction Lune.<\/p>\n<p style=\"text-align: justify;\"><em>Extrait du chapitre XII The Wheel of the Year,\u00a0<\/em><em><a href=\"http:\/\/www.amazon.fr\/Spiral-Dance-Rebirth-Religion-Anniversary-ebook\/dp\/B005HG4WII\/ref=sr_1_1?ie=UTF8&amp;qid=1405431516&amp;sr=8-1&amp;keywords=spiral+dance\" target=\"_blank\" rel=\"noopener noreferrer\">THE SPIRAL DANCE, a rebirth of the ancient religion of the great Goddess<\/a>\u00a0<\/em><em>\u00a9 STARHAWK, editions Harper San Francisco<\/em><\/p>\n<p style=\"text-align: justify;\"><a href=\"https:\/\/www.le-sidh.org\/wicca\/wp-content\/uploads\/2014\/07\/chouette-citrouille.jpg\"><img loading=\"lazy\" decoding=\"async\" class=\"size-medium wp-image-145 alignleft\" src=\"https:\/\/www.le-sidh.org\/wicca\/wp-content\/uploads\/2014\/07\/chouette-citrouille-240x300.jpg\" alt=\"chouette-citrouille\" width=\"240\" height=\"300\" srcset=\"https:\/\/www.le-sidh.org\/wicca\/wp-content\/uploads\/2014\/07\/chouette-citrouille-240x300.jpg 240w, https:\/\/www.le-sidh.org\/wicca\/wp-content\/uploads\/2014\/07\/chouette-citrouille.jpg 360w\" sizes=\"auto, (max-width: 240px) 100vw, 240px\" \/><\/a>La fin de l\u2019ann\u00e9e \u00e0 Halloween s\u2019ouvre sur la nouvelle ann\u00e9e sorci\u00e8re. Ainsi, dans la fin se situe le commencement, la roue poursuit sa course.<\/p>\n<p style=\"text-align: justify;\">Avant de quitter sa maison pour le rituel, chaque membre du coven d\u00e9pose au-dehors une assiette de g\u00e2teaux, des boissons et allume une bougie en offrande \u00e0 ses chers disparus. On prend le temps de se souvenir de ses proches.<\/p>\n<p style=\"text-align: justify;\">L\u2019autel est d\u00e9cor\u00e9 de feuilles mortes. Une pomme et une grenade y sont d\u00e9pos\u00e9es. Au centre du cercle se trouve une pierre de vision ou bien une boule de cristal.<\/p>\n<p style=\"text-align: justify;\">Une fois le cercle r\u00e9uni (coven), apr\u00e8s une respiration m\u00e9ditative, la grande pr\u00eatresse dit :<\/p>\n<blockquote>\n<p style=\"text-align: justify;\">\u00ab Cette nuit, le Voile qui s\u00e9pare les mondes est le plus fin. C\u2019est la nouvelle ann\u00e9e, lorsque l\u2019ann\u00e9e d\u00e9funte s\u2019ach\u00e8ve, quand les r\u00e9coltes prennent fin et les champs se reposent. Pendant cette nuit, le Roi de l\u2019Ann\u00e9e d\u00e9clinante traverse la mer obscure, la matrice de la M\u00e8re. Il marche vers l\u2019\u00eele Brillante, l\u2019\u0153uf lumineux du monde, devenant la graine de sa propre renaissance. Les Portes de la Vie et de la Mort sont ouvertes. L\u2019enfant Soleil est con\u00e7u. Les morts marchent et le myst\u00e8re est r\u00e9v\u00e9l\u00e9 aux vivants. Cette fin annonce un nouveau d\u00e9part. Nous allons, \u00e0 cette p\u00e9riode en dehors du temps, partout et nulle part, ici et l\u00e0-bas, accueillir le Prince de la Mort, Prince de la Vie et la Triple D\u00e9esse, cercle des renaissances \u00bb.<\/p>\n<\/blockquote>\n<p style=\"text-align: justify;\">Purifiez, formez le cercle et invoquez la D\u00e9esse et le Cornu.<\/p>\n<p style=\"text-align: justify;\">En se tenant par la main, commencez \u00e0 r\u00e9citer ce chant liturgique :<\/p>\n<blockquote>\n<p style=\"text-align: justify;\">\u00ab Le grand froid envahit cette nuit, l\u2019obscurit\u00e9 r\u00e8gne<br \/>\nLa femme vit, expire, meurt<br \/>\nLe grand froid envahit cette nuit, l\u2019obscurit\u00e9 r\u00e8gne<br \/>\nLa Peur vit, expire, meurt<br \/>\nLe grand froid envahit cette nuit, l\u2019obscurit\u00e9 r\u00e8gne \u00bb<br \/>\n(continuez en improvisant)<\/p>\n<\/blockquote>\n<p style=\"text-align: justify;\">Alors que le chant se poursuit, le Pr\u00eatre et la Pr\u00eatresse bandent les yeux de chacun. Un par un, les membres du coven se retirent du cercle puis tournent autour de celui-ci. Ils forment alors une sorte de \u00ab navire \u00bb. Align\u00e9s en un long triangle, les mains sur l\u2019\u00e9paule de l\u2019autre, ils se balancent alors. Le Pr\u00eatre enroule une corde autour des poignets et les attache. Les membres du coven chantent doucement :<\/p>\n<blockquote>\n<p style=\"text-align: justify;\">\u00ab Alors que se tissent les fils d\u2019Argent de la Grande Voile<br \/>\nLes vagues sur la mer sombre<br \/>\ns\u2019entrelacent (r\u00e9p\u00e9tez) \u00bb<\/p>\n<\/blockquote>\n<p style=\"text-align: justify;\">Alors que tous dirigent le \u00ab navire \u00bb, ils r\u00e9p\u00e8tent un mot ou une phrase : \u00ab S\u2019entrelacent \u00bb ou \u00ab les vagues sur la mer sombre\u00bb. De sorte qu\u2019un rythme hypnotique se cr\u00e9e. Ils continuent jusqu\u2019\u00e0 ce que chaque membre soit en transe. Alors, le chant se transforme :<\/p>\n<blockquote>\n<p style=\"text-align: justify;\">\u00ab Sombre chevalier, qu\u00eate fantomatique,<br \/>\nPrince des Deux Mondes,<br \/>\nNavigue vers l\u2019Ouest \u00bb<\/p>\n<\/blockquote>\n<p style=\"text-align: justify;\">Concentrez l\u2019\u00e9nergie (le pouvoir), attendez en silence. Le Pr\u00eatre fait un pas en avant et dit :<\/p>\n<blockquote>\n<p style=\"text-align: justify;\">\u00ab Apercevez le lointain rivage<br \/>\nRegardez la lumi\u00e8re sur les vagues, comme un linceul<br \/>\nUn chemin se dessine<br \/>\nMarchez sur le ressac, marchez vers le rivage<br \/>\nBrisez les cha\u00eenes et soyez libres ! \u00bb<\/p>\n<\/blockquote>\n<p style=\"text-align: justify;\">Chacun se d\u00e9barrasse de la corde qui lie les poignets.<\/p>\n<blockquote>\n<p style=\"text-align: justify;\">\u00ab \u00c0 pr\u00e9sent, il n\u2019y a plus d\u2019entraves<br \/>\nD\u00e9barrassez-vous du voile qui obstrue votre vue ! \u00bb<\/p>\n<\/blockquote>\n<p style=\"text-align: justify;\">Les membres du coven retirent leur bandeau.<\/p>\n<blockquote>\n<p style=\"text-align: justify;\">\u00ab \u00c0 pr\u00e9sent, vos yeux sont ouverts<br \/>\nVous guerroyiez, ici les batailles prennent fin<br \/>\nVous travailliez, ici vos t\u00e2ches se terminent<br \/>\nVous aviez \u00e9t\u00e9 bless\u00e9s, ici vous trouverez la gu\u00e9rison<br \/>\nVous \u00e9tiez las, ici vous trouverez la qui\u00e9tude<br \/>\nVous \u00e9tiez \u00e2g\u00e9s, ici vous rajeunirez<br \/>\nCar ceci est la Terre de la Jeunesse<br \/>\nLa Brillante Terre, l\u2019\u00eele des Pommes<br \/>\nIci les bois ne manquent pas : voici un arbre, le c\u0153ur de la lumi\u00e8re<br \/>\nEt un puits de silence<br \/>\nSombrez, sombrez dans le sommeil, \u00e0 c\u00f4t\u00e9 de ce profond puits vert. \u00bb<\/p>\n<\/blockquote>\n<p style=\"text-align: justify;\">Les membres du coven s\u2019\u00e9tendent et fixent la boule de cristal. Alors s&rsquo;installe une transe collective o\u00f9 tous s&rsquo;exclament, tandis que le Pr\u00eatre continue de d\u00e9clamer :<\/p>\n<blockquote>\n<p style=\"text-align: justify;\">\u00ab Et suivez-le \u2013il est ici-<br \/>\ncelui qui r\u00e9conforte, celui qui console<br \/>\nLe c\u0153ur l\u00e9ger, la tristesse envol\u00e9e<br \/>\nIl est le guide : la porte est ouverte<br \/>\nIl est le guide : le chemin s\u2019\u00e9claire<br \/>\nIl est le guide : la Mort n\u2019est plus un obstacle<br \/>\nPrince de la danse des ombres, Roi du monde des r\u00eaves \u00bb<\/p>\n<\/blockquote>\n<p style=\"text-align: justify;\">Chacun parvient \u00e0 des visions, les explique ou non. Il y faut y accorder un long moment, car c\u2019est la meilleure nuit de l\u2019ann\u00e9e pour la divination. Une fois que tout le monde est revenu de ses visions, le Pr\u00eatre et la Pr\u00eatresse retournent \u00e0 l\u2019autel. Elle prend la grenade dans ses mains et la brandit :<\/p>\n<blockquote>\n<p style=\"text-align: justify;\">\u00ab Regardez ce fruit de Vie \u00bb<\/p>\n<\/blockquote>\n<p style=\"text-align: justify;\">Lui, plonge l\u2019atham\u00e9 dans cette grenade et la d\u00e9coupe en ajoutant :<\/p>\n<blockquote>\n<p style=\"text-align: justify;\">\u00ab Qui est celui de la Mort \u00bb<\/p>\n<\/blockquote>\n<p style=\"text-align: justify;\">La Pr\u00eatresse et le Pr\u00eatre mangent et distribuent les graines \u00e0 tous :<\/p>\n<blockquote>\n<p style=\"text-align: justify;\">\u00ab Go\u00fbtez ces graines de Mort \u00bb<\/p>\n<\/blockquote>\n<p style=\"text-align: justify;\">Le pr\u00eatre brandit alors la pomme :<\/p>\n<blockquote>\n<p style=\"text-align: justify;\">\u00ab Regardez ce fruit de Mort \u00bb<\/p>\n<\/blockquote>\n<p style=\"text-align: justify;\">La pr\u00eatresse coupe la pomme dans le sens transversal et poursuit :<\/p>\n<blockquote>\n<p style=\"text-align: justify;\">\u00ab Qui est celui de la Vie \u00bb<\/p>\n<\/blockquote>\n<p style=\"text-align: justify;\">Elle brandit la pomme afin de montrer le pentacle form\u00e9 par les graines en disant :<\/p>\n<blockquote>\n<p style=\"text-align: justify;\">\u00ab Regardez l\u2019\u00e9toile \u00e0 5 branches de renaissance \u00bb<\/p>\n<\/blockquote>\n<p style=\"text-align: justify;\">Tout le monde go\u00fbte un morceau de cette pomme et boit une gorg\u00e9e (ndlt : de cidre dans la coupe). Ils disent alors :<\/p>\n<blockquote>\n<p style=\"text-align: justify;\">\u00ab Go\u00fbtez le fruit de renaissance et buvez la coupe de la boisson de vie \u00bb<\/p>\n<\/blockquote>\n<p style=\"text-align: justify;\">Tous se prennent les mains et les soul\u00e8vent. La pr\u00eatresse dit :<\/p>\n<p style=\"text-align: justify;\">\u00ab Voici le cercle de renaissance. \u00c0 travers toi (elle s\u2019adresse au pr\u00eatre), tout dispara\u00eet, mais \u00e0 travers moi, tout devrait rena\u00eetre. Tout dispara\u00eet, tout change. La graine devient fruit, le fruit devient graine. \u00c0 la naissance, nous mourrons ; \u00e0 la mort, nous fertilisons. Connais-moi et sois libre de toute peur. Mon ut\u00e9rus est le chaudron de renaissance, en moi, le cercle tourne sans fin \u00bb.<\/p>\n<p style=\"text-align: justify;\">Tous :<\/p>\n<blockquote>\n<p style=\"text-align: justify;\">\u00ab Soyez b\u00e9nis ! \u00bb<\/p>\n<\/blockquote>\n<p style=\"text-align: justify;\">F\u00eatez puis ouvrez le cercle.<\/p>\n","protected":false},"excerpt":{"rendered":"<p>Sabbat de Samhain (Halloween, 31 octobre). Par Starhawk, traduction Lune. Extrait du chapitre XII The Wheel of the Year,\u00a0THE SPIRAL DANCE, a rebirth of the ancient religion of the great Goddess\u00a0\u00a9 STARHAWK, editions Harper San Francisco La fin de l\u2019ann\u00e9e \u00e0 Halloween s\u2019ouvre sur la nouvelle ann\u00e9e sorci\u00e8re. Ainsi, dans la fin se situe le&#8230;<\/p>\n","protected":false},"author":2,"featured_media":0,"parent":57,"menu_order":0,"comment_status":"closed","ping_status":"closed","template":"silo.php","meta":{"footnotes":""},"class_list":["post-143","page","type-page","status-publish","hentry"],"_links":{"self":[{"href":"https:\/\/www.le-sidh.org\/wicca\/wp-json\/wp\/v2\/pages\/143","targetHints":{"allow":["GET"]}}],"collection":[{"href":"https:\/\/www.le-sidh.org\/wicca\/wp-json\/wp\/v2\/pages"}],"about":[{"href":"https:\/\/www.le-sidh.org\/wicca\/wp-json\/wp\/v2\/types\/page"}],"author":[{"embeddable":true,"href":"https:\/\/www.le-sidh.org\/wicca\/wp-json\/wp\/v2\/users\/2"}],"replies":[{"embeddable":true,"href":"https:\/\/www.le-sidh.org\/wicca\/wp-json\/wp\/v2\/comments?post=143"}],"version-history":[{"count":5,"href":"https:\/\/www.le-sidh.org\/wicca\/wp-json\/wp\/v2\/pages\/143\/revisions"}],"predecessor-version":[{"id":7703,"href":"https:\/\/www.le-sidh.org\/wicca\/wp-json\/wp\/v2\/pages\/143\/revisions\/7703"}],"up":[{"embeddable":true,"href":"https:\/\/www.le-sidh.org\/wicca\/wp-json\/wp\/v2\/pages\/57"}],"wp:attachment":[{"href":"https:\/\/www.le-sidh.org\/wicca\/wp-json\/wp\/v2\/media?parent=143"}],"curies":[{"name":"wp","href":"https:\/\/api.w.org\/{rel}","templated":true}]}}