{"id":129,"date":"2014-07-15T15:22:32","date_gmt":"2014-07-15T13:22:32","guid":{"rendered":"http:\/\/www.le-sidh.org\/wicca\/?page_id=129"},"modified":"2014-07-29T15:35:38","modified_gmt":"2014-07-29T13:35:38","slug":"sabbat-de-la-veille-de-novembre-bos-de-gerald-gardner","status":"publish","type":"page","link":"https:\/\/www.le-sidh.org\/wicca\/sabbats\/samhain\/sabbat-de-la-veille-de-novembre-bos-de-gerald-gardner\/","title":{"rendered":"Sabbat de la Veille de Novembre, BoS de Gerald Gardner"},"content":{"rendered":"<p><strong>Sabbat de la\u00a0Veille de Novembre<\/strong><\/p>\n<p>Traduction Lune<\/p>\n<p><em>Tir\u00e9 du BoS de G. B. Gardner, version de 1949<\/em><\/p>\n<p style=\"text-align: justify;\"><a title=\"Le Vieux\" href=\"http:\/\/lune.le-sidh.org\/2013\/11\/26\/livre-monstres-et-merveilles\" target=\"_blank\"><img loading=\"lazy\" decoding=\"async\" class=\"alignleft wp-image-133 size-medium\" src=\"https:\/\/www.le-sidh.org\/wicca\/wp-content\/uploads\/2014\/07\/le-vieux-300x285.jpg\" alt=\"\" width=\"300\" height=\"285\" srcset=\"https:\/\/www.le-sidh.org\/wicca\/wp-content\/uploads\/2014\/07\/le-vieux-300x285.jpg 300w, https:\/\/www.le-sidh.org\/wicca\/wp-content\/uploads\/2014\/07\/le-vieux-800x761.jpg 800w, https:\/\/www.le-sidh.org\/wicca\/wp-content\/uploads\/2014\/07\/le-vieux.jpg 960w\" sizes=\"auto, (max-width: 300px) 100vw, 300px\" \/><\/a>Marcher ou danser lentement, le Magus conduit la Grande Pr\u00eatresse, portant tous les deux la baguette phallique ou le balai, des personnes tiendront des torches ou des bougies.<\/p>\n<p style=\"text-align: justify;\">Chanson sorci\u00e8re ou chant scand\u00e9 :<\/p>\n<blockquote><p>\u00ab Eko, eko, Azarak<br \/>\nEko, eko, Zomelak<br \/>\nBazabi lacha bachabe Lamac cahi achababe<br \/>\nKarrellyos Lamac lamac Bachalyas cabahagy sabalyos<br \/>\nBaryolos Lagoz atha cabyolas<br \/>\nSamahac atha famolas<br \/>\nHurrahya ! \u00bb<\/p><\/blockquote>\n<p>Former le cercle.<\/p>\n<p style=\"text-align: justify;\">La Grande Pr\u00eatresse adopte la positon de la D\u00e9esse.<\/p>\n<p style=\"text-align: justify;\">Le Magus donne le quintuple baiser et est fouett\u00e9.<\/p>\n<p style=\"text-align: justify;\">Tous sont purifi\u00e9s [c\u2019est-\u00e0-dire attach\u00e9s et fouett\u00e9s, 40 coups, comme pendant les rituels d\u2019initiation].<\/p>\n<p style=\"text-align: justify;\">Le Magus adopte la position du Dieu.<\/p>\n<p style=\"text-align: justify;\">La Grande Pr\u00eatresse invoque avec l\u2019Atham\u00e9 :<\/p>\n<blockquote>\n<p style=\"text-align: justify;\">\u00ab Effroyable Seigneur des Ombres,<br \/>\nDieu de Vie et Donneur de Vie.<br \/>\nPourtant, te conna\u00eetre, c&rsquo;est conna\u00eetre la Mort.<br \/>\nOuvre grand, je t\u2019en prie, tes portes \u00e0 travers lesquelles tous doivent passer.<br \/>\nQue nos chers disparus reviennent cette nuit pour se r\u00e9jouir avec nous.<br \/>\nEt lorsque le temps sera venu pour nous,<br \/>\nComme il se doit,<br \/>\n\u00d4 toi, qui r\u00e9confortes, qui consoles, qui donnes paix et repos,<br \/>\nNous p\u00e9n\u00e9trerons tes royaumes, heureux et sans peur.<br \/>\nCar nous savons que lorsque nous nous serons repos\u00e9s et revigor\u00e9s parmi les n\u00f4tres, nous rena\u00eetrons par ta gr\u00e2ce et celle de la Grande M\u00e8re.<\/p>\n<p style=\"text-align: justify;\">Que cela soit au m\u00eame endroit et \u00e0 la m\u00eame \u00e9poque que nos \u00eatres chers, et puissions-nous les rencontrer\u00a0et conna\u00eetre, et les aimer \u00e0 nouveau !<\/p>\n<p style=\"text-align: justify;\">Descends, nous t\u2019en prions, dans le corps de ton Serviteur et Pr\u00eatre (nom).\u00bb<\/p>\n<\/blockquote>\n<p style=\"text-align: justify;\">La Grande Pr\u00eatresse donne le quintuple baiser au Magus.<\/p>\n<p style=\"text-align: justify;\">Initiations s\u2019il y a lieu ; tous les autres sont purifi\u00e9s.<\/p>\n<p style=\"text-align: justify;\">(Note : les couples peuvent se purifier s\u2019ils le veulent).<\/p>\n<p style=\"text-align: justify;\">G\u00e2teaux et Vin.<\/p>\n<p style=\"text-align: justify;\">Le Grand Rite, si c\u2019est possible, soit symbolique soit r\u00e9el.<\/p>\n<p style=\"text-align: justify;\">Renvoi [des gardiens et r\u00e9ouverture du cercle magique ; les gens restent alors pour] festoyer et danser.<\/p>\n","protected":false},"excerpt":{"rendered":"<p>Sabbat de la\u00a0Veille de Novembre Traduction Lune Tir\u00e9 du BoS de G. B. Gardner, version de 1949 Marcher ou danser lentement, le Magus conduit la Grande Pr\u00eatresse, portant tous les deux la baguette phallique ou le balai, des personnes tiendront des torches ou des bougies. Chanson sorci\u00e8re ou chant scand\u00e9 : \u00ab Eko, eko, Azarak&#8230;<\/p>\n","protected":false},"author":2,"featured_media":0,"parent":57,"menu_order":0,"comment_status":"closed","ping_status":"closed","template":"silo.php","meta":{"footnotes":""},"class_list":["post-129","page","type-page","status-publish","hentry"],"_links":{"self":[{"href":"https:\/\/www.le-sidh.org\/wicca\/wp-json\/wp\/v2\/pages\/129","targetHints":{"allow":["GET"]}}],"collection":[{"href":"https:\/\/www.le-sidh.org\/wicca\/wp-json\/wp\/v2\/pages"}],"about":[{"href":"https:\/\/www.le-sidh.org\/wicca\/wp-json\/wp\/v2\/types\/page"}],"author":[{"embeddable":true,"href":"https:\/\/www.le-sidh.org\/wicca\/wp-json\/wp\/v2\/users\/2"}],"replies":[{"embeddable":true,"href":"https:\/\/www.le-sidh.org\/wicca\/wp-json\/wp\/v2\/comments?post=129"}],"version-history":[{"count":9,"href":"https:\/\/www.le-sidh.org\/wicca\/wp-json\/wp\/v2\/pages\/129\/revisions"}],"predecessor-version":[{"id":401,"href":"https:\/\/www.le-sidh.org\/wicca\/wp-json\/wp\/v2\/pages\/129\/revisions\/401"}],"up":[{"embeddable":true,"href":"https:\/\/www.le-sidh.org\/wicca\/wp-json\/wp\/v2\/pages\/57"}],"wp:attachment":[{"href":"https:\/\/www.le-sidh.org\/wicca\/wp-json\/wp\/v2\/media?parent=129"}],"curies":[{"name":"wp","href":"https:\/\/api.w.org\/{rel}","templated":true}]}}