{"id":1197,"date":"2014-08-08T09:23:37","date_gmt":"2014-08-08T07:23:37","guid":{"rendered":"http:\/\/www.le-sidh.org\/wicca\/?page_id=1197"},"modified":"2014-08-08T09:49:35","modified_gmt":"2014-08-08T07:49:35","slug":"reouverture-du-cercle","status":"publish","type":"page","link":"https:\/\/www.le-sidh.org\/wicca\/rituels\/reouverture-du-cercle\/","title":{"rendered":"R\u00e9ouverture du cercle"},"content":{"rendered":"<p style=\"text-align: center;\"><strong>Rituel de cl\u00f4ture : r\u00e9ouverture du cercle<\/strong><br \/>\nPar Janet &amp; Stewart Farrar \u00a9, traduction Lune<\/p>\n<p><a href=\"http:\/\/www.amazon.fr\/Witches-Bible-Complete-Handbook\/dp\/0919345921\/ref=sr_1_5?s=english-books&amp;ie=UTF8&amp;qid=1406561416&amp;sr=1-5&amp;keywords=stewart+farrar\" target=\"_blank\">In Witches\u2019 Bible \u00a9, J. &amp; S. Farrar, \u00e9d. Pho\u00e9nix<\/a><\/p>\n<p><a title=\"Cons\u00e9cration du vin et des g\u00e2teaux\" href=\"https:\/\/www.le-sidh.org\/wicca\/rituels\/consecration-du-cercle\/consecration-du-vin-et-des-gateaux\/\" target=\"_blank\">Texte pr\u00e9c\u00e9dant : cons\u00e9cration du vin et des g\u00e2teaux<\/a><\/p>\n<ul>\n<li><strong>R\u00e9ouverture du Cercle (base de rituel)<\/strong><\/li>\n<\/ul>\n<p style=\"text-align: justify;\">Un cercle magique, une fois projet\u00e9, doit, toujours et sans exception, \u00eatre banni une fois l\u2019occasion ou le but, pour lequel il a \u00e9t\u00e9 lanc\u00e9, termin\u00e9 (1). Il serait malvenu de ne pas remercier et ni de ne pas dire adieu aux entit\u00e9s que vous avez invoqu\u00e9s pour le garder. C\u2019est une mauvaise magie que de cr\u00e9er une barri\u00e8re sur le plan astral et de ne pas la d\u00e9faire, c\u2019est un obstacle abandonn\u00e9 comme un r\u00e2teau en travers d\u2019un sentier de jardin ; et ce serait \u00eatre mauvais psychologue que de croire \u00e0 sa r\u00e9alit\u00e9 et son efficacit\u00e9 puis d\u2019estimer ensuite que ses effets s\u2019annuleront au moment o\u00f9 vous arr\u00eaterez d\u2019y penser.<\/p>\n<p style=\"text-align: justify;\">Strictement parlant, aucune pr\u00e9paration n\u2019est n\u00e9cessaire pour le rituel de bannissement du Cercle ; mais vous devez gardez deux choses \u00e0 l\u2019esprit, pendant votre activit\u00e9 dans le cercle et avant celle-ci.<\/p>\n<p style=\"text-align: justify;\">Premi\u00e8rement, si des objets ont \u00e9t\u00e9 consacr\u00e9s dans le Cercle, il seront r\u00e9unis au m\u00eame endroit \u2013 \u00e0 moins de ne pas oublier chacun d\u2019entre eux \u2013 afin qu\u2019ils puissent \u00eatre choisis et apport\u00e9s par quelqu\u2019un plac\u00e9 derri\u00e8re le coven pendant le bannissement. Effectuer la gestuelle du Bannissement de Pentagramme, sur un objet nouvellement consacr\u00e9, aura un effet neutralisant.<\/p>\n<p style=\"text-align: justify;\">Deuxi\u00e8mement, vous devrez veiller \u00e0 laisser un g\u00e2teau, ou un biscuit, et un peu de vin, qui seront, par la suite, dispers\u00e9s et vers\u00e9s au dehors, en tant qu\u2019offrande \u00e0 la Terre. (Vivant en Irlande, nous suivons la tradition locale en faisait cette offrande de fa\u00e7on l\u00e9g\u00e8rement diff\u00e9rente ; nous laissons deux bols, dehors, sur le rebord d\u2019une fen\u00eatre qui est situ\u00e9e face \u00e0 l\u2019Ouest, pour le Sidhe (prononc\u00e9 \u2018shii\u2019) ou petit peuple de fa\u00ebrie. D\u2019ailleurs, les gens du Sidhe, sont r\u00e9put\u00e9s aimer une cr\u00e8me au beurre \u00e9tal\u00e9e sur les g\u00e2teaux ou biscuit.)<\/p>\n<ul>\n<li><strong>LE RITUEL<\/strong><\/li>\n<\/ul>\n<p style=\"text-align: justify;\">La Grande Pr\u00eatresse se tient face \u00e0 l\u2019Est, avec son Atham\u00e9 dans la main. Le Grand Pr\u00eatre attend \u00e0 sa droite, et le reste du coven attend derri\u00e8re eux. Tous ont en main leur atham\u00e9, si bien s\u00fbr ils en ont un, except\u00e9es les personnes qui portent les objets nouvellement consacr\u00e9s (s\u2019il y en a) qui se tiennent debout juste derri\u00e8re. La Vierge(ou quelqu\u2019un choisi par la Grande Pr\u00eatresse pour cela) attend devant, pr\u00eate \u00e0 \u00e9teindre chaque chandelle au fur et \u00e0 mesure.<\/p>\n<p style=\"text-align: justify;\">La Grande Pr\u00eatresse dit :<\/p>\n<blockquote>\n<p style=\"text-align: justify;\">\u00ab Vous, Seigneurs de la Tour de l&rsquo;Est,<br \/>\nVous, seigneurs de l&rsquo;Air ;<br \/>\nnous vous remercions d&rsquo;avoir assist\u00e9 \u00e0 nos rites ;<br \/>\net avant que vous ne retournez dans vos beaux et doux royaumes,<br \/>\nNous vous disons salut et adieu&#8230;. Salut et Adieu. \u00bb<\/p>\n<\/blockquote>\n<p style=\"text-align: justify;\">Tandis qu\u2019elle dit ces mots, elle trace devant elle, et dans les airs, le pentagramme de bannissement Terre.<\/p>\n<p style=\"text-align: justify;\">Apr\u00e8s avoir dessin\u00e9 le Pentagramme, elle embrasse la lame de son Atham\u00e9 et la d\u00e9pose, une seconde ou deux, sur son c\u0153ur.<\/p>\n<p style=\"text-align: justify;\">Le Grand Pr\u00eatre et le reste du coven copient tous cette m\u00eame gestuelle avec leurs propres Atham\u00e9s ; et ceux qui n\u2019en ont pas, le font avec leur index (ceux qui portent les objets r\u00e9cemment consacr\u00e9s n\u2019effectuent pas cette gestuelle). Tous disent la phrase en m\u00eame temps que la Grande Pr\u00eatresse :<strong> \u00ab Salut et adieu! \u00bb<\/strong><\/p>\n<p style=\"text-align: justify;\">La Vierge s\u2019avance et \u00e9teint la bougie de l\u2019Est.<\/p>\n<p style=\"text-align: justify;\">La proc\u00e9dure compl\u00e8te est r\u00e9p\u00e9t\u00e9e au Sud, la Grande Pr\u00eatresse dit :<\/p>\n<blockquote>\n<p style=\"text-align: justify;\">\u00ab Vous, Seigneurs de la Tour de Sud,<br \/>\nVous, seigneurs du Feu ;<br \/>\nnous vous remercions d&rsquo;avoir assist\u00e9 \u00e0 nos rites ;<br \/>\net avant que vous ne retournez dans vos beaux et doux royaumes,<br \/>\nNous vous disons salut et adieu&#8230;. Salut et Adieu.\u00bb (etc.)<\/p>\n<\/blockquote>\n<p style=\"text-align: justify;\">Puis la Grande Pr\u00eatresse dit \u00e0 l\u2019Ouest :<\/p>\n<p style=\"text-align: justify;\">\u00ab Vous, Seigneurs de la Tour de l&rsquo;Ouest,<br \/>\nVous, seigneurs de l&rsquo;Eau;<br \/>\nnous vous remercions d&rsquo;avoir assist\u00e9 \u00e0 nos rites ;<br \/>\net avant que vous ne retournez dans vos beaux et doux royaumes,<br \/>\nNous vous disons salut et adieu&#8230;. Salut et Adieu. \u00bb (etc.)<\/p>\n<p style=\"text-align: justify;\">Puis au Nord, elle dit :<\/p>\n<blockquote>\n<p style=\"text-align: justify;\">\u00ab Vous, Seigneurs de la Tour du Nord,<br \/>\nVous, seigneurs de la Terre ;<br \/>\nBoreas, toi le gardien des portails du Nord,<br \/>\ntoi, Puissant Dieu, toi, Douce D\u00e9esse ;<br \/>\nnous vous remercions d&rsquo;avoir assist\u00e9 \u00e0 nos rites ;<br \/>\net avant que vous ne retournez dans vos beaux et doux royaumes,<br \/>\nNous vous disons salut et adieu&#8230;. Salut et Adieu. \u00bb (etc.)<\/p>\n<\/blockquote>\n<p style=\"text-align: justify;\">Au Nord, la Vierge \u00e9teint simplement la bougie Terre ; pour des raisons purement pratiques, elle laissent les deux chandelles de l\u2019autel jusqu\u2019\u00e0 ce que les lumi\u00e8res de la pi\u00e8ces soient rallum\u00e9es.<\/p>\n<p style=\"text-align: justify;\">Le Sabbat est termin\u00e9.<\/p>\n<p style=\"text-align: center;\">________________________________<\/p>\n<p style=\"text-align: justify;\">(1) <a title=\"Le Rite de la Reine Hagiel\" href=\"https:\/\/www.le-sidh.org\/wicca\/pratiques-rituelles-sorcieres\/rituels-divers-et-bases\/le-rite-de-la-reine-hagiel\/\">Le Rite de la Reine Hagiel, tel qu\u2019il est d\u00e9crit dans le chapitre XIV de What witches do, montre que l\u2019on peut briser cette r\u00e8gle ; mais les circonstances sp\u00e9ciales devraient appara\u00eetre clairement aux lecteurs. En effet, les Gardien des Tours ne sont pas appel\u00e9s.<\/a><\/p>\n","protected":false},"excerpt":{"rendered":"<p>Rituel de cl\u00f4ture : r\u00e9ouverture du cercle Par Janet &amp; Stewart Farrar \u00a9, traduction Lune In Witches\u2019 Bible \u00a9, J. &amp; S. Farrar, \u00e9d. Pho\u00e9nix Texte pr\u00e9c\u00e9dant : cons\u00e9cration du vin et des g\u00e2teaux R\u00e9ouverture du Cercle (base de rituel) Un cercle magique, une fois projet\u00e9, doit, toujours et sans exception, \u00eatre banni une fois&#8230;<\/p>\n","protected":false},"author":2,"featured_media":0,"parent":390,"menu_order":7,"comment_status":"closed","ping_status":"closed","template":"silo.php","meta":{"footnotes":""},"class_list":["post-1197","page","type-page","status-publish","hentry"],"_links":{"self":[{"href":"https:\/\/www.le-sidh.org\/wicca\/wp-json\/wp\/v2\/pages\/1197","targetHints":{"allow":["GET"]}}],"collection":[{"href":"https:\/\/www.le-sidh.org\/wicca\/wp-json\/wp\/v2\/pages"}],"about":[{"href":"https:\/\/www.le-sidh.org\/wicca\/wp-json\/wp\/v2\/types\/page"}],"author":[{"embeddable":true,"href":"https:\/\/www.le-sidh.org\/wicca\/wp-json\/wp\/v2\/users\/2"}],"replies":[{"embeddable":true,"href":"https:\/\/www.le-sidh.org\/wicca\/wp-json\/wp\/v2\/comments?post=1197"}],"version-history":[{"count":2,"href":"https:\/\/www.le-sidh.org\/wicca\/wp-json\/wp\/v2\/pages\/1197\/revisions"}],"predecessor-version":[{"id":1211,"href":"https:\/\/www.le-sidh.org\/wicca\/wp-json\/wp\/v2\/pages\/1197\/revisions\/1211"}],"up":[{"embeddable":true,"href":"https:\/\/www.le-sidh.org\/wicca\/wp-json\/wp\/v2\/pages\/390"}],"wp:attachment":[{"href":"https:\/\/www.le-sidh.org\/wicca\/wp-json\/wp\/v2\/media?parent=1197"}],"curies":[{"name":"wp","href":"https:\/\/api.w.org\/{rel}","templated":true}]}}