{"id":1195,"date":"2014-08-08T09:19:52","date_gmt":"2014-08-08T07:19:52","guid":{"rendered":"http:\/\/www.le-sidh.org\/wicca\/?page_id=1195"},"modified":"2014-08-08T09:30:20","modified_gmt":"2014-08-08T07:30:20","slug":"consecration-du-vin-et-des-gateaux","status":"publish","type":"page","link":"https:\/\/www.le-sidh.org\/wicca\/rituels\/consecration-du-vin-et-des-gateaux\/","title":{"rendered":"Cons\u00e9cration du vin et des g\u00e2teaux"},"content":{"rendered":"<p style=\"text-align: center;\"><strong>Cons\u00e9cration du vin et des g\u00e2teaux<\/strong><br \/>\nPar Janet &amp; Stewart Farrar \u00a9, traduction &amp; adaptation Lune<\/p>\n<p><a href=\"http:\/\/www.amazon.fr\/Witches-Bible-Complete-Handbook\/dp\/0919345921\/ref=sr_1_5?s=english-books&amp;ie=UTF8&amp;qid=1406561416&amp;sr=1-5&amp;keywords=stewart+farrar\" target=\"_blank\">A Witches\u2019 Bible des Farrar \u00a9, editions Phoenix<\/a><\/p>\n<p><a title=\"Chants &amp; c\u00f4ne de pouvoir\" href=\"https:\/\/www.le-sidh.org\/wicca\/rituels\/chants-cone-de-pouvoir\/\" target=\"_blank\">Texte pr\u00e9c\u00e9dant : rituel d&rsquo;ouverture, Chants &amp; C\u00f4ne de Pouvoir<\/a><\/p>\n<p style=\"text-align: justify;\">Un autre rituel assez court sera alors r\u00e9alis\u00e9 pour clore l\u2019ouverture : la Cons\u00e9cration du Vin et des G\u00e2teaux. Ce rituel prend place \u00e0 chaque Esbat, habituellement apr\u00e8s la fin du travail et avant que le coven se d\u00e9tende \u00e0 l\u2019int\u00e9rieur du cercle. Durant le sabbat, le vin et les g\u00e2teaux doivent \u00eatre consacr\u00e9s en m\u00eame temps si le grand rite est effectu\u00e9 r\u00e9ellement. S\u2019il est r\u00e9alis\u00e9 symboliquement, la cons\u00e9cration du vin devient partie int\u00e9grante de celui-ci. Les g\u00e2teaux devront \u00eatre consacr\u00e9s selon le rite usuel.<\/p>\n<ul>\n<li><strong>CONS\u00c9CRATION DU VIN ET DES G\u00c2TEAUX<\/strong><\/li>\n<\/ul>\n<p style=\"text-align: justify;\">Un sorcier s\u2019agenouille devant une sorci\u00e8re en face de l\u2019autel. Il lui tend le calice de vin ; elle lui pr\u00e9sente l\u2019atham\u00e9, la lame vers le bas, elle plonge la pointe dans le vin. L\u2019homme dit :<\/p>\n<blockquote>\n<p style=\"text-align: justify;\">\u00ab Comme l&rsquo;atham\u00e9 est au masculin, ainsi la coupe est au f\u00e9minin ; et unis, ils deviennent un en v\u00e9rit\u00e9. \u00bb<\/p>\n<\/blockquote>\n<p style=\"text-align: justify;\">La femme pose son atham\u00e9 sur l\u2019autel puis embrasse l\u2019homme (qui reste agenouill\u00e9) et accepte de recevoir le calice. Elle boit une gorg\u00e9e de vin, embrasse l\u2019homme \u00e0 nouveau et lui redonne le calice.<\/p>\n<p style=\"text-align: justify;\">Il boit \u00e9galement une gorg\u00e9e de vin, se l\u00e8ve et la donne \u00e0 une autre femme avec un baiser.<\/p>\n<p style=\"text-align: justify;\">Le calice est pass\u00e9 au coven, d\u2019un homme \u00e0 une femme et d\u2019une femme \u00e0 un homme (\u00e0 chaque fois avec un baiser) jusqu\u2019\u00e0 ce que tout le monde ait bu un peu de vin.<\/p>\n<p style=\"text-align: justify;\">S\u2019il on doit r\u00e9aliser un travail, le calice doit alors \u00eatre replac\u00e9 sur l\u2019autel. Si les membres du coven sont pr\u00eats \u00e0 se relaxer dans le cercle, le calice est pos\u00e9 entre eux tandis qu\u2019ils s\u2019assoient sur le sol. N\u2019importe qui pourra y boire s\u2019il le souhaite, le rituel \u00ab passe et embrasse \u00bb est n\u00e9cessaire seulement lors du 1er tour. De plus, si le calice est \u00e0 nouveau rempli pendant la relaxation, il n\u2019aura pas \u00e0 \u00eatre re-consacr\u00e9.<\/p>\n<p style=\"text-align: justify;\">Pour consacrer les g\u00e2teaux, la femme reprend son atham\u00e9, et l\u2019homme, agenouill\u00e9 de nouveau devant elle, porte le plat de g\u00e2teaux. Elle dessine le pentagramme d\u2019invocation de la Terre, en l\u2019air, devant les g\u00e2teaux avec son atham\u00e9, pendant que l\u2019homme dit (15) :<\/p>\n<blockquote>\n<p style=\"text-align: justify;\">\u00ab \u00d4 Reine tr\u00e8s secr\u00e8te, b\u00e9nis cette nourriture en nos corps ; prodigue la sant\u00e9, la richesse, la force, la joie et la paix, et la r\u00e9alisation de l&rsquo;amour qui est parfait bonheur. \u00bb<\/p>\n<\/blockquote>\n<p style=\"text-align: justify;\">La femme pose son atham\u00e9 sur l\u2019autel, embrasse l\u2019homme et prend un g\u00e2teau du plat. Elle l\u2019embrasse \u00e0 nouveau. Il en prend un \u00e9galement. Il se l\u00e8ve et donne le plat \u00e0 une autre femme avec un baiser.<\/p>\n<p style=\"text-align: justify;\">La femme pose son atham\u00e9 sur l\u2019autel, embrasse l\u2019homme et prend un g\u00e2teau du plat. Elle l\u2019embrasse \u00e0 nouveau. Il en prend un \u00e9galement. Il se l\u00e8ve et donne le plat \u00e0 une autre femme avec un baiser.<\/p>\n<p style=\"text-align: justify;\">Le plat est ainsi pass\u00e9 au coven entier, d\u2019un homme \u00e0 une femme et d\u2019une femme \u00e0 un homme (\u00e0 chaque fois avec un baiser) jusqu\u2019\u00e0 ce que tous aient pris un g\u00e2teau.<\/p>\n<p style=\"text-align: justify;\"><a title=\"R\u00e9ouverture du cercle\" href=\"https:\/\/www.le-sidh.org\/wicca\/rituels\/reouverture-du-cercle\/\">Suite du Rituel : R\u00e9ouverture du cercle<\/a><br \/>\n_________________________________________<\/p>\n<p style=\"text-align: justify;\">(15) Adapt\u00e9 de la Messe Gnostique de Crowley.<\/p>\n","protected":false},"excerpt":{"rendered":"<p>Cons\u00e9cration du vin et des g\u00e2teaux Par Janet &amp; Stewart Farrar \u00a9, traduction &amp; adaptation Lune A Witches\u2019 Bible des Farrar \u00a9, editions Phoenix Texte pr\u00e9c\u00e9dant : rituel d&rsquo;ouverture, Chants &amp; C\u00f4ne de Pouvoir Un autre rituel assez court sera alors r\u00e9alis\u00e9 pour clore l\u2019ouverture : la Cons\u00e9cration du Vin et des G\u00e2teaux. Ce rituel&#8230;<\/p>\n","protected":false},"author":2,"featured_media":0,"parent":390,"menu_order":6,"comment_status":"closed","ping_status":"closed","template":"silo.php","meta":{"footnotes":""},"class_list":["post-1195","page","type-page","status-publish","hentry"],"_links":{"self":[{"href":"https:\/\/www.le-sidh.org\/wicca\/wp-json\/wp\/v2\/pages\/1195","targetHints":{"allow":["GET"]}}],"collection":[{"href":"https:\/\/www.le-sidh.org\/wicca\/wp-json\/wp\/v2\/pages"}],"about":[{"href":"https:\/\/www.le-sidh.org\/wicca\/wp-json\/wp\/v2\/types\/page"}],"author":[{"embeddable":true,"href":"https:\/\/www.le-sidh.org\/wicca\/wp-json\/wp\/v2\/users\/2"}],"replies":[{"embeddable":true,"href":"https:\/\/www.le-sidh.org\/wicca\/wp-json\/wp\/v2\/comments?post=1195"}],"version-history":[{"count":2,"href":"https:\/\/www.le-sidh.org\/wicca\/wp-json\/wp\/v2\/pages\/1195\/revisions"}],"predecessor-version":[{"id":1205,"href":"https:\/\/www.le-sidh.org\/wicca\/wp-json\/wp\/v2\/pages\/1195\/revisions\/1205"}],"up":[{"embeddable":true,"href":"https:\/\/www.le-sidh.org\/wicca\/wp-json\/wp\/v2\/pages\/390"}],"wp:attachment":[{"href":"https:\/\/www.le-sidh.org\/wicca\/wp-json\/wp\/v2\/media?parent=1195"}],"curies":[{"name":"wp","href":"https:\/\/api.w.org\/{rel}","templated":true}]}}