{"id":1190,"date":"2014-08-08T09:05:35","date_gmt":"2014-08-08T07:05:35","guid":{"rendered":"http:\/\/www.le-sidh.org\/wicca\/?page_id=1190"},"modified":"2019-02-20T10:16:08","modified_gmt":"2019-02-20T08:16:08","slug":"chants-cone-de-pouvoir","status":"publish","type":"page","link":"https:\/\/www.le-sidh.org\/wicca\/rituels\/chants-cone-de-pouvoir\/","title":{"rendered":"Chants &#038; c\u00f4ne de pouvoir"},"content":{"rendered":"<p style=\"text-align: center;\"><strong>Chants &amp; c\u00f4ne de pouvoir<\/strong><br \/>\nPar Janet &amp; Stewart Farrar \u00a9, traduction &amp; adaptation Lune<\/p>\n<p><a href=\"http:\/\/www.amazon.fr\/Witches-Bible-Complete-Handbook\/dp\/0919345921\/ref=sr_1_5?s=english-books&amp;ie=UTF8&amp;qid=1406561416&amp;sr=1-5&amp;keywords=stewart+farrar\" target=\"_blank\" rel=\"noopener\">A Witches\u2019 Bible des Farrar \u00a9, \u00e9ditions Phoenix<\/a><\/p>\n<p><a title=\"La Charge de la D\u00e9esse\" href=\"https:\/\/www.le-sidh.org\/wicca\/rituels\/la-charge-de-la-deesse\/\" target=\"_blank\" rel=\"noopener\">Texte pr\u00e9c\u00e9dant : rituel d&rsquo;ouverture, la Charge de la D\u00e9esse<\/a><\/p>\n<p style=\"text-align: justify;\">Le Grand Pr\u00eatre, qui reste face au coven, l\u00e8ve les bras, les ouvre largement et dit (11) :<\/p>\n<blockquote>\n<p style=\"text-align: justify;\">\u00ab Bagahi laca bachah\u00e9<br \/>\nLamac cahi achabah\u00e9<br \/>\nKarrelyos<br \/>\nLamac Lamec bachalyos<br \/>\nCabahagi sabalyos<br \/>\nBaryolas<br \/>\nLagozatha cabyolas<br \/>\nSamahac et famyolas<br \/>\nHarrahya! \u00bb<\/p>\n<\/blockquote>\n<p style=\"text-align: justify;\">La Grande Pr\u00eatresse et le coven r\u00e9p\u00e8te :<\/p>\n<blockquote>\n<p style=\"text-align: justify;\">\u00ab Harrahya ! \u00bb<\/p>\n<\/blockquote>\n<p style=\"text-align: justify;\">Le Grand Pr\u00eatre et la Grande Pr\u00eatresse se tournent alors face \u00e0 l\u2019autel, leurs bras lev\u00e9s, leurs mains reprenant le salut du \u00ab Dieu Cornu \u00bb (index et auriculaire lev\u00e9s, les autres doigts repli\u00e9s dans la paume). Le Grand Pr\u00eatre dit (12) :<\/p>\n<blockquote>\n<p style=\"text-align: justify;\">\u00abGrand Dieu Cernunnos, reviens sur terre !<br \/>\nR\u00e9ponds \u00e0 mon appel et montre-toi aux hommes.<br \/>\nPasteur des Chevreaux, sur les sentiers montagneux,<br \/>\nM\u00e8ne ton troupeau perdu de l&rsquo;obscurit\u00e9 au jour lumineux.<br \/>\nOubli\u00e9s sont les chemins du sommeil et de la nuit &#8211;<br \/>\nLes hommes les cherchent, ceux dont les yeux sont perdus dans la lumi\u00e8re.<br \/>\nOuvre la porte, la porte sans clefs,<br \/>\nLa porte des r\u00eaves, par laquelle les hommes viennent \u00e0 toi.<br \/>\nPasteur des chevreaux, \u00d4 r\u00e9ponds-moi !<\/p>\n<\/blockquote>\n<p style=\"text-align: justify;\">Le Grand Pr\u00eatre et la Grande Pr\u00eatresse disent ensemble (13) :<\/p>\n<blockquote>\n<p style=\"text-align: justify;\">\u00ab Akhera goiti \u2013 akhera beiti ! \u00bb<\/p>\n<\/blockquote>\n<p style=\"text-align: justify;\">En abaissant leurs mains alors qu\u2019ils prononcent la seconde expression.<\/p>\n<p style=\"text-align: justify;\">La Grande Pr\u00eatresse, suivi du Grand Pr\u00eatre, conduit alors le coven dans la Rune des Sorci\u00e8res \u2013 une danse en rond, tourn\u00e9e vers l\u2019int\u00e9rieur, chacun se tient les mains (paumes gauches lev\u00e9es, paumes droites baiss\u00e9es), hommes et femmes altern\u00e9s autant que possible. La Grande Pr\u00eatresse donne l\u2019allure \u2013 et elle peut parfois l\u00e2cher la main de l\u2019homme qui est devant elle, et entra\u00eener le coven apr\u00e8s elle, comme le ferait un serpent. Personne ne doit quitter cette cha\u00eene aussi complexe qu\u2019elle puisse le devenir. Tout le monde doit continuer \u00e0 se d\u00e9placer, toujours la main dans la main, avant que la cha\u00eene ne se d\u00e9m\u00eale. Pendant cette danse, tout le coven chante (14) :<\/p>\n<blockquote>\n<p style=\"text-align: justify;\">Eko, eko, Azarak,<br \/>\nEko, eko, Zom\u00e9lak,<br \/>\nEko, Eko, Cernunnos,<br \/>\nEko, Eko, Aradia!<br \/>\n(r\u00e9p\u00e9ter 3 fois)<\/p>\n<p style=\"text-align: justify;\">Sombre nuit, lune argent\u00e9e,<br \/>\nEst, puis Sud, puis Ouest, puis Nord ;<br \/>\n\u00c9coutez le Chant des Sorci\u00e8res &#8211;<br \/>\nIci, nous venons pour vous \u00e9voquer !<br \/>\nTerre et eau, air et feu,<br \/>\nBaguette et pentacle et \u00e9p\u00e9e,<br \/>\nOp\u00e9rez selon notre d\u00e9sir,<br \/>\n\u00c0 nos ordres ob\u00e9issez!<br \/>\nCordes et encensoir, fouet et couteau,<br \/>\nPar les pouvoirs de la lame des sorci\u00e8res &#8211;<br \/>\n\u00c0 la vie \u00e9veillez-vous,<br \/>\nVenez, tandis que le sortil\u00e8ge est jet\u00e9 !<br \/>\nReine des Cieux et Reine des enfers,<br \/>\nChasseur cornu de la nuit,<br \/>\nPr\u00eatez pouvoir \u00e0 notre sortil\u00e8ge,<br \/>\nEt renforcez notre volont\u00e9 par le rite magique !<br \/>\nPar tout le pouvoir de la terre et de la mer,<br \/>\nPar toute la puissance de la lune et du soleil &#8211;<br \/>\nComme nous le voulons, ainsi soit fait ;<br \/>\nChantons le sortil\u00e8ge, et ainsi soit-il !<\/p>\n<p style=\"text-align: justify;\">Eko, eko, Azarak,<br \/>\nEko, eko, Zom\u00e9lak,<br \/>\nEko, Eko, Cernunnos,<br \/>\nEko, Eko, Aradia!<br \/>\n(continuer \u00e0 r\u00e9p\u00e9ter\u2026)<\/p>\n<\/blockquote>\n<p style=\"text-align: justify;\">Lorsque le Grande Pr\u00eatresse d\u00e9cide qu\u2019il est temps (apr\u00e8s avoir &lsquo;entrem\u00eal\u00e9&rsquo; le coven, elle l\u2019a reconstitu\u00e9 en un cercle complet), elle ordonne :<\/p>\n<blockquote>\n<p style=\"text-align: justify;\">Assis<\/p>\n<\/blockquote>\n<p style=\"text-align: justify;\">Tout le coven se laisse tomber sur le sol et s\u2019assoit en rond, tourn\u00e9 vers le centre.<\/p>\n<p style=\"text-align: justify;\">C\u2019est maintenant la fin du rituel d\u2019ouverture. Si cette r\u00e9union \u00e9tait un Esbat, la Grande Pr\u00eatresse pourrait d\u00e8s lors diriger le travail sp\u00e9cifique \u00e0 faire. Si c\u2019est un sabbat, le rituel appropri\u00e9 peut alors commencer.<\/p>\n<p style=\"text-align: justify;\">Un autre rituel assez court sera alors r\u00e9alis\u00e9 pour clore l\u2019ouverture : la Cons\u00e9cration du Vin et des G\u00e2teaux. Ce rituel a lieu lors de chaque Esbat, habituellement apr\u00e8s la fin du travail et avant que le coven s&rsquo;est d\u00e9tendu \u00e0 l\u2019int\u00e9rieur du cercle. Durant le sabbat, le vin et les g\u00e2teaux doivent \u00eatre consacr\u00e9s en m\u00eame temps si le grand rite est effectu\u00e9 r\u00e9ellement. S\u2019il est accompli symboliquement, la cons\u00e9cration du vin devient partie int\u00e9grante de celui-ci. Les g\u00e2teaux devront \u00eatre consacr\u00e9s selon le rite usuel.<\/p>\n<p style=\"text-align: justify;\">Suite du rituel d&rsquo;ouverture :<\/p>\n<ul>\n<li><a title=\"Sabbats\" href=\"https:\/\/www.le-sidh.org\/wicca\/sabbats\/\">Si Sabbat, c\u00e9l\u00e9bration du sabbat en question<\/a><\/li>\n<\/ul>\n<p style=\"text-align: justify;\"><strong>et<\/strong><\/p>\n<ul>\n<li><a title=\"Le Grand Rite\" href=\"https:\/\/www.le-sidh.org\/wicca\/rituels\/le-grand-rite\/\">Grand Rite<\/a><\/li>\n<\/ul>\n<p style=\"text-align: justify;\"><strong>ou<\/strong><\/p>\n<ul>\n<li><a href=\"https:\/\/www.le-sidh.org\/wicca\/pratiques-rituelles-sorcieres\/charmes-sortileges\/\" target=\"_blank\" rel=\"noopener\">Si Esbat, travail magique<\/a><\/li>\n<\/ul>\n<p><strong>et<\/strong><\/p>\n<ul>\n<li><a title=\"Cons\u00e9cration du vin et des g\u00e2teaux\" href=\"https:\/\/www.le-sidh.org\/wicca\/rituels\/consecration-du-vin-et-des-gateaux\/\">Puis Cons\u00e9cration du vin et des g\u00e2teaux.<\/a><\/li>\n<\/ul>\n<p style=\"text-align: center;\">_________________________________________<\/p>\n<p style=\"text-align: justify;\">(11) Cette \u00e9trange incantation, d\u2019abord connue pour \u00eatre apparue dans une pi\u00e8ce fran\u00e7aise du XIII\u00e8me si\u00e8cle, est traditionnelle en sorcellerie. Sa signification est inconnue \u2013 bien que Michael Harrison dans The Roots of Witchcraft le voit comme un cas int\u00e9ressant de corruption de langue Basque, et un cri de ralliement \u00e0 Samhain<\/p>\n<p style=\"text-align: justify;\">(12) C\u2019est l\u2019invocation de Pan, issu du chapitre XIII de Moon Magic de Dion Fortune, avec le nom du Dieu que le coven utilise, \u00e0 la place de Pan.<\/p>\n<p style=\"text-align: justify;\">(13) C\u2019est une vieille incantation de Sorci\u00e8res Basques qui signifie : \u00ab le bouc ci-dessus, le bouc ci-dessous \u00bb, nous l\u2019avons trouv\u00e9 dans The Roots of Witchcraft de Michael Harrison, que nous avons aim\u00e9 et adopt\u00e9 ainsi.<\/p>\n<p style=\"text-align: justify;\">(14) Ce chant \u00ab Witches\u2019 Rune \u00bb a \u00e9t\u00e9 \u00e9crit par Doreen Valiente et Gerald Gardner. La ligne \u00ab Eko, Eko \u00ab (les covens ajoutent habituellement les noms des Dieux et D\u00e9esses en ligne 3 et 4) ne faisait pas partie des Runes originales. Elle nous dit : \u00ab Nous avons l\u2019habitude de les employer comme une pr\u00e9face au vieux chant : \u00ab Bagabi lacha bachabe \u00bb (qui est attribu\u00e9 \u00e0 Michael Harrison). \u00ab Mais je ne pense pas qu\u2019elles aient fait partie \u00e0 l\u2019origine de ce chant, elles \u00e9taient un morceau d\u2019un autre vieux chant \u00e9crit de m\u00e9moire, c\u2019\u00e9tait davantage quelque chose comme cela :<\/p>\n<p style=\"text-align: justify;\">\u00ab Eko, Eko Azarak,<br \/>\nEko, eko, Zom\u00e9lak,<br \/>\nZod ru koz e zod ru koo,<br \/>\nZod ru goz e goo ru moo<br \/>\nEeo Eeo hoo hoo hoo ! \u00bb<\/p>\n<p style=\"text-align: justify;\">Non je n\u2019en connais pas la signification ! Mais je crois que \u00ab Azarak et Zomelak \u00bb sont des noms de Divinit\u00e9s. Elle ajoute : \u00ab Il n\u2019y a aucune raison \u00e0 ce que ces mots ne soient pas utilis\u00e9s comme vous les avez utilis\u00e9s. Nous donnons ici la version \u00e0 laquelle nous , et beaucoup d\u2019autres covens, sommes accoutum\u00e9s ; \u00e0 la diff\u00e9rence que l\u2019original emploie : \u00ab Je, mon \u00bb et nous : \u00ab Nous, nos \u00bb ; et \u00ab Est puis Sud et Ouest et Nord \u00bb et \u00ab Dans la Terre et l\u2019air et la mer, Par la lumi\u00e8re de la Lune et du Soleil \u00bb.<\/p>\n","protected":false},"excerpt":{"rendered":"<p>Chants &amp; c\u00f4ne de pouvoir Par Janet &amp; Stewart Farrar \u00a9, traduction &amp; adaptation Lune A Witches\u2019 Bible des Farrar \u00a9, \u00e9ditions Phoenix Texte pr\u00e9c\u00e9dant : rituel d&rsquo;ouverture, la Charge de la D\u00e9esse Le Grand Pr\u00eatre, qui reste face au coven, l\u00e8ve les bras, les ouvre largement et dit (11) : \u00ab Bagahi laca bachah\u00e9&#8230;<\/p>\n","protected":false},"author":2,"featured_media":0,"parent":390,"menu_order":4,"comment_status":"closed","ping_status":"closed","template":"silo.php","meta":{"footnotes":""},"class_list":["post-1190","page","type-page","status-publish","hentry"],"_links":{"self":[{"href":"https:\/\/www.le-sidh.org\/wicca\/wp-json\/wp\/v2\/pages\/1190","targetHints":{"allow":["GET"]}}],"collection":[{"href":"https:\/\/www.le-sidh.org\/wicca\/wp-json\/wp\/v2\/pages"}],"about":[{"href":"https:\/\/www.le-sidh.org\/wicca\/wp-json\/wp\/v2\/types\/page"}],"author":[{"embeddable":true,"href":"https:\/\/www.le-sidh.org\/wicca\/wp-json\/wp\/v2\/users\/2"}],"replies":[{"embeddable":true,"href":"https:\/\/www.le-sidh.org\/wicca\/wp-json\/wp\/v2\/comments?post=1190"}],"version-history":[{"count":4,"href":"https:\/\/www.le-sidh.org\/wicca\/wp-json\/wp\/v2\/pages\/1190\/revisions"}],"predecessor-version":[{"id":4322,"href":"https:\/\/www.le-sidh.org\/wicca\/wp-json\/wp\/v2\/pages\/1190\/revisions\/4322"}],"up":[{"embeddable":true,"href":"https:\/\/www.le-sidh.org\/wicca\/wp-json\/wp\/v2\/pages\/390"}],"wp:attachment":[{"href":"https:\/\/www.le-sidh.org\/wicca\/wp-json\/wp\/v2\/media?parent=1190"}],"curies":[{"name":"wp","href":"https:\/\/api.w.org\/{rel}","templated":true}]}}