{"id":1186,"date":"2014-08-08T08:54:02","date_gmt":"2014-08-08T06:54:02","guid":{"rendered":"http:\/\/www.le-sidh.org\/wicca\/?page_id=1186"},"modified":"2015-06-24T09:02:32","modified_gmt":"2015-06-24T07:02:32","slug":"descente-de-la-lune","status":"publish","type":"page","link":"https:\/\/www.le-sidh.org\/wicca\/rituels\/descente-de-la-lune\/","title":{"rendered":"Descente de la lune"},"content":{"rendered":"<p style=\"text-align: center;\"><strong>Descente de la lune<\/strong><br \/>\nPar Janet &amp; Stewart Farrar \u00a9, traduction &amp; adaptation Lune<\/p>\n<p style=\"text-align: justify;\"><a href=\"http:\/\/www.amazon.fr\/Witches-Bible-Complete-Handbook\/dp\/0919345921\/ref=sr_1_5?s=english-books&amp;ie=UTF8&amp;qid=1406561416&amp;sr=1-5&amp;keywords=stewart+farrar\" target=\"_blank\">A Witches\u2019 Bible des Farrar \u00a9, editions Phoenix<\/a><\/p>\n<p style=\"text-align: justify;\"><a title=\"Cons\u00e9cration du cercle\" href=\"https:\/\/www.le-sidh.org\/wicca\/rituels\/consecration-du-cercle\/\" target=\"_blank\">Texte pr\u00e9c\u00e9dant : rituel d&rsquo;ouverture, cons\u00e9cration du cercle<\/a><\/p>\n<p style=\"text-align: justify;\">Le Grand Pr\u00eatre fait, \u00e0 pr\u00e9sent, descendre la lune sur la Grande Pr\u00eatresse. Elle se tient dos \u00e0 l\u2019autel, la baguette dans sa main droite et le fouet dans la gauche, tenus contre ses seins, dans la \u00ab position d\u2019Osiris \u00bb &#8211; les manches des outils serr\u00e9s dans ses poings ferm\u00e9s, poignets crois\u00e9s de nouveau au-dessus d&rsquo;eux [ndlt : la position d\u2019Osiris est traditionnellement r\u00e9alis\u00e9e bras gauche par-dessus bras droit]. Le Grand Pr\u00eatre s\u2019agenouille devant elle.<\/p>\n<p style=\"text-align: justify;\">Le Grand Pr\u00eatre lui donne le quintuple baiser, il l\u2019embrasse d\u2019abord sur le pied droit puis sur le gauche, son genou droit puis le gauche, le ventre (l\u2019ut\u00e9rus), le sein droit puis le gauche et enfin sur les l\u00e8vres. Quand il arrive au niveau du sexe, la Grande Pr\u00eatresse ouvre ses bras dans \u00ab la position des b\u00e9n\u00e9dictions \u00bb. Alors qu\u2019il fait cela, il dit :<\/p>\n<blockquote>\n<p style=\"text-align: justify;\">\u00ab B\u00e9nis soient tes pieds qui t&rsquo;ont conduit en cette voie.<br \/>\nB\u00e9nis soient tes genoux qui se poseront devant l&rsquo;autel sacr\u00e9<br \/>\nB\u00e9nie soit ta matrice sans laquelle nous ne serions pas.<br \/>\nB\u00e9nis soient tes seins form\u00e9s dans la beaut\u00e9. (5)<br \/>\nB\u00e9nies soient tes l\u00e8vres qui prononceront les Noms Sacr\u00e9s. \u00bb<\/p>\n<\/blockquote>\n<p style=\"text-align: justify;\">Pour le baiser sur les l\u00e8vres, ils s\u2019embrassent longuement, leurs pieds se touchant.<\/p>\n<p style=\"text-align: justify;\">Le Grand Pr\u00eatre s\u2019agenouille \u00e0 nouveau devant la Grande Pr\u00eatresse, qui reprend la \u00ab position de b\u00e9n\u00e9diction \u00bb, mais en avan\u00e7ant son pied droit l\u00e9g\u00e8rement. Le Grand Pr\u00eatre invoque :<\/p>\n<blockquote>\n<p style=\"text-align: justify;\">\u00ab Je t&rsquo;invoque et t&rsquo;appelle, n\u00f4tre Puissante M\u00e8re \u00e0 tous, Source de toute f\u00e9condit\u00e9 ; par la graine et la racine, par le bourgeon et la tige, par la feuille, la fleur et le fruit, par la vie et l&rsquo;amour, je t&rsquo;invoque pour que tu descendes dans le corps de ta servante et pr\u00eatresse. \u00bb<\/p>\n<\/blockquote>\n<p style=\"text-align: justify;\">Pendant l\u2019invocation, il la touche de son index droit sur son sein droit, son sein gauche et son sexe ; trois fois de suite ; et termine par le sein droit. Tout en restant agenouill\u00e9, il ouvre ses bras vers l\u2019ext\u00e9rieur et vers le bas, les paumes avan\u00e7ant, il dit (6) :<\/p>\n<blockquote>\n<p style=\"text-align: justify;\">\u00ab Salut, Aradia ! Renverse la corne amalth\u00e9enne,<br \/>\nD\u00e9verse les tr\u00e9sors de l\u2019amour ! Je fl\u00e9chis<br \/>\nHumblement le genou en ta pr\u00e9sence : je t\u2019invoque<br \/>\nen dernier recours,<br \/>\nAvec un sacrifice d&rsquo;amour pour orner ton temple.<br \/>\nTon pied contre mes l\u00e8vres&#8230; \u00bb<\/p>\n<\/blockquote>\n<p style=\"text-align: justify;\">Il embrasse le pied droit de la Grande Pr\u00eatresse et poursuit :<\/p>\n<blockquote>\n<p style=\"text-align: justify;\">\u00ab \u2026 et ma pri\u00e8re est renforc\u00e9e<br \/>\nPar la fum\u00e9e d&rsquo;encens qui s&rsquo;\u00e9l\u00e8ve ; offre alors<br \/>\nton antique amour, \u00d4 Puissante, descends<br \/>\nPour m&rsquo;aider, car sans toi je suis sans espoir. \u00bb<\/p>\n<\/blockquote>\n<p style=\"text-align: justify;\">Il attend alors, debout, et prend une allure effac\u00e9e face \u00e0 la Grande Pr\u00eatresse.<\/p>\n<p style=\"text-align: justify;\">La Grande Pr\u00eatresse dessine devant elle, dans l\u2019air, le pentagramme d\u2019invocation de la Terre avec la baguette en disant (7) :<\/p>\n<blockquote>\n<p style=\"text-align: justify;\">\u00ab De la M\u00e8re sombre et divine,<br \/>\nJ&rsquo;ai le fouet et le baiser ;<br \/>\nL&rsquo;\u00e9toile \u00e0 cinq branches d&rsquo;amour et de f\u00e9licit\u00e9 &#8211;<br \/>\nEt je te charge par ce signe. \u00bb<\/p>\n<\/blockquote>\n<p style=\"text-align: justify;\">Apr\u00e8s cela, la Descente de la Lune est compl\u00e8te ; la prochaine \u00e9tape est la Charge de la D\u00e9esse (8).<\/p>\n<p style=\"text-align: justify;\"><a title=\"La Charge de la D\u00e9esse\" href=\"https:\/\/www.le-sidh.org\/wicca\/rituels\/la-charge-de-la-deesse\/\"><strong>Suite du rituel d&rsquo;ouverture : La charge de la D\u00e9esse.<\/strong><\/a><\/p>\n<p style=\"text-align: center;\">________________________________________<\/p>\n<p style=\"text-align: justify;\">(5) Lorsqu\u2019une femme donne le quintuple baiser \u00e0 un homme (comme au sabbat d\u2019Imbolg), elle dit \u00ab phallus \u00bb \u00e0 la place de \u00ab matrice \u00bb en l\u2019embrassant juste devant les poils pubiens ; et \u00ab B\u00e9ni soit le buste (la poitrine) form\u00e9 dans la force \u00bb au lieu de \u00ab B\u00e9nis soient les seins form\u00e9s dans la beaut\u00e9 \u00bb.<\/p>\n<p style=\"text-align: justify;\">(6) Provient d\u2019un po\u00e8me d\u2019Aleister Crowley, adress\u00e9 originellement \u00e0 Tych\u00e9, D\u00e9esse de la Fortune. Adapt\u00e9 pour l\u2019Art, employ\u00e9 par Gardner qui l\u2019appr\u00e9ciait beaucoup. Note de Lune : Extrait du po\u00e8me \u00ab\u00a0La Fortune\u00a0\u00bb, in Rodin in Rime par Aleister Crowley. Ou <a href=\"http:\/\/blockhaus.editions.free.fr\/images\/BibPo%E9si\/DitRodin.pdf\" target=\"_blank\">Le Dit de Rodin<\/a> pour la version fran\u00e7aise, aux \u00e9ditions Blockhaus. Nous avons emprunt\u00e9 la traduction de ce passage \u00e0 Philippe Pissier.<\/p>\n<p style=\"text-align: justify;\">(7) Provient de la version rim\u00e9e de la Charge, \u00e9crite par Doreen Valiente.<\/p>\n<p style=\"text-align: justify;\">(8) Voici l\u2019histoire de la Charge de la D\u00e9esse. Gardner \u00e9crivit un premier jet, tr\u00e8s semblable \u00e0 la version ici donn\u00e9e qui a \u00ab toutes mes \u00e9loges \u00bb (ce passage d\u2019ouverture adapt\u00e9 d\u2019un rituel de sorci\u00e8res toscanes, fut consign\u00e9 par Leland, dans \u00ab Aradia ou l&rsquo;\u00e9vangile des Sorci\u00e8res \u00bb) suivi par des extraits de formules voluptueuses d\u2019Aleister Crowley. Doreen Valiente nous raconte qu\u2019elle \u00ab sentit \u00bb, bien que n\u2019\u00e9tant pas r\u00e9ellement adapt\u00e9 au Vieil Art de la Sagesse, la beaut\u00e9 de ces mots ou \u00e0 quel point on pourrait tomber d\u2019accord avec ce qu\u2019ils disent. \u00ab Ainsi, j\u2019\u00e9crivis une Charge en vers, gardant les mots d\u2019Aradia, parce qu\u2019ils sont traditionnels. Cette version rim\u00e9e devint \u00ab Mother darksome and divine\u2026 \u00bb, et sa premi\u00e8re strophe resta celle utilis\u00e9e par la HPS lors de la descente de la Lune. Comme la plupart des gens semble pr\u00e9f\u00e9rer la Charge sous forme de prose, alors elle r\u00e9digea ainsi la version finale, telle que nous la donnons ici. Elle contient toujours une ou deux phrases de Crowley (\u00ab Keeping pure your highest ideal \u00bb, par exemple, issu de son essai The Law of Liberty, ou encore \u00ab Nor do I demand (aught in) sacrifice \u00bb). Mais elle y a int\u00e9gr\u00e9 le tout pour nous donner la d\u00e9clamation la plus aim\u00e9e dans l\u2019Art aujourd\u2019hui. Celle qui est appel\u00e9e le Credo Wiccan. Notre version a une ou deux diff\u00e9rences minines par rapport \u00e0 celle de Doreen Valiente (telle que Witches pour Witcheries) mais nous les avons laiss\u00e9s, avec tout nos excuses pour elle.<\/p>\n","protected":false},"excerpt":{"rendered":"<p>Descente de la lune Par Janet &amp; Stewart Farrar \u00a9, traduction &amp; adaptation Lune A Witches\u2019 Bible des Farrar \u00a9, editions Phoenix Texte pr\u00e9c\u00e9dant : rituel d&rsquo;ouverture, cons\u00e9cration du cercle Le Grand Pr\u00eatre fait, \u00e0 pr\u00e9sent, descendre la lune sur la Grande Pr\u00eatresse. Elle se tient dos \u00e0 l\u2019autel, la baguette dans sa main droite&#8230;<\/p>\n","protected":false},"author":2,"featured_media":0,"parent":390,"menu_order":2,"comment_status":"closed","ping_status":"closed","template":"","meta":{"footnotes":""},"class_list":["post-1186","page","type-page","status-publish","hentry"],"_links":{"self":[{"href":"https:\/\/www.le-sidh.org\/wicca\/wp-json\/wp\/v2\/pages\/1186","targetHints":{"allow":["GET"]}}],"collection":[{"href":"https:\/\/www.le-sidh.org\/wicca\/wp-json\/wp\/v2\/pages"}],"about":[{"href":"https:\/\/www.le-sidh.org\/wicca\/wp-json\/wp\/v2\/types\/page"}],"author":[{"embeddable":true,"href":"https:\/\/www.le-sidh.org\/wicca\/wp-json\/wp\/v2\/users\/2"}],"replies":[{"embeddable":true,"href":"https:\/\/www.le-sidh.org\/wicca\/wp-json\/wp\/v2\/comments?post=1186"}],"version-history":[{"count":4,"href":"https:\/\/www.le-sidh.org\/wicca\/wp-json\/wp\/v2\/pages\/1186\/revisions"}],"predecessor-version":[{"id":2401,"href":"https:\/\/www.le-sidh.org\/wicca\/wp-json\/wp\/v2\/pages\/1186\/revisions\/2401"}],"up":[{"embeddable":true,"href":"https:\/\/www.le-sidh.org\/wicca\/wp-json\/wp\/v2\/pages\/390"}],"wp:attachment":[{"href":"https:\/\/www.le-sidh.org\/wicca\/wp-json\/wp\/v2\/media?parent=1186"}],"curies":[{"name":"wp","href":"https:\/\/api.w.org\/{rel}","templated":true}]}}