{"id":1184,"date":"2014-08-08T08:48:09","date_gmt":"2014-08-08T06:48:09","guid":{"rendered":"http:\/\/www.le-sidh.org\/wicca\/?page_id=1184"},"modified":"2019-02-17T16:11:03","modified_gmt":"2019-02-17T14:11:03","slug":"consecration-du-cercle","status":"publish","type":"page","link":"https:\/\/www.le-sidh.org\/wicca\/rituels\/consecration-du-cercle\/","title":{"rendered":"Cons\u00e9cration du cercle"},"content":{"rendered":"<p style=\"text-align: center;\"><strong>Cons\u00e9cration du cercle<\/strong><br \/>\nPar Janet &amp; Stewart Farrar \u00a9, traduction &amp; adaptation Lune<\/p>\n<p style=\"text-align: justify;\"><a href=\"http:\/\/www.amazon.fr\/Witches-Bible-Complete-Handbook\/dp\/0919345921\/ref=sr_1_5?s=english-books&amp;ie=UTF8&amp;qid=1406561416&amp;sr=1-5&amp;keywords=stewart+farrar\" target=\"_blank\" rel=\"noopener\">A Witches\u2019 Bible des Farrar \u00a9, editions Phoenix<\/a><\/p>\n<p style=\"text-align: justify;\"><strong>Fermeture du Cercle (base de rituel) &amp; Rituel<\/strong><\/p>\n<p style=\"text-align: justify;\">Ce rituel, de base, wiccan nous permet d\u2019\u00e9riger notre temple &#8211; notre lieu de culte et de travail magique. Ce temple peut \u00eatre votre salon, dont les meubles ont \u00e9t\u00e9 pouss\u00e9s ; il peut \u00eatre, si vous avez cette chance, une pi\u00e8ce d\u00e9di\u00e9e \u00e0 cela et \u00e0 rien d\u2019autre ; si le temps le permet et si c\u2019est un lieu priv\u00e9, cela peut \u00eatre au-dehors. Mais o\u00f9 que l\u2019on c\u00e9l\u00e8bre notre Sabbat (sous une forme ou une autre), l\u2019\u00e9l\u00e9ment essentiel reste le rituel d\u2019ouverture, tout comme le rituel de fermeture (donn\u00e9 dans la section III) l\u2019est aussi.<\/p>\n<p style=\"text-align: justify;\">Le rituel d\u2019ouverture est le m\u00eame pour chaque Sabbat ; nous indiquerons au d\u00e9but de chaque section (des sabbats) si d\u2019autres objets sont n\u00e9cessaires, s\u2019il y a quelques petites diff\u00e9rences ou une d\u00e9coration particuli\u00e8re pour le temple.<\/p>\n<p style=\"text-align: justify;\">Le Cercle est nettoy\u00e9 et l\u2019autel est dress\u00e9 au point nord de la circonf\u00e9rence (voir illustration 1). Cet autel peut \u00eatre une petite table (style table de caf\u00e9) ou simplement un tissu \u00e9tendu sur le sol. Disposez l\u2019autel comme suit :<\/p>\n<ol>\n<li><strong>L\u2019autel<\/strong><\/li>\n<\/ol>\n<ul>\n<li>Le pentacle au centre<\/li>\n<li>La chandelle du Nord, derri\u00e8re le pentacle<\/li>\n<li>Deux chandelles pour l\u2019autel, une de chaque c\u00f4t\u00e9<\/li>\n<li>Le calice de vin rouge ou d\u2019hydromel<\/li>\n<li>La baguette<\/li>\n<li>Le fouet<\/li>\n<li>Un petit bol d\u2019eau<\/li>\n<li>Un petit bol de sel (en petite quantit\u00e9)<\/li>\n<li>Les cordes (rouges, blanches et bleues d\u2019environ 2 m 75 chacune)<\/li>\n<li>Le couteau \u00e0 manche blanc<\/li>\n<li>L\u2019Atham\u00e9 de chacun<\/li>\n<li>L\u2019encensoir<\/li>\n<li>La cloche<\/li>\n<li>Un plat de g\u00e2teau et de biscuits<\/li>\n<li>L\u2019\u00e9p\u00e9e, au sol devant l\u2019autel, ou sur l\u2019autel lui-m\u00eame<\/li>\n<\/ul>\n<p style=\"text-align: justify;\">Une quantit\u00e9 suffisante d\u2019encens, d\u2019allumettes ou un briquet doivent \u00eatre \u00e0 disposition sur l\u2019autel (une bougie fine est aussi bien utile pour allumer chaque chandelle). Une bougie est plac\u00e9e \u00e0 chaque point cardinal de la circonf\u00e9rence du cercle : Est, Sud, Ouest. Elles sont les quatre bougies des \u00e9l\u00e9ments qui doivent br\u00fbler au cours du rituel (l\u2019emplacement des \u00e9l\u00e9mentaires \u00e9tant pour l\u2019Est pour l\u2019Air, le Sud pour le Feu, l\u2019Ouest pour l\u2019Eau, le Nord pour la Terre).<\/p>\n<p style=\"text-align: justify;\">La musique devrait \u00eatre facilement accessible. Pour notre utilisation personnelle, nous avons constitu\u00e9 une petite discoth\u00e8que de cassettes audio d\u2019environ deux d\u2019heures chacune (de musique appropri\u00e9e). On peut ainsi transf\u00e9rer d\u2019un disque ou d\u2019une cassette un morceau de musique et le r\u00e9p\u00e9ter \u00e0 volont\u00e9 pour remplir les 60 minutes d\u2019une face de la cassette. Les K7 sont vraiment parfaites car on peut aussi bien les passer sur la cha\u00eene hi-fi du salon que sur un magn\u00e9to si on c\u00e9l\u00e8bre ailleurs. C\u2019est aussi une bonne id\u00e9e d\u2019ajuster le volume de la musique au fil de la c\u00e9r\u00e9monie, de plus fort avant le rituel \u00e0 plus discret pendant. Sinon vous risqueriez d\u2019\u00eatre inopin\u00e9ment assourdis et forc\u00e9s d\u2019\u00e9couter \u00e0 un moment inopportun.<\/p>\n<p style=\"text-align: justify;\">Assurez-vous que la pi\u00e8ce est assez chauff\u00e9e, sp\u00e9cialement si, comme nous-m\u00eames et la plupart des covens gardn\u00e9riens et alexandriens, vous c\u00e9l\u00e9brez skyclad (ndlt : v\u00eatu des seuls nuages).<\/p>\n<p style=\"text-align: justify;\">Un endroit en dehors du cercle devra \u00eatre d\u00e9gag\u00e9 \u2013 la partie Nord-Est, car le reste du coven devra attendre au dehors avant de commencer et d\u2019\u00eatre admis \u00e0 l\u2019int\u00e9rieur par la Grande Pr\u00eatresse.<\/p>\n<p style=\"text-align: justify;\">D\u00e9crochez le t\u00e9l\u00e9phone, allumez l\u2019encens et les six bougies, mettez la musique, et vous serez pr\u00eats \u00e0 commencer.<\/p>\n<p style=\"text-align: justify;\"><strong>LE RITUEL<\/strong><\/p>\n<p style=\"text-align: justify;\">La Grande Pr\u00eatresse et le Grand Pr\u00eatre s\u2019agenouillent devant l\u2019autel, ce dernier se tient \u00e0 la droite de la Grande Pr\u00eatresse. Le reste du coven attend en dehors du cercle dans la partie Nord-Est. La Grande Pr\u00eatresse pose le bol d\u2019eau sur le pentacle et met la pointe de l\u2019Atham\u00e9 dans cette eau et elle dit :<\/p>\n<blockquote>\n<p style=\"text-align: justify;\">\u00ab Je t\u2019exorcise, \u00d4 cr\u00e9ature d\u2019eau, afin que tu chasses de toi toute impuret\u00e9 et toute malpropret\u00e9 des esprits du monde des fantasmes ; aux noms de Cernunnos et d\u2019Aradia. \u00bb<\/p>\n<\/blockquote>\n<p style=\"text-align: justify;\">(ou tout autres noms de D\u00e9esse ou Dieu utilis\u00e9s par le coven). (1)<\/p>\n<p style=\"text-align: justify;\">Elle pose son Atham\u00e9 et prend le bol d\u2019eau dans ses mains. Le\u00a0Grand Pr\u00eatre place le bol de sel sur le pentacle, il met le bout de l\u2019Atham\u00e9 dans le sel et dit :<\/p>\n<blockquote>\n<p style=\"text-align: justify;\">\u00ab Que les b\u00e9n\u00e9dictions soient sur cette cr\u00e9ature de sel ; que toute malignit\u00e9 et tout obstacle soient donc chass\u00e9s, et que tous bienfaits y p\u00e9n\u00e8trent ; c&rsquo;est pourquoi je te b\u00e9nis afin que tu puisses m\u2019assister, aux noms de Cernunnos et d\u2019Aradia. (1) \u00bb<\/p>\n<\/blockquote>\n<p style=\"text-align: justify;\">Il d\u00e9pose l\u2019Atham\u00e9 et verse le sel dans le bol d\u2019eau que la HPS porte. Ils reposent alors ensemble les bols sur l\u2019autel. Le HP quitte alors le cercle pour attendre avec le reste du coven.<\/p>\n<p style=\"text-align: justify;\">La Grande Pr\u00eatresse dessine alors le cercle avec l\u2019\u00e9p\u00e9e, en laissant une porte au Nord-Est (en levant son \u00e9p\u00e9e au dessus de la t\u00eate des membres du coven). Elle proc\u00e8de deosil (2) (dans le sens des aiguilles d\u2019une montre) du Nord au Nord en disant :<\/p>\n<blockquote>\n<p style=\"text-align: justify;\">\u00ab Je te conjure, \u00f4 cercle de pouvoir,<br \/>\nafin que tu sois un lieu de rencontre pour l&rsquo;amour,<br \/>\nla joie et la v\u00e9rit\u00e9 ; un bouclier contre tout maux et toute m\u00e9chancet\u00e9 ;<br \/>\nune fronti\u00e8re entre le monde des hommes et le royaume des Puissants ;<br \/>\nun rempart et une protection qui pr\u00e9serveront et contiendront le pouvoir que nous accumulerons en toi.<br \/>\nC&rsquo;est pourquoi je te b\u00e9nis et te consacre,<br \/>\naux noms de Cernunnos et d&rsquo;Aradia \u00bb<\/p>\n<\/blockquote>\n<p style=\"text-align: justify;\">Elle pose l\u2019\u00e9p\u00e9e et admet le Grand Pr\u00eatre dans le cercle par un baiser, et se tournant deosil avec lui. Le Grand Pr\u00eatre admet de la m\u00eame fa\u00e7on une femme dans le cercle, qui admet un homme et ainsi de suite, jusqu&rsquo;\u00e0 ce que le coven soit au complet dans le cercle.<\/p>\n<p style=\"text-align: justify;\">La Grande Pr\u00eatresse reprend l\u2019\u00e9p\u00e9e et referme la porte en dessinant de la m\u00eame fa\u00e7on que pour le reste (3).<\/p>\n<p style=\"text-align: justify;\">La Grande Pr\u00eatresse nomme alors trois sorci\u00e8res (ou sorciers) pour renforcer le cercle (qu\u2019elle a d\u00e9j\u00e0 \u00e9tabli dans l\u2019\u00e9l\u00e9ment Terre) avec les \u00e9l\u00e9ments de l\u2019Eau, de l\u2019Air et du Feu.<\/p>\n<p style=\"text-align: justify;\">La premi\u00e8re sorci\u00e8re (ou sorcier) porte le bol d\u2019eau consacr\u00e9e autour du Cercle, deosil du Nord au Nord, et le replace sur l\u2019autel.<\/p>\n<p style=\"text-align: justify;\">La seconde sorci\u00e8re (ou sorcier) porte l\u2019encensoir autour du cercle, deosil du Nord au Nord, et le replace sur l\u2019autel.<\/p>\n<p style=\"text-align: justify;\">La troisi\u00e8me sorci\u00e8re (ou sorcier) porte une des chandelles de l\u2019autel autour du cercle, deosil du Nord au Nord et la replace sur l\u2019autel.<\/p>\n<p style=\"text-align: justify;\">Chaque membre du coven r\u00e9cup\u00e8re son Atham\u00e9 sur l\u2019autel et fait face \u00e0 l\u2019Est, avec la Grande Pr\u00eatresse et le Grand Pr\u00eatre devant eux (le Grand Pr\u00eatre se tient \u00e0 droite de la Grande Pr\u00eatresse). La Grande Pr\u00eatresse dit :<\/p>\n<blockquote>\n<p style=\"text-align: justify;\">\u00ab Vous, Seigneurs des Tours de l&rsquo;Est,<br \/>\nVous, Seigneurs de l&rsquo;Air ;<br \/>\nJe vous convoque, vous \u00e9veille et vous appelle pour assister \u00e0 nos rites et garder le Cercle. \u00bb<\/p>\n<\/blockquote>\n<p style=\"text-align: justify;\">Tandis qu\u2019elle parle, la Grande Pr\u00eatresse dessine dans l\u2019air, devant elle, le pentagramme d\u2019invocation de la Terre avec son Atham\u00e9, de cette fa\u00e7on (4) :<\/p>\n<p style=\"text-align: justify;\">Apr\u00e8s avoir dessin\u00e9 le Pentagramme, elle embrasse la lame de son Atham\u00e9 et la pose sur son c\u0153ur pendant une seconde ou deux.<\/p>\n<p style=\"text-align: justify;\">Le Grand Pr\u00eatre et le reste du coven effectue la m\u00eame gestuelle avec leur propre Atham\u00e9, ceux qui n\u2019en poss\u00e8dent pas utilisent leur index droit. La Grande Pr\u00eatresse et le coven se tiennent face au Sud maintenant et r\u00e9p\u00e8tent cette invocation ; mais cette fois ci\u2026 :<\/p>\n<blockquote>\n<p style=\"text-align: justify;\">\u00ab Vous, Seigneurs des Tours du Sud,<br \/>\nVous, Seigneurs du Feu ;<br \/>\nJe vous convoque, vous \u00e9veille et vous appelle pour assister \u00e0 nos rites et garder le Cercle. \u00bb<\/p>\n<\/blockquote>\n<p style=\"text-align: justify;\">Puis ils font face \u00e0 l\u2019Ouest et\u2026 :<\/p>\n<blockquote>\n<p style=\"text-align: justify;\">\u00ab Vous, Seigneurs des Tours de l&rsquo;Ouest,<br \/>\nVous, Seigneurs de l&rsquo;Eau;<br \/>\nJe vous convoque, vous \u00e9veille et vous appelle pour assister \u00e0 nos rites et garder le Cercle. \u00bb<\/p>\n<\/blockquote>\n<p style=\"text-align: justify;\">Et enfin, ils font face au Nord, o\u00f9 l\u2019invocation est plus longue :<\/p>\n<blockquote>\n<p style=\"text-align: justify;\">\u00ab Vous, Seigneurs des Tours du Nord,<br \/>\nVous, Seigneurs de la Terre ;<br \/>\nBoreas, toi le gardien des portails du Nord ;<br \/>\ntoi, Puissant Dieu, toi, Douce D\u00e9esse ;<br \/>\nNous vous convoquons, vous \u00e9veillons et vous appelons pour assister \u00e0 nos rites et garder le Cercle. \u00bb<\/p>\n<\/blockquote>\n<p style=\"text-align: justify;\">Tout le monde d\u00e9pose son Atham\u00e9 sur l\u2019autel, puis se dirige vers le Sud, \u00e0 l\u2019exception de la Grande Pr\u00eatresse et du Grand Pr\u00eatre, et attend face \u00e0 l\u2019autel.<\/p>\n<p style=\"text-align: justify;\"><a title=\"Descente de la lune\" href=\"https:\/\/www.le-sidh.org\/wicca\/rituels\/descente-de-la-lune\/\"><strong>Suite du rituel : la descente de la lune<\/strong><\/a><\/p>\n<p style=\"text-align: center;\">_________________________________________<\/p>\n<p style=\"text-align: justify;\">(1) Ces deux cons\u00e9crations sont bas\u00e9es sur \u00ab Les clefs de Salomon \u00bb, un grimoire m\u00e9di\u00e9val, ou \u2018grammar\u2019, de pratique magique traduite et \u00e9dit\u00e9e par MacGregor Mathers issue des manuscrits du British Museum et publi\u00e9s en 1888. (Voir la bibliographie de Mathers). La formule pour la cons\u00e9cration des outils du Livre des Ombres de Gardner s\u2019est \u00e9galement largement inspir\u00e9e (de fa\u00e7on plut\u00f4t proche) des Clefs de Salomon. C\u2019\u00e9taient donc les emprunts de Gardner plut\u00f4t que le mat\u00e9riel traditionnel qu\u2019il obtint du coven de la New Forest o\u00f9 il fut initi\u00e9. Cela \u00e9tant sugg\u00e9r\u00e9 par le fait que l\u2019anglais correspond \u00e0 celui que Mathers emploie, au lieu de d\u00e9river ind\u00e9pendamment du Latin originel. Il n\u2019y a pas de mal en cela, comme la plupart des emprunts propres de Gardner, ils conviennent admirablement \u00e0 leur but.<\/p>\n<p style=\"text-align: justify;\">(2) Toutes les traditions magiques impliquent le trac\u00e9 d\u2019un cercle, en principe, dans le sens des aiguilles d\u2019une montre \u00ab selon la course du soleil \u00bb. Ce que l\u2019on nomme Deosil, et qui provient du ga\u00e9lique (l\u2019Irlandais deiseal, l\u2019\u00e9cossais deiseil, tous deux prononc\u00e9s approximativement \u00ab jesh\u2019l \u00bb) signifiant \u2018vers la droite\u2019 ou \u2018vers le Sud\u2019. (en irlandais on dit deiseal \u2013 peut-il aller \u00e0 droite \u2013 quand un ami \u00e9ternue). Un mouvement dans le sens contraire des aiguilles d\u2019une montre est connu comme \u00ab widdershins \u00bb (Haut moyen-\u00e2ge Allemand widersinnes signifie \u2018dans une direction contraire\u2019) ou \u00ab tyathal \u00bb (prononciation irlandaise \u00ab twa-h\u2019l \u00bb, prononciation \u00e9cossaise tuaitheal : \u00ab twa-y\u2019l \u00bb) signifient \u00ab \u00e0 gauche, au Nord, dans une fausse direction \u00bb. Un mouvement magique widdershin est consid\u00e9r\u00e9 \u00ab noir \u00bb, malveillant, \u00e0 moins qu\u2019il ait un sens symbolique pr\u00e9cis, tel qu\u2019une tentative de r\u00e9gression dans le temps ou un retour \u00e0 la source qui pr\u00e9pare \u00e0 la renaissance, dans quels cas, le mouvement se fait toujours deosil \u2013 Tels les \u00e9cossais des Highlands qui commencent leur danse de l\u2019\u00e9p\u00e9e tuaitheal, parce que c\u2019est une danse guerri\u00e8re, et qui finissent deosil pour symboliser la victoire. (voir pp. 118, 134 et 169 pour des exemples dans nos rituels). Il serait vraiment int\u00e9ressant d\u2019\u00e9couter des Sorci\u00e8res de l\u2019h\u00e9misph\u00e8re Sud (o\u00f9 la course du soleil est invers\u00e9e) \u00e0 propos de leurs coutumes dans les mouvements rituels, l\u2019orientation des El\u00e9ments et de leur fa\u00e7on de placer leur autel).<\/p>\n<p style=\"text-align: justify;\">(3) Normalement, personne ne doit quitter ou entrer dans le cercle entre les rituels de projection et de fermeture, mais si cela est n\u00e9cessaire, une porte doit \u00eatre ouverte par un rituel \u00ab widdershins \u00bb (dans le sens contraire des aiguilles d\u2019une montre) avec l\u2019atham\u00e9 et referm\u00e9e imm\u00e9diatement apr\u00e8s l\u2019utilisation par un rituel deosil dans le sens des aiguilles d\u2019une montre). (L\u2019\u00e9p\u00e9e et l\u2019atham\u00e9 \u00e9tant rituellement interchangeable), voir par exemple page 53.<\/p>\n<p style=\"text-align: justify;\">(4) Ce rituel des Tours de garde est bas\u00e9 sur \u00ab Lesser Ritual of the Pentagram \u00bb de la Golden Dawn (voir Israel Regardie Golden Dawn, vol. I, pp. 106-7 et pour du mat\u00e9riel plus complexe sur l\u2019invocation ou le bannissement des pentagrammes, vol. III, pp. 9-19). Soit dit en passant, la Golden Dawn, et beaucoup de sorciers, finissent le trac\u00e9 des pentagrammes en revenant simplement au point de d\u00e9part \u2013 i.e., omettant le 6\u00e8me trait de \u00ab fermeture \u00bb. Comme toujours, le principal \u00e9tant que vous le fassiez comme vous le pensez juste.<\/p>\n","protected":false},"excerpt":{"rendered":"<p>Cons\u00e9cration du cercle Par Janet &amp; Stewart Farrar \u00a9, traduction &amp; adaptation Lune A Witches\u2019 Bible des Farrar \u00a9, editions Phoenix Fermeture du Cercle (base de rituel) &amp; Rituel Ce rituel, de base, wiccan nous permet d\u2019\u00e9riger notre temple &#8211; notre lieu de culte et de travail magique. Ce temple peut \u00eatre votre salon, dont&#8230;<\/p>\n","protected":false},"author":2,"featured_media":0,"parent":390,"menu_order":1,"comment_status":"closed","ping_status":"closed","template":"silo.php","meta":{"footnotes":""},"class_list":["post-1184","page","type-page","status-publish","hentry"],"_links":{"self":[{"href":"https:\/\/www.le-sidh.org\/wicca\/wp-json\/wp\/v2\/pages\/1184","targetHints":{"allow":["GET"]}}],"collection":[{"href":"https:\/\/www.le-sidh.org\/wicca\/wp-json\/wp\/v2\/pages"}],"about":[{"href":"https:\/\/www.le-sidh.org\/wicca\/wp-json\/wp\/v2\/types\/page"}],"author":[{"embeddable":true,"href":"https:\/\/www.le-sidh.org\/wicca\/wp-json\/wp\/v2\/users\/2"}],"replies":[{"embeddable":true,"href":"https:\/\/www.le-sidh.org\/wicca\/wp-json\/wp\/v2\/comments?post=1184"}],"version-history":[{"count":3,"href":"https:\/\/www.le-sidh.org\/wicca\/wp-json\/wp\/v2\/pages\/1184\/revisions"}],"predecessor-version":[{"id":4197,"href":"https:\/\/www.le-sidh.org\/wicca\/wp-json\/wp\/v2\/pages\/1184\/revisions\/4197"}],"up":[{"embeddable":true,"href":"https:\/\/www.le-sidh.org\/wicca\/wp-json\/wp\/v2\/pages\/390"}],"wp:attachment":[{"href":"https:\/\/www.le-sidh.org\/wicca\/wp-json\/wp\/v2\/media?parent=1184"}],"curies":[{"name":"wp","href":"https:\/\/api.w.org\/{rel}","templated":true}]}}