{"id":1155,"date":"2014-08-07T14:47:32","date_gmt":"2014-08-07T12:47:32","guid":{"rendered":"http:\/\/www.le-sidh.org\/wicca\/?page_id=1155"},"modified":"2014-08-07T14:47:54","modified_gmt":"2014-08-07T12:47:54","slug":"balai-epee-handfasting","status":"publish","type":"page","link":"https:\/\/www.le-sidh.org\/wicca\/handfasting\/les-outils-rituels\/balai-epee-handfasting\/","title":{"rendered":"Le balai &#038; L\u2019\u00e9p\u00e9e"},"content":{"rendered":"<p style=\"text-align: center;\"><strong>Outil rituel : Le balai &amp; L\u2019\u00e9p\u00e9e<\/strong><br \/>\nPar Lune \u00a9 2008-2014<\/p>\n<p style=\"text-align: justify;\">Le balai est pos\u00e9 sur le sol pr\u00e8s du couple au cours de la c\u00e9r\u00e9monie de handfasting. Parfois on le garde debout contre l\u2019autel jusqu\u2019\u00e0 ce que les mains aient \u00e9t\u00e9 unies et les voeux prononc\u00e9s, puis la grande pr\u00eatresse le d\u00e9pose sur le sol afin que les mari\u00e9s sautent par-dessus, main dans la main.<\/p>\n<p style=\"text-align: justify;\">Il m\u2019est d\u00e9j\u00e0 arriv\u00e9 de voir pos\u00e9e sur le balai, une \u00e9p\u00e9e, le tout formant un X. C\u2019est d\u2019ailleurs ainsi que ces outils ont \u00e9t\u00e9 dispos\u00e9s pour notre handfasting.<\/p>\n<p style=\"text-align: justify;\">Certains laissent \u00e0 terre ces outils pour que le couple saute par-dessus. D\u2019autres choisissent deux personnes (cela peut-\u00eatre le grand pr\u00eatre et la grande pr\u00eatresse, le couple d\u2019amis qui vous ont fait p\u00e9n\u00e9trer dans le cercle au d\u00e9but de la c\u00e9r\u00e9monie, etc.) qui soul\u00e8veront, pas trop haut, le balai et l\u2019\u00e9p\u00e9e, afin que le couple saute par-dessus.<\/p>\n<p style=\"text-align: justify;\">Ce saut est sens\u00e9 porter chance au couple et c\u2019est le cas, je le confirme ^^ !<\/p>\n<p style=\"text-align: justify;\">Le balai est sens\u00e9 chasser toutes les mauvaises \u00e9nergies, influences\u2026 Il chasse \u00e9galement les vestiges de notre ancienne vie. Nous le verrons un peu plus loin, le balai a une fonction apotropa\u00efque dans de nombreuses r\u00e9gions de France.<\/p>\n<p style=\"text-align: justify;\">L\u2019\u00e9p\u00e9e permet de nous couper des liens dont on ne veut plus et que l\u2019on a pu tisser dans le pass\u00e9 avec d\u2019autres personnes.<\/p>\n<p style=\"text-align: justify;\">L\u2019\u00e9p\u00e9e a encore une autre utilit\u00e9 que celle du trac\u00e9 du cercle et du fameux \u201csaut\u201d. Comme l\u2019atham\u00e9, l\u2019\u00e9p\u00e9e n\u2019est jamais utilis\u00e9e pour couper r\u00e9ellement, \u00e0 l\u2019exception, joyeuse, du g\u00e2teau de handfasting !<\/p>\n<p style=\"text-align: justify;\">Une fois que le couple a saut\u00e9 par-dessus le balai, la grande pr\u00eatresse le r\u00e9cup\u00e8re et balaie les mauvaises influences derri\u00e8re le couple puis les rejette hors du cercle.<\/p>\n<p style=\"text-align: justify;\">Certains voient dans le balai un symbole d&rsquo;union du masculin (le manche, phallique) et du f\u00e9minin (la brosse en triangle repr\u00e9sente le sexe f\u00e9minin) et par cons\u00e9quent un symbole de fertilit\u00e9.<\/p>\n<p style=\"text-align: justify;\">On m&rsquo;a souvent dit que le Balai devait avoir un manche en fr\u00eane, une brosse en brindilles de bouleau et que tout deux devaient \u00eatre li\u00e9s par du saule. Je l&rsquo;ai \u00e9galement lu dans un certain nombre de livres. De m\u00e9moire, je citerais trois auteurs : Pauline Campanelli, Scott Cunningham et Nigel Jackson. Voici un extrait de Call of the Horned Piper, de ce dernier :<\/p>\n<p style=\"text-align: justify;\">\u00ab\u00a0Les trois essences de bois utilis\u00e9es habituellement pour fabriquer le balai ont une signification \u00e9sot\u00e9rique. Le manche en fr\u00eane pour l\u2019esprit (Anda) et l\u2019air \u00e0 travers lequel la sorci\u00e8re passe, le Fr\u00eane du Monde Yggdrasill et l\u2019extase chamanique (Odhr) par laquelle ce vol d&rsquo;esprit est accompli. Le saule qui lie la brosse au manche est l\u00e0 pour la lune et le brouillard autour des lacs qui doivent \u00eatre travers\u00e9es pour entrer dans les royaumes de la mort et de la sagesse. Les brindilles de bouleau sont sacr\u00e9es pour la Dame Blanche, Dame Berchta, la D\u00e9esse Terre par qui la sorci\u00e8re esp\u00e8re atteindre la purification et la re-naissance initiatique.<br \/>\nPar son manche en fr\u00eane le balai personnalise l\u2019image mystique du Fr\u00eane du Monde Yggdrasil (Le Cheval du Terrible \u2013 Odin) et symbolise le vol dans les mondes du dessus et du dessous.\u00a0\u00bb<\/p>\n<p style=\"text-align: justify;\">Selon Lady Sheba, le Balai de la Sorci\u00e8re est fabriqu\u00e9 \u00e0 partir de six bois diff\u00e9rents : bouleau, saule, gen\u00eat, noisetier, sorbier et aub\u00e9pine. Les brindilles de ces arbres sont attach\u00e9s au manche par de l\u2019iche (carex, la\u00eeche) ou une longue tige souple de saule. On y ins\u00e8re un morceau de Prunellier d\u2019environ 3 pouces (7,5 cm) dans la partie sup\u00e9rieure du balai, l\u00e0 o\u00f9 on l\u2019a attach\u00e9.<\/p>\n<p style=\"text-align: justify;\">Peu importe les essences pseudo-traditionnelles du moment qu&rsquo;elles vous \u00ab\u00a0parlent\u00a0\u00bb. Certains sorciers sont d&rsquo;ailleurs tr\u00e8s cr\u00e9atifs \u00e0 ce sujet. J&rsquo;ai vu r\u00e9cemment un balai dont la brosse \u00e9tait en lavande. C&rsquo;\u00e9tait particuli\u00e8rement r\u00e9ussi et le balai devait embaumer merveilleusement alentours. Mais, une fois la lavande s\u00e8che, je ne suis pas certaine de l&rsquo;efficacit\u00e9 mat\u00e9rielle du balai. La lavande a une f\u00e2cheuse tendance \u00e0 perdre ses petites fleurs !<\/p>\n<p style=\"text-align: justify;\">Dans nos campagnes fran\u00e7aises, une branche de gen\u00eat faisait souvent office de balai. Le balai avait une utilit\u00e9 \u00e9videmment pratique mais aussi magique. Le soir venu, on le renversait, brosse en haut, contre la porte. Il prot\u00e9geait ainsi la maisonn\u00e9e de toutes intrusions malveillantes. C&rsquo;est un objet que l&rsquo;on attribuait \u00e0 la sorci\u00e8re et qui pourtant avait la capacit\u00e9 de contrecarrer ses mauvais sorts. Il a \/ avait \u00e9galement d&rsquo;autres utilisations, notamment lors du mariage, rite de passage.<\/p>\n<p style=\"text-align: justify;\">Pour conclure et illustrer mon propos, je vous livre quelques exemples extraits de l&rsquo;excellent livre \u00ab\u00a0Symboles et pratiques rituelles dans la maison paysanne traditionnelle\u00a0\u00bb, par Hev\u00e9 Fillipetti &amp; Janine Trotereau.<\/p>\n<p style=\"text-align: justify;\">[&#8230;] Les rites de parcours compliqu\u00e9s de rites de passage se retrouvent en maintes occasions, et particuli\u00e8rement lors du mariage : le p\u00e8re qui marie sa derni\u00e8re fille tra\u00eene un balai attach\u00e9 \u00e0 sa jambe gauche, la mari\u00e9e ne peut franchir le seuil de son nouveau foyer que port\u00e9e, ou \u00e0 reculons, ou qu&rsquo;apr\u00e8s \u00eatre pass\u00e9e par dessus le balai plac\u00e9 au travers de la porte.<\/p>\n<p style=\"text-align: justify;\">[&#8230;] Remarquons encore le r\u00f4le du balai dans le folklore villageois ; il entre dans le rituel de nombreuses manifestations, en particulier dans celui du mariage, et il fut longtemps consid\u00e9r\u00e9 comme monture favorite des sorci\u00e8res. Il prenait place aussi dans le mai de mariage de la derni\u00e8re fille de la maison. En Champagne c&rsquo;est un v\u00e9ritable autodaf\u00e9 qui \u00e9tait r\u00e9alis\u00e9 \u00e0 l&rsquo;occasion de chaque mariage avec tous les balais enlev\u00e9s dans chaque maison, le b\u00fbcher \u00e9tant allum\u00e9 par la jeune mari\u00e9e. Le balai est donc charg\u00e9 d&rsquo;un pouvoir magique parfaitement exprim\u00e9 dans les usages apotropa\u00efques qu&rsquo;on en fait par ailleurs : croiser deux balais devant une porte d&rsquo;\u00e9table ou d&rsquo;habitation a un sens d&rsquo;exorcisme.<\/p>\n<p style=\"text-align: justify;\">[&#8230;] Un coutume en Touraine consistait le jour de Carnaval, \u00e0 essayer d&rsquo;envoyer une boule de bois [symbole de f\u00e9condit\u00e9] sous le lit de la plus jeune mari\u00e9e qui devait la repousser avec son balai. Il s&rsquo;agit ici d&rsquo;un rite de fertilit\u00e9.<\/p>\n<p style=\"text-align: justify;\">[&#8230;] Dans le Sud-Ouest, nombreux sont les mais [de mariage] qui portent \u00e0 leur sommet les initiales de la mari\u00e9e ou m\u00eame un balai lorsque c&rsquo;est le dernier enfant qui se marie.<\/p>\n<p style=\"text-align: justify;\">[&#8230;] Nous connaissons le r\u00f4le apotropa\u00efque d\u00e9volu au balai dans la protection de la maison et nous savons l&rsquo;importance qu&rsquo;il avait et qu&rsquo;il a encore dans les rites de mariage [Balai plac\u00e9 en travers de la porte que la mari\u00e9e devait franchir en sautant par-dessus, balai mani\u00e9 par la jeune \u00e9pouse \u00e0 travers toute la pi\u00e8ce comme gage de son savoir, balai tra\u00een\u00e9 par le p\u00e8re qui marie sa derni\u00e8re fille, etc. A l&rsquo;heure actuelle encore, dans le cort\u00e8ge de mariage, la voiture des mari\u00e9s est orn\u00e9e d&rsquo;un balai : nous l&rsquo;avons fr\u00e9quemment remarqu\u00e9 en Normandie.] : dans le Pays Basque, on accrochait \u00e0 la porte de la chambre des nouveaux mari\u00e9s un balai et une balayette fabriqu\u00e9s et d\u00e9cor\u00e9s uniquement \u00e0 cette fin.<\/p>\n","protected":false},"excerpt":{"rendered":"<p>Outil rituel : Le balai &amp; L\u2019\u00e9p\u00e9e Par Lune \u00a9 2008-2014 Le balai est pos\u00e9 sur le sol pr\u00e8s du couple au cours de la c\u00e9r\u00e9monie de handfasting. Parfois on le garde debout contre l\u2019autel jusqu\u2019\u00e0 ce que les mains aient \u00e9t\u00e9 unies et les voeux prononc\u00e9s, puis la grande pr\u00eatresse le d\u00e9pose sur le&#8230;<\/p>\n","protected":false},"author":2,"featured_media":0,"parent":1111,"menu_order":0,"comment_status":"closed","ping_status":"closed","template":"silo.php","meta":{"footnotes":""},"class_list":["post-1155","page","type-page","status-publish","hentry"],"_links":{"self":[{"href":"https:\/\/www.le-sidh.org\/wicca\/wp-json\/wp\/v2\/pages\/1155","targetHints":{"allow":["GET"]}}],"collection":[{"href":"https:\/\/www.le-sidh.org\/wicca\/wp-json\/wp\/v2\/pages"}],"about":[{"href":"https:\/\/www.le-sidh.org\/wicca\/wp-json\/wp\/v2\/types\/page"}],"author":[{"embeddable":true,"href":"https:\/\/www.le-sidh.org\/wicca\/wp-json\/wp\/v2\/users\/2"}],"replies":[{"embeddable":true,"href":"https:\/\/www.le-sidh.org\/wicca\/wp-json\/wp\/v2\/comments?post=1155"}],"version-history":[{"count":1,"href":"https:\/\/www.le-sidh.org\/wicca\/wp-json\/wp\/v2\/pages\/1155\/revisions"}],"predecessor-version":[{"id":1156,"href":"https:\/\/www.le-sidh.org\/wicca\/wp-json\/wp\/v2\/pages\/1155\/revisions\/1156"}],"up":[{"embeddable":true,"href":"https:\/\/www.le-sidh.org\/wicca\/wp-json\/wp\/v2\/pages\/1111"}],"wp:attachment":[{"href":"https:\/\/www.le-sidh.org\/wicca\/wp-json\/wp\/v2\/media?parent=1155"}],"curies":[{"name":"wp","href":"https:\/\/api.w.org\/{rel}","templated":true}]}}