{"id":1133,"date":"2014-08-07T13:43:51","date_gmt":"2014-08-07T11:43:51","guid":{"rendered":"http:\/\/www.le-sidh.org\/wicca\/?page_id=1133"},"modified":"2014-08-07T14:23:16","modified_gmt":"2014-08-07T12:23:16","slug":"un-handfasting-comme-on-en-reve","status":"publish","type":"page","link":"https:\/\/www.le-sidh.org\/wicca\/handfasting\/rituels\/un-handfasting-comme-on-en-reve\/","title":{"rendered":"Un handfasting comme on en r\u00eave"},"content":{"rendered":"<p style=\"text-align: center;\"><strong>Un handfasting comme on en r\u00eave<\/strong><br \/>\nPar V\u00e9ro \u00a9 2006<\/p>\n<p style=\"text-align: center;\"><a href=\"https:\/\/www.le-sidh.org\/wicca\/wp-content\/uploads\/2014\/08\/couronne-handfasting.jpg\"><img loading=\"lazy\" decoding=\"async\" class=\"aligncenter size-full wp-image-1146\" src=\"https:\/\/www.le-sidh.org\/wicca\/wp-content\/uploads\/2014\/08\/couronne-handfasting.jpg\" alt=\"couronne handfasting\" width=\"500\" height=\"346\" srcset=\"https:\/\/www.le-sidh.org\/wicca\/wp-content\/uploads\/2014\/08\/couronne-handfasting.jpg 500w, https:\/\/www.le-sidh.org\/wicca\/wp-content\/uploads\/2014\/08\/couronne-handfasting-300x207.jpg 300w\" sizes=\"auto, (max-width: 500px) 100vw, 500px\" \/><\/a><\/p>\n<p style=\"text-align: justify;\">Il se rappelait les paroles qu\u2019elle lui avait dites il y avait quelques mois. Au d\u00e9but de ce qu\u2019elle consid\u00e9rait comme leur nouvelle vie. Apr\u00e8s quelques ann\u00e9es d\u2019indiff\u00e9rence et somme toute de frustrations \u00e9tait venue la col\u00e8re, puis la rage suicidaire, les larmes, les cris. Et puis, quand ils pensaient tous les deux \u00eatre au bord du gouffre il avait trouv\u00e9 la force de dire les mots qu\u2019elle attendait sans doute depuis longtemps. Il l\u2019avait accept\u00e9e dans son monde, ce domaine qui jusque l\u00e0 lui servait de refuge, il avait ouvert une porte invisible et pourtant si solide ! La porte contre laquelle elle avait but\u00e9 si souvent mais qu\u2019elle n\u2019avait jamais os\u00e9 pousser.<\/p>\n<p style=\"text-align: justify;\">Un apr\u00e8s midi il lui avait demand\u00e9 de se d\u00e9v\u00eatir, il lui avait band\u00e9 les yeux, li\u00e9 les mains et l\u2019avait initi\u00e9e. C\u2019est sans doute ce qu\u2019un th\u00e9rapeute aurait appel\u00e9 un choc salvateur. Toujours est il que leur vie en fut boulevers\u00e9e. Et apr\u00e8s elle lui avait dit :<\/p>\n<p style=\"text-align: justify;\">\u00ab je voudrais encore quelque chose. Je voudrais que tu m\u2019\u00e9pouses \u00e0 nouveau. Ca m\u2019est \u00e9gal comment. Peut \u00eatre au printemps\u2026. Au fond de la for\u00eat, ou dans une grotte\u2026. Juste me dire \u00ab je te r\u00e9\u00e9pouse \u00bb\u2026. S\u2019il te pla\u00eet \u00bb<\/p>\n<p style=\"text-align: justify;\">Elle disait que c\u2019\u00e9tait important parce qu\u2019elle l\u2019avait retrouv\u00e9 alors qu\u2019elle pensait que tout \u00e9tait perdu. Elle disait qu\u2019avant cela elle pensait vraiment ne plus l\u2019aimer et qu\u2019elle se disait que s\u2019il la quittait \u00e7a lui serait \u00e9gal. Mais on se voile la face parfois, et on finit par prendre pour r\u00e9elle la v\u00e9rit\u00e9 qui fait le moins mal. Croire qu\u2019on n\u2019aime plus est tellement plus simple que de souffrir parce qu\u2019on se sent bafou\u00e9. C\u2019est m\u00eame plus simple que de se demander comment on a pu en arriver l\u00e0, et si on n\u2019est pas responsable \u00e9galement du d\u00e9sastre.<\/p>\n<p style=\"text-align: justify;\">Lui n\u2019avait jamais cess\u00e9 de l\u2019aimer, mais il n\u2019avait pas vu non plus combien elle souffrait.<\/p>\n<p style=\"text-align: justify;\">Toujours est il que tout cela \u00e9tait derri\u00e8re eux \u00e0 pr\u00e9sent, et quand elle lui avait parl\u00e9 de mariage son c\u0153ur avait fait \u00ab boum \u00bb.<\/p>\n<p style=\"text-align: justify;\">Au sabbat de mai ils avaient pens\u00e9 tous deux ritualiser dans les bois. Elle avait propos\u00e9 le Ch\u00e2teau du Nideck, r\u00e9sidence bien connue d\u2019un g\u00e9ant. Mais, arriv\u00e9s sur place, c\u2019\u00e9taient les Champs Elys\u00e9es ! Jour f\u00e9ri\u00e9 plus soleil, et il y avait foule. Des familles enti\u00e8res qui criaient pr\u00e8s de la cascade et s\u2019\u00e9gayaient partout alentour.<\/p>\n<p style=\"text-align: justify;\">Il avait alors propos\u00e9 d\u2019entrer dans le donjon interdit au public, mais elle n\u2019avait pas voulu. Elle disait que \u00e7a serait glauque, qu\u2019elle voulait le ciel au dessus de sa t\u00eate.<\/p>\n<p style=\"text-align: justify;\">Alors ils s\u2019\u00e9taient enfonc\u00e9s dans les bois jusqu\u2019\u00e0 ne plus entendre d\u2019humains. Malgr\u00e9 le soleil il faisait froid et le sol, couvert de feuilles mortes, \u00e9tait d\u00e9tremp\u00e9. Ils avaient donc gard\u00e9 leurs v\u00eatements, \u00f4t\u00e9 le sac \u00e0 dos, install\u00e9 l\u2019autel \u00e0 c\u00f4t\u00e9 d\u2019un ru. Peut \u00eatre celui l\u00e0 m\u00eame qui l\u00e0 bas, plus loin, devenait une cascade ?<\/p>\n<p style=\"text-align: justify;\">Ils avaient souri en chemin en voyant trois jeunes arm\u00e9s d\u2019un appareil photo et de deux chaises en bois, pour une quelconque mise en sc\u00e8ne. Ils avaient d\u00fb suer dans la mont\u00e9e !<\/p>\n<p style=\"text-align: justify;\">Et puis ils avaient ritualis\u00e9. Il se souvenait du grand silence, puis des oiseaux qui s\u2019\u00e9taient mis \u00e0 chanter pendant qu\u2019elle marchait autour de l\u2019autel en lisant le credo des sorci\u00e8res. Il avait senti l\u2019\u00e9nergie qu\u2019elle cr\u00e9ait. Comme souvent elle avait attir\u00e9 la D\u00e9esse, il avait vu les petites ailes qu\u2019elle a dans le dos \u00e0 ces moments l\u00e0, il avait entendu une voix plus tard, quand \u00e9tait venu son tour d\u2019intervenir. La voix disait \u00ab ja \u2018so eschs\u2019 guet \u00bb : \u00ab c\u2019est bien comme \u00e7a \u00bb.<\/p>\n<p style=\"text-align: justify;\">Il lui en avait parl\u00e9 sur le retour, mais elle n\u2019avait rien entendu.<\/p>\n<p style=\"text-align: justify;\">Elle vivait rarement ces moments privil\u00e9gi\u00e9s faits de visions, de sensations. Mais elle disait que ce n\u2019est pas grave, que \u00e7a viendrait, que peut \u00eatre apr\u00e8s tout elle n\u2019\u00e9tait qu\u2019une sorte d\u2019antenne et que les antennes ne voient jamais la t\u00e9l\u00e9.<\/p>\n<p style=\"text-align: justify;\">Etait ce la proximit\u00e9 des arbres ? Mais il avait senti comme une griffure sur son \u00e9paule pendant qu\u2019elle pronon\u00e7ait la longue tirade des Eko Eko. Il avait m\u00eame touch\u00e9 sa peau tellement c\u2019\u00e9tait une douleur vive, mais elle \u00e9tait intacte. Et puis il avait senti le poids, et en tournant la t\u00eate il l\u2019avait vu, l\u2019oiseau de proie pos\u00e9 sur son \u00e9paule. Voil\u00e0 les choses qui arrivaient depuis qu\u2019elle ritualisait avec lui\u2026.<\/p>\n<p style=\"text-align: justify;\">Bref ce fut un tr\u00e8s bon rituel et ils \u00e9taient rentr\u00e9s, un peu frigorifi\u00e9s, mais ravis.<\/p>\n<p style=\"text-align: justify;\">Ce n\u2019est que dans les semaines qui suivirent qu\u2019il repensa \u00e0 tout cela et d\u00e9cida de mettre sur pieds un handfasting \u00e0 cet endroit pr\u00e9cis. Il lui en parlerait le plus tard possible. Il fallait d\u2019abord contacter les autres, surtout celle qui officierait, trouver une date qui convienne \u00e0 chacun, pr\u00e9voir les anneaux, le texte, tous les d\u00e9tails.<\/p>\n<p style=\"text-align: justify;\">Et voil\u00e0 ! Tout \u00e9tait pr\u00eat. C\u2019est pour aujourd\u2019hui. Il lui en a dit juste assez pour que la surprise soit la plus grande possible. Elle \u00e9vite de poser des questions. Elle se laisse porter. Une fois n\u2019est pas coutume.<\/p>\n<p style=\"text-align: justify;\">Cette fois ils montent au Nideck \u00e0 l\u2019aube, un jour de semaine, et le sol est sec. Le lieu semble si diff\u00e9rent ainsi ! En d\u00e9finitive c\u2019est une d\u00e9couverte pour chacun. Ils sont cinq : la pr\u00eatresse et son amoureux, la demoiselle, lui et elle\u2026. Et un million d\u2019insectes, d\u2019oiseaux et d\u2019h\u00f4tes habituels des bois ! Le ru est devenu un ruisseau et l\u2019absence d\u2019humains fait qu\u2019on entend le bruit de la cascade.<\/p>\n<p style=\"text-align: justify;\">L\u2019autel est install\u00e9. Tout le monde se d\u00e9v\u00eat. On frissonne un peu dans l\u2019air frais du petit matin. Les pommes sont \u00e9pluch\u00e9es et coup\u00e9es en quartiers, les restes seront plus tard donn\u00e9s en offrande. On verse la bi\u00e8re dans le calice. On lit l\u2019\u00e9motion sur le visage de la pr\u00eatresse.<\/p>\n<p style=\"text-align: justify;\">La demoiselle a port\u00e9 le panier o\u00f9 sont rang\u00e9es les couronnes de fleurs qu\u2019elles ont fabriqu\u00e9es la veille. Les petits chrysanth\u00e8mes rouges et blancs se marient bien avec les cheveux noirs de la pr\u00eatresse.<\/p>\n<p style=\"text-align: justify;\">La future mari\u00e9e y a ajout\u00e9 des rubans et des coquillages. Trois filles, trois fa\u00e7ons de faire, trois couronnes diff\u00e9rentes et pourtant si ressemblantes, cinq paires d\u2019yeux brillants de joie et d\u2019\u00e9motion, trois filles v\u00eatues de ciel, de fleurs, d\u2019un collier et d\u2019une jarreti\u00e8re, et deux gar\u00e7ons profond\u00e9ment amoureux. Une faille dans le temps, un moment d\u2019\u00e9ternit\u00e9.<\/p>\n<p style=\"text-align: justify;\">Chacun prend sa place dans le cercle.<\/p>\n<p style=\"text-align: justify;\">La pr\u00eatresse les appelle, lui et elle, elle leur demande leur nom, et ce qu\u2019ils d\u00e9sirent. Lui semble fier, elle est tr\u00e8s impressionn\u00e9e. Elle se sent toute petite.<\/p>\n<p style=\"text-align: justify;\">La pr\u00eatresse leur lie alors les mains. Cela fait partie des rares d\u00e9tails qu\u2019il lui a r\u00e9v\u00e9l\u00e9s. \u00ab Il nous faudra une corde pour lier nos mains. C\u2019est de l\u00e0 que vient le mot handfasting. \u00bb<\/p>\n<p style=\"text-align: justify;\">Alors elle a achet\u00e9 de la fibre naturelle, et y a patiemment inclus des cheveux, de leurs cheveux. Et voil\u00e0 leurs mains li\u00e9es ! Il suffirait d\u2019un rien pour les s\u00e9parer, mais en m\u00eame temps ce lien a la solidit\u00e9 du plus dur des aciers.<\/p>\n<p style=\"text-align: justify;\">Ils r\u00e9p\u00e8tent phrase apr\u00e8s phrase le serment que leur dicte la pr\u00eatresse. Puis celle-ci prend tour \u00e0 tour la baguette, l\u2019atham\u00e9, la coupe et le pentacle. Avec chacun d\u2019eux elle invoque un pouvoir \u00e0 ce mariage.<\/p>\n<p style=\"text-align: justify;\">Quand elle repose le pentacle elle d\u00e9tache les mains des mari\u00e9s et leur donne les bagues afin qu\u2019ils les \u00e9changent. La mari\u00e9e a l\u2019impression de flotter, elle entend \u00e0 peine le magnifique discours de la pr\u00eatresse qui parle avec justesse de tout ce que la vie de couple leur r\u00e9serve, et qu\u2019elle a pu amplement exp\u00e9rimenter ces vingt derni\u00e8res ann\u00e9es : l\u2019adversit\u00e9 quelle qu\u2019elle soit, contre laquelle il faut lutter ensemble, car \u00ab ensemble vous \u00eates un, s\u00e9par\u00e9ment vous n\u2019\u00eates rien \u00bb ; les moments difficiles o\u00f9 on a l\u2019impression de n\u2019avoir plus rien \u00e0 offrir ; la col\u00e8re qu\u2019il faut changer en amour, les larmes en joie. \u00ab Ce n\u2019est pas une faiblesse d\u2019admettre une erreur, c\u2019est au contraire une force et un signe de sagesse \u00bb.<\/p>\n<p style=\"text-align: justify;\">La mari\u00e9e ne peut d\u00e9tacher son regard des yeux de son aim\u00e9. Il lui sera dit plus tard que son regard \u00e9tait bouleversant.<\/p>\n<p style=\"text-align: justify;\">Elle reprend pied dans la r\u00e9alit\u00e9 quand il leur faut sauter par dessus le balai en se tenant par la main. Ils sont un peu maladroits et tous rient de bon c\u0153ur.<\/p>\n<p style=\"text-align: justify;\">Puis la pr\u00eatresse balaye toutes les influences n\u00e9fastes et tous s\u2019asseyent sur la terre nourrici\u00e8re pour une \u00ab petite \u00bb f\u00eate qui ce jour l\u00e0 porte bien mal son nom.<\/p>\n<p style=\"text-align: justify;\">Quand ils s\u2019en vont le jour est lev\u00e9, leur petit coin de for\u00eat ne porte pas le moindre signe de leur passage, si ce n\u2019est quelques morceaux de pommes qui descendent mollement le cours d\u2019eau vers la cascade.<\/p>\n<p style=\"text-align: justify;\">Ils sont heureux, ils se sentent forts, emplis d\u2019une \u00e9nergie magique que les \u00ab autres \u00bb les \u00ab moldus \u00bb ne peuvent pas comprendre. Ils se tiennent par la main, unis au del\u00e0 de tout ce qu\u2019on peut imaginer.<\/p>\n<p style=\"text-align: justify;\">L\u2019amour est une force, mais il est aussi fragile\u2026. Qui oserait dire le contraire ? Il est comme l\u2019eau de la cascade, il peut te briser, te noyer, te revigorer, ou simplement te glisser entre les doigts.<\/p>\n","protected":false},"excerpt":{"rendered":"<p>Un handfasting comme on en r\u00eave Par V\u00e9ro \u00a9 2006 Il se rappelait les paroles qu\u2019elle lui avait dites il y avait quelques mois. Au d\u00e9but de ce qu\u2019elle consid\u00e9rait comme leur nouvelle vie. Apr\u00e8s quelques ann\u00e9es d\u2019indiff\u00e9rence et somme toute de frustrations \u00e9tait venue la col\u00e8re, puis la rage suicidaire, les larmes, les cris&#8230;.<\/p>\n","protected":false},"author":2,"featured_media":0,"parent":1107,"menu_order":0,"comment_status":"closed","ping_status":"closed","template":"silo.php","meta":{"footnotes":""},"class_list":["post-1133","page","type-page","status-publish","hentry"],"_links":{"self":[{"href":"https:\/\/www.le-sidh.org\/wicca\/wp-json\/wp\/v2\/pages\/1133","targetHints":{"allow":["GET"]}}],"collection":[{"href":"https:\/\/www.le-sidh.org\/wicca\/wp-json\/wp\/v2\/pages"}],"about":[{"href":"https:\/\/www.le-sidh.org\/wicca\/wp-json\/wp\/v2\/types\/page"}],"author":[{"embeddable":true,"href":"https:\/\/www.le-sidh.org\/wicca\/wp-json\/wp\/v2\/users\/2"}],"replies":[{"embeddable":true,"href":"https:\/\/www.le-sidh.org\/wicca\/wp-json\/wp\/v2\/comments?post=1133"}],"version-history":[{"count":4,"href":"https:\/\/www.le-sidh.org\/wicca\/wp-json\/wp\/v2\/pages\/1133\/revisions"}],"predecessor-version":[{"id":1147,"href":"https:\/\/www.le-sidh.org\/wicca\/wp-json\/wp\/v2\/pages\/1133\/revisions\/1147"}],"up":[{"embeddable":true,"href":"https:\/\/www.le-sidh.org\/wicca\/wp-json\/wp\/v2\/pages\/1107"}],"wp:attachment":[{"href":"https:\/\/www.le-sidh.org\/wicca\/wp-json\/wp\/v2\/media?parent=1133"}],"curies":[{"name":"wp","href":"https:\/\/api.w.org\/{rel}","templated":true}]}}