{"id":1131,"date":"2014-08-07T12:57:16","date_gmt":"2014-08-07T10:57:16","guid":{"rendered":"http:\/\/www.le-sidh.org\/wicca\/?page_id=1131"},"modified":"2019-06-18T17:06:46","modified_gmt":"2019-06-18T15:06:46","slug":"rituel-de-handfasting-tradition-seax-wica","status":"publish","type":"page","link":"https:\/\/www.le-sidh.org\/wicca\/handfasting\/rituels\/rituel-de-handfasting-tradition-seax-wica\/","title":{"rendered":"Rituel de Handfasting (tradition Seax-Wica)"},"content":{"rendered":"<p style=\"text-align: justify;\"><strong>Rituel de Handfasting (tradition Seax-Wica). <\/strong><a href=\"http:\/\/www.amazon.fr\/Bucklands-Complete-Witchcraft-Raymond-Buckland-ebook\/dp\/B002Z6YU6M\/ref=sr_1_1?ie=UTF8&amp;qid=1407408996&amp;sr=8-1&amp;keywords=Buckland%27s+Complete+Book+of+Witchcraft\" target=\"_blank\" rel=\"noopener noreferrer\">Extrait de Buckland&rsquo;s Complete Book of Witchcraft, \u00e9ditions Llewellyn.<\/a> Par Raymond Buckland, traduction Lune.<\/p>\n<h4>Handfasting ou Union des Mains : mariage wiccan<\/h4>\n<p style=\"text-align: justify;\">Ce rite doit \u00eatre effectu\u00e9 lors de la Lune croissante. L&rsquo;autel doit \u00eatre d\u00e9cor\u00e9 de fleurs. D&rsquo;autres fleurs encore doivent \u00eatre \u00e9parpill\u00e9es dans le Cercle. Si le coven porte habituellement des robes, pour ce rite il est sugg\u00e9r\u00e9 que les fianc\u00e9s, au moins, soient v\u00eatus de ciel (nus) ; et de pr\u00e9f\u00e9rence tout le coven.<\/p>\n<p style=\"text-align: justify;\">Il est traditionnel dans la Seax-Wica que les fianc\u00e9s \u00e9changent des anneaux. Ceux-ci sont habituellement en or ou en argent, on y fait graver les noms (de l&rsquo;Art) sous forme de runes. Ces anneaux sont pos\u00e9s sur l&rsquo;autel au d\u00e9but du rite. La baguette phallique est \u00e9galement sur l&rsquo;autel.<\/p>\n<p style=\"text-align: justify;\">Le Temple est \u00e9rig\u00e9. Le pr\u00eatre et la pr\u00eatresse s&#8217;embrassent.<\/p>\n<p style=\"text-align: justify;\">Un membre du Coven : \u00a0\u00bb Voici ceux qui parmi nous cherchent \u00e0 \u00eatre unis par le lien du Handfasting.\u00a0\u00bb<\/p>\n<p style=\"text-align: justify;\">Pr\u00eatresse : \u00a0\u00bb Laissons-les \u00eatre nomm\u00e9s et amen\u00e9s devant nous. \u00ab\u00a0<\/p>\n<p style=\"text-align: justify;\">Un membre du Coven : \u00ab\u00a0&#8230; (nom du fianc\u00e9) est l&rsquo;homme, et &#8230; (nom de la fianc\u00e9e) est la femme.\u00a0\u00bb<\/p>\n<p style=\"text-align: justify;\">Les fianc\u00e9s avancent pour se tenir face au pr\u00eatre et \u00e0 la pr\u00eatresse, de l&rsquo;autre c\u00f4t\u00e9 de l&rsquo;autel &#8211; la fianc\u00e9e fait face au pr\u00eatre et le fianc\u00e9 fait face \u00e0 la pr\u00eatresse.<\/p>\n<p style=\"text-align: justify;\">Pr\u00eatresse ( au fianc\u00e9 ) : \u00a0\u00bb Es-tu &#8230; (nom)&#8230; ? \u00ab\u00a0<\/p>\n<p style=\"text-align: justify;\">Le fianc\u00e9 : \u00a0\u00bb Je le suis.\u00a0\u00bb<\/p>\n<p style=\"text-align: justify;\">Pr\u00eatresse : \u00a0\u00bb Quel est ton d\u00e9sir ? \u00ab\u00a0<\/p>\n<p style=\"text-align: justify;\">Fianc\u00e9 : \u00a0\u00bb De ne faire qu&rsquo;un avec &#8230; (nom de la fianc\u00e9e), devant les dieux et la Wicca. \u00ab\u00a0<\/p>\n<p style=\"text-align: justify;\">Pr\u00eatre ( \u00e0 la fianc\u00e9e ) : \u00a0\u00bb Es-tu &#8230; (nom)&#8230; ? \u00ab\u00a0<\/p>\n<p style=\"text-align: justify;\">Fianc\u00e9e : \u00a0\u00bb Je le suis.\u00a0\u00bb<\/p>\n<p style=\"text-align: justify;\">Pr\u00eatre : \u00a0\u00bb Quel est ton d\u00e9sir ? \u00ab\u00a0<\/p>\n<p style=\"text-align: justify;\">Fianc\u00e9e : \u00a0\u00bb De ne faire qu&rsquo;un avec &#8230; (nom du fianc\u00e9), devant les dieux et la Wicca. \u00ab\u00a0<\/p>\n<p style=\"text-align: justify;\">La pr\u00eatresse prend l&rsquo;\u00e9p\u00e9e et la soul\u00e8ve bien haut. Le pr\u00eatre remet la baguette phallique aux fianc\u00e9s. Ceux-ci la tiennent entre eux deux, chacun la tenant de leurs deux mains.<\/p>\n<p style=\"text-align: justify;\">Pr\u00eatresse : \u00a0\u00bb Seigneur et Dame, ici se tiennent devant vous deux de vos gens. Vous \u00eates t\u00e9moins, \u00e0 pr\u00e9sent, de ce qu&rsquo;ils doivent d\u00e9clarer. \u00ab\u00a0<\/p>\n<p style=\"text-align: justify;\">La pr\u00eatresse remet l&rsquo;\u00e9p\u00e9e sur l&rsquo;autel, puis prend son atham\u00e9 et tient sa pointe contre la poitrine du fianc\u00e9. Le fianc\u00e9 r\u00e9p\u00e8te ce qui suit, phrase par phrase.<\/p>\n<p style=\"text-align: justify;\">Pr\u00eatresse : \u00a0\u00bb R\u00e9p\u00e8te apr\u00e8s moi : Moi, &#8230; (nom) &#8230;, suis ici de ma propre volont\u00e9, pour \u00eatre uni \u00e0 &#8230; (nom de la fianc\u00e9e). Je viens avec tout mon amour, mon honneur et ma sinc\u00e9rit\u00e9, souhaitant seulement devenir un avec celle que j&rsquo;aime. Je m&rsquo;efforcerai toujours d&rsquo;assurer le bonheur et le bien-\u00eatre de &#8230; (nom de la fianc\u00e9e). Je d\u00e9fendrai sa vie avant la mienne. Puisse cet atham\u00e9 \u00eatre plong\u00e9 en mon c\u0153ur si je ne suis pas sinc\u00e8re dans tout ce que je d\u00e9clare. Tout cela je le jure sur les noms des dieux *. Puissent-ils me donner la force de tenir mes v\u0153ux. Ainsi soit-il.\u00a0\u00bb<\/p>\n<p style=\"text-align: justify;\">La pr\u00eatresse abaisse son atham\u00e9. Le pr\u00eatre l\u00e8ve alors le sien, et \u00e0 son tour, tient sa pointe sur la poitrine de la fianc\u00e9e. Elle r\u00e9p\u00e8te le serment, phrase par phrase, apr\u00e8s lui.<\/p>\n<p style=\"text-align: justify;\">Pr\u00eatre : \u00a0\u00bb R\u00e9p\u00e8te apr\u00e8s moi : Moi, &#8230; (nom), suis ici de ma propre volont\u00e9, pour m&rsquo;unir \u00e0 &#8230; (nom du fianc\u00e9). Je viens avec tout mon amour, mon honneur et ma sinc\u00e9rit\u00e9, souhaitant seulement devenir une avec celui que j&rsquo;aime. Je m&rsquo;efforcerai toujours d&rsquo;assurer le bonheur et le bien-\u00eatre de &#8230; (nom du fianc\u00e9). Je d\u00e9fendrai sa vie avant la mienne. Puisse cet atham\u00e9 \u00eatre plong\u00e9 en mon c\u0153ur si je n&rsquo;\u00e9tais pas sinc\u00e8re dans tout ce que je d\u00e9clare. Tout cela je le jure sur les noms des dieux*. Puissent-ils me donner la force de tenir mes v\u0153ux. Ainsi soit-il.\u00a0\u00bb<\/p>\n<p style=\"text-align: justify;\">Le pr\u00eatre abaisse son atham\u00e9. La pr\u00eatresse prend les deux anneaux et les asperge avec l&rsquo;eau puis les passe dans la fum\u00e9e d&rsquo;encens. Elle remet au fianc\u00e9 l&rsquo;anneau pour la fianc\u00e9e et donne \u00e0 la fianc\u00e9e celui du fianc\u00e9. Ils les prennent dans leurs mains droites, tout en continuant \u00e0 tenir la baguette phallique avec leur main gauche.<\/p>\n<p style=\"text-align: justify;\">Pr\u00eatre : \u00a0\u00bb Comme l&rsquo;herbe des champs et les arbres des for\u00eats ploient ensemble sous la force de la temp\u00eate, vous aussi devrez vous courber ensemble lorsque le vent soufflera avec force. Mais sachez que si la temp\u00eate surgit vite, elle repart aussi rapidement. Malgr\u00e9 tout, vous devrez vous tenir debout ensemble, trouvant votre force l&rsquo;un dans l&rsquo;autre. Si vous donnez de l&rsquo;amour, alors vous recevrez de l&rsquo;amour. Si vous donnez de la force, alors vous recevrez de la force. Ensemble vous ne faites qu&rsquo;un, s\u00e9par\u00e9ment vous n&rsquo;\u00eates rien. \u00ab\u00a0<\/p>\n<p style=\"text-align: justify;\">Pr\u00eatresse : \u00a0\u00bb Sachez que deux personnes ne peuvent \u00eatre exactement semblables. Pas plus que deux personnes ne peuvent se convenir parfaitement sur tous les plans. Il y aura des moments o\u00f9 il vous semblera difficile de donner et d&rsquo;aimer. Mais regardez alors votre reflet, comme dans un lac de for\u00eat : lorsque l&rsquo;image que vous voyez semble triste et irrit\u00e9e, alors il est temps pour vous de sourire et d&rsquo;aimer (car ce n&rsquo;est pas le feu qui chasse le feu). En retour, votre reflet dans le lac sourira et aimera. Changez alors votre col\u00e8re en amour, et vos larmes en joie. Ce n&rsquo;est pas une faiblesse d&rsquo;admettre une erreur ; c&rsquo;est au contraire une force et un signe de sagesse. \u00ab\u00a0<\/p>\n<p style=\"text-align: justify;\">Pr\u00eatre : \u00a0\u00bb Aimez-vous, aidez-vous et respectez-vous toujours l&rsquo;un l&rsquo;autre, et alors sachez vraiment que vous ne faites qu&rsquo;un aux yeux des dieux et de la Wicca. \u00ab\u00a0<\/p>\n<p style=\"text-align: justify;\">Tous : \u00a0\u00bb Qu&rsquo;il en soit ainsi. \u00ab\u00a0<\/p>\n<p style=\"text-align: justify;\">Le pr\u00eatre reprend la baguette phallique au couple et la remet sur l&rsquo;autel. Les fianc\u00e9s placent chacun l&rsquo;anneau sur le doigt de l&rsquo;autre et s&#8217;embrassent. Ils embrassent ensuite le pr\u00eatre et la pr\u00eatresse par-dessus l&rsquo;autel, puis font le tour du Cercle dans le sens des aiguilles d&rsquo;une montre afin de recevoir les f\u00e9licitations des autres. Ensuite doit suivre la c\u00e9r\u00e9monie des G\u00e2teaux et de la Bi\u00e8re, suivie elle aussi de jeux et de festivit\u00e9s.<\/p>\n<p style=\"text-align: justify;\">* Les noms des dieux peuvent \u00eatre ins\u00e9r\u00e9s ici.<\/p>\n<figure id=\"attachment_669\" aria-describedby=\"caption-attachment-669\" style=\"width: 299px\" class=\"wp-caption aligncenter\"><a href=\"https:\/\/www.le-sidh.org\/wicca\/wp-content\/uploads\/2014\/08\/handfasting.jpg\"><img loading=\"lazy\" decoding=\"async\" class=\"wp-image-669 size-full\" src=\"https:\/\/www.le-sidh.org\/wicca\/wp-content\/uploads\/2014\/08\/handfasting.jpg\" alt=\"Handfasting Lune &amp; Artus, f\u00e9vrier 2005. Photo : V\u00e9ro &amp; Mandragore.\" width=\"299\" height=\"346\" srcset=\"https:\/\/www.le-sidh.org\/wicca\/wp-content\/uploads\/2014\/08\/handfasting.jpg 299w, https:\/\/www.le-sidh.org\/wicca\/wp-content\/uploads\/2014\/08\/handfasting-259x300.jpg 259w\" sizes=\"auto, (max-width: 299px) 100vw, 299px\" \/><\/a><figcaption id=\"caption-attachment-669\" class=\"wp-caption-text\">Handfasting Lune &amp; Artus, f\u00e9vrier 2005. Photo : V\u00e9ro &amp; Mandragore.<\/figcaption><\/figure>\n","protected":false},"excerpt":{"rendered":"<p>Rituel de Handfasting (tradition Seax-Wica). Extrait de Buckland&rsquo;s Complete Book of Witchcraft, \u00e9ditions Llewellyn. Par Raymond Buckland, traduction Lune. Handfasting ou Union des Mains : mariage wiccan Ce rite doit \u00eatre effectu\u00e9 lors de la Lune croissante. L&rsquo;autel doit \u00eatre d\u00e9cor\u00e9 de fleurs. D&rsquo;autres fleurs encore doivent \u00eatre \u00e9parpill\u00e9es dans le Cercle. Si le coven&#8230;<\/p>\n","protected":false},"author":2,"featured_media":0,"parent":1107,"menu_order":0,"comment_status":"closed","ping_status":"closed","template":"silo.php","meta":{"footnotes":""},"class_list":["post-1131","page","type-page","status-publish","hentry"],"_links":{"self":[{"href":"https:\/\/www.le-sidh.org\/wicca\/wp-json\/wp\/v2\/pages\/1131","targetHints":{"allow":["GET"]}}],"collection":[{"href":"https:\/\/www.le-sidh.org\/wicca\/wp-json\/wp\/v2\/pages"}],"about":[{"href":"https:\/\/www.le-sidh.org\/wicca\/wp-json\/wp\/v2\/types\/page"}],"author":[{"embeddable":true,"href":"https:\/\/www.le-sidh.org\/wicca\/wp-json\/wp\/v2\/users\/2"}],"replies":[{"embeddable":true,"href":"https:\/\/www.le-sidh.org\/wicca\/wp-json\/wp\/v2\/comments?post=1131"}],"version-history":[{"count":3,"href":"https:\/\/www.le-sidh.org\/wicca\/wp-json\/wp\/v2\/pages\/1131\/revisions"}],"predecessor-version":[{"id":6882,"href":"https:\/\/www.le-sidh.org\/wicca\/wp-json\/wp\/v2\/pages\/1131\/revisions\/6882"}],"up":[{"embeddable":true,"href":"https:\/\/www.le-sidh.org\/wicca\/wp-json\/wp\/v2\/pages\/1107"}],"wp:attachment":[{"href":"https:\/\/www.le-sidh.org\/wicca\/wp-json\/wp\/v2\/media?parent=1131"}],"curies":[{"name":"wp","href":"https:\/\/api.w.org\/{rel}","templated":true}]}}