{"id":1119,"date":"2014-08-07T12:36:36","date_gmt":"2014-08-07T10:36:36","guid":{"rendered":"http:\/\/www.le-sidh.org\/wicca\/?page_id=1119"},"modified":"2019-06-18T17:14:30","modified_gmt":"2019-06-18T15:14:30","slug":"rituel-de-handfasting-eclectique","status":"publish","type":"page","link":"https:\/\/www.le-sidh.org\/wicca\/handfasting\/rituels\/rituel-de-handfasting-eclectique\/","title":{"rendered":"Rituel de Handfasting (\u00e9clectique)"},"content":{"rendered":"<p style=\"text-align: center;\"><strong>Rituel de Handfasting (\u00e9clectique)<\/strong><br \/>\nPar Akathia (1995), traduction Lune<\/p>\n<div id=\"content\">\n<figure id=\"attachment_1120\" aria-describedby=\"caption-attachment-1120\" style=\"width: 400px\" class=\"wp-caption aligncenter\"><a href=\"https:\/\/www.le-sidh.org\/wicca\/wp-content\/uploads\/2014\/08\/handfasting.gif\"><img loading=\"lazy\" decoding=\"async\" class=\"size-full wp-image-1120\" src=\"https:\/\/www.le-sidh.org\/wicca\/wp-content\/uploads\/2014\/08\/handfasting.gif\" alt=\"Handfasting, source de la photo inconnue \" width=\"400\" height=\"329\" \/><\/a><figcaption id=\"caption-attachment-1120\" class=\"wp-caption-text\">Handfasting, source de la photo inconnue<\/figcaption><\/figure>\n<p style=\"text-align: justify;\"><strong>\u00a0Handfasting ou Union des Mains : mariage pa\u00efen<\/strong><\/p>\n<p>&nbsp;<\/p>\n<p style=\"text-align: justify;\">L&rsquo;endroit en entier est tout d\u2019abord consacr\u00e9 avec le sel, l\u2019eau et purifi\u00e9 avec l\u2019encens, il peut s&rsquo;agir de c\u00e8dre, d\u2019oliban, de sauge ou de bois de santal.<\/p>\n<p style=\"text-align: justify;\">\u00c9rigez l\u2019autel et placez-y :<\/p>\n<ul>\n<li style=\"text-align: justify;\">Deux bougies blanches,<\/li>\n<li style=\"text-align: justify;\">un encensoir et son encens,<\/li>\n<li style=\"text-align: justify;\">un plat de sel ou de terre,<\/li>\n<li style=\"text-align: justify;\">une cloche d\u2019autel en cuivre,<\/li>\n<li style=\"text-align: justify;\">un calice d\u2019eau,<\/li>\n<li style=\"text-align: justify;\">une coupe d&rsquo;huile de rose,<\/li>\n<li style=\"text-align: justify;\">un cristal de quartz,<\/li>\n<li style=\"text-align: justify;\">les alliances du mariage<\/li>\n<li style=\"text-align: justify;\">et deux cordes blanches.<\/li>\n<\/ul>\n<p style=\"text-align: justify;\">Projetez un cercle dans le sens des aiguilles d\u2019une montre en utilisant un atham\u00e9 ou l\u2019\u00e9p\u00e9e de c\u00e9r\u00e9monie. B\u00e9nissez chaque invit\u00e9 par une salutation et avec l&rsquo;encens, puis faites tinter la cloche d\u2019autel trois fois.<\/p>\n<p style=\"text-align: justify;\">Le couple entre dans le cercle en se tenant par la main. Les fianc\u00e9s se placent face \u00e0 l\u2019autel (nord) et sont b\u00e9nis par une salutation et avec l&rsquo;encens. Les invit\u00e9s du mariage forment une cha\u00eene autour de l\u2019autel, le Grand Pr\u00eatre\/la Grande Pr\u00eatresse et le couple se tiennent au centre. Le Grand Pr\u00eatre\/la Grande Pr\u00eatresse l\u00e8ve ses bras vers le ciel et dit :<\/p>\n<blockquote>\n<p style=\"padding-left: 30px;\"><b>Dans ce cercle sacr\u00e9 de lumi\u00e8re<br \/>\nNous nous r\u00e9unissons en parfait amour<br \/>\nEt parfaite confiance.<br \/>\n\u00d4 D\u00e9esse de l\u2019amour divin<br \/>\nJe te demande de b\u00e9nir ce couple<br \/>\nLeur amour et leur mariage<br \/>\nPour aussi longtemps qu\u2019ils vivront<br \/>\nEnsemble dans l\u2019amour.<br \/>\nPuissent-ils jouir d\u2019une vie saine,<br \/>\n\u00c9quilibr\u00e9e et f\u00e9conde,<br \/>\nRemplie de joie et d\u2019amour.<\/b><\/p>\n<\/blockquote>\n<p style=\"text-align: justify;\">Tendez-leur le plat de sel ou de terre. Tous deux placent leur main droite au-dessus de ce plat.<\/p>\n<blockquote>\n<p style=\"padding-left: 30px;\"><b>Soyez b\u00e9nis<br \/>\nPar l\u2019Ancien et Mystique<br \/>\n\u00c9l\u00e9ment de Terre<\/b><\/p>\n<\/blockquote>\n<p style=\"text-align: justify;\">Le couple doit alors se tenir face \u00e0 l\u2019est. Fa\u00eetes tinter la cloche d\u2019autel trois fois et encensez le couple.<\/p>\n<blockquote>\n<p style=\"padding-left: 30px;\"><b>Soyez b\u00e9nis<br \/>\nPar l\u2019Ancien et Mystique<br \/>\n\u00c9l\u00e9ment Air.<\/b><\/p>\n<\/blockquote>\n<p style=\"text-align: justify;\">Le couple doit ensuite se placer face au sud. Remettez \u00e0 chacun une bougie blanche qu\u2019ils devront tenir dans leur main droite. Allumez les bougies et tenez la baguette au-dessus de leur t\u00eate alors que la Grande Pr\u00eatresse\/le Grand Pr\u00eatre dit :<\/p>\n<blockquote>\n<p style=\"padding-left: 30px;\"><b>Soyez b\u00e9nis<br \/>\nPar l\u2019Ancien et Mystique<br \/>\n\u00c9l\u00e9ment Feu.<\/b><\/p>\n<\/blockquote>\n<p style=\"text-align: justify;\">Le couple doit \u00e0 pr\u00e9sent se tenir face \u00e0 l\u2019ouest. Aspergez l\u2019eau du calice au-dessus de leur t\u00eate.<\/p>\n<blockquote>\n<p style=\"padding-left: 30px;\"><b>Soyez b\u00e9nis<br \/>\nPar l\u2019Ancien et Mystique<br \/>\n\u00c9l\u00e9ment Eau. <\/b><\/p>\n<\/blockquote>\n<p style=\"text-align: justify;\">Ils doivent ensuite retourner au Nord. Oignez leur front avec l\u2019huile de rose et tenez le cristal au-dessus d\u2019eux.<\/p>\n<blockquote>\n<p style=\"padding-left: 30px;\"><b>Puisse la D\u00e9esse de l\u2019Amour<br \/>\nDans toute sa Gloire<br \/>\nVous faire don d\u2019une tendre intimit\u00e9,<br \/>\nD\u2019honn\u00eatet\u00e9 et d&rsquo;\u00e9volution spirituelle<br \/>\nPour aussi longtemps que vous vivrez<br \/>\nCar le mariage est l\u2019union sacr\u00e9e<br \/>\nDes aspects f\u00e9minin et masculin<br \/>\nDu Divin.<\/b><\/p>\n<\/blockquote>\n<p>Puis consacrez les alliances avec l\u2019eau sal\u00e9e.<\/p>\n<blockquote>\n<p style=\"padding-left: 30px;\"><b>Que toutes vibrations n\u00e9gatives,<br \/>\nQue toutes impuret\u00e9s et tout obstacle<br \/>\nSoient chass\u00e9s de ceci.<br \/>\nEt que tout ce qui est positif,<br \/>\nAmour et bienfaits<br \/>\nP\u00e9n\u00e8trent en ceci.<br \/>\nB\u00e9nies soient ces alliances<br \/>\nAu nom de la D\u00e9esse.<br \/>\nQu\u2019il en soit ainsi.<\/b><\/p>\n<\/blockquote>\n<p>Chacun glisse l\u2019alliance au doigt de l\u2019autre.<\/p>\n<p>Ils \u00e9changent leurs v\u0153ux et des po\u00e8mes.<\/p>\n<p style=\"text-align: justify;\">Puis on consacre les cordes de la m\u00eame mani\u00e8re que les alliances.<\/p>\n<p style=\"text-align: justify;\">Ensuite on tient les cordes c\u00f4te \u00e0 c\u00f4te, l\u2019homme et la femme prennent chacun une extr\u00e9mit\u00e9 et font un n\u0153ud. Le milieu de la corde est nou\u00e9. Dites :<\/p>\n<blockquote>\n<p style=\"padding-left: 30px;\"><b>Par les n\u0153uds sur cette corde<br \/>\nVotre amour est uni. <\/b><\/p>\n<\/blockquote>\n<p style=\"text-align: justify;\">Liez ensemble les mains du couple avec la corde. \u00c0 cet instant, tous les invit\u00e9s visualisent une lumi\u00e8re blanche d&rsquo;\u00e9nergie entour\u00e9e le couple tandis que leurs auras s\u2019unissent.<\/p>\n<p>Tout le monde doit soulever l\u2019\u00e9nergie en chantant l\u2019amour !<\/p>\n<blockquote>\n<p style=\"padding-left: 60px;\"><b>Par le Pouvoir de la D\u00e9esse<br \/>\nEt Son Consort Cornu<br \/>\nJe vous d\u00e9clare<br \/>\nMari et Femme<br \/>\nPour aussi longtemps que vous vivrez<br \/>\nEnsemble dans l\u2019Amour.<\/b><\/p>\n<p style=\"padding-left: 60px;\"><b>Ainsi soit-il !<\/b><\/p>\n<\/blockquote>\n<\/div>\n","protected":false},"excerpt":{"rendered":"<p>Rituel de Handfasting (\u00e9clectique) Par Akathia (1995), traduction Lune \u00a0Handfasting ou Union des Mains : mariage pa\u00efen &nbsp; L&rsquo;endroit en entier est tout d\u2019abord consacr\u00e9 avec le sel, l\u2019eau et purifi\u00e9 avec l\u2019encens, il peut s&rsquo;agir de c\u00e8dre, d\u2019oliban, de sauge ou de bois de santal. \u00c9rigez l\u2019autel et placez-y : Deux bougies blanches, un&#8230;<\/p>\n","protected":false},"author":2,"featured_media":0,"parent":1107,"menu_order":0,"comment_status":"closed","ping_status":"closed","template":"","meta":{"footnotes":""},"class_list":["post-1119","page","type-page","status-publish","hentry"],"_links":{"self":[{"href":"https:\/\/www.le-sidh.org\/wicca\/wp-json\/wp\/v2\/pages\/1119","targetHints":{"allow":["GET"]}}],"collection":[{"href":"https:\/\/www.le-sidh.org\/wicca\/wp-json\/wp\/v2\/pages"}],"about":[{"href":"https:\/\/www.le-sidh.org\/wicca\/wp-json\/wp\/v2\/types\/page"}],"author":[{"embeddable":true,"href":"https:\/\/www.le-sidh.org\/wicca\/wp-json\/wp\/v2\/users\/2"}],"replies":[{"embeddable":true,"href":"https:\/\/www.le-sidh.org\/wicca\/wp-json\/wp\/v2\/comments?post=1119"}],"version-history":[{"count":5,"href":"https:\/\/www.le-sidh.org\/wicca\/wp-json\/wp\/v2\/pages\/1119\/revisions"}],"predecessor-version":[{"id":6884,"href":"https:\/\/www.le-sidh.org\/wicca\/wp-json\/wp\/v2\/pages\/1119\/revisions\/6884"}],"up":[{"embeddable":true,"href":"https:\/\/www.le-sidh.org\/wicca\/wp-json\/wp\/v2\/pages\/1107"}],"wp:attachment":[{"href":"https:\/\/www.le-sidh.org\/wicca\/wp-json\/wp\/v2\/media?parent=1119"}],"curies":[{"name":"wp","href":"https:\/\/api.w.org\/{rel}","templated":true}]}}