{"id":1105,"date":"2014-08-07T11:32:47","date_gmt":"2014-08-07T09:32:47","guid":{"rendered":"http:\/\/www.le-sidh.org\/wicca\/?page_id=1105"},"modified":"2019-06-18T17:30:18","modified_gmt":"2019-06-18T15:30:18","slug":"benediction-pour-le-handfasting","status":"publish","type":"page","link":"https:\/\/www.le-sidh.org\/wicca\/handfasting\/rituels\/benediction-pour-le-handfasting\/","title":{"rendered":"B\u00e9n\u00e9diction pour le Handfasting"},"content":{"rendered":"<p style=\"text-align: center;\"><strong>Rituel : B\u00e9n\u00e9diction<\/strong><br \/>\nPar Petite Violette \u00a9 2008<\/p>\n<div id=\"content\">\n<p style=\"text-align: justify;\" align=\"justify\"><i>B\u00e9n\u00e9diction inspir\u00e9e <a href=\"http:\/\/www.le-sidh.org\/site\/article_768.html\">du rituel de Handfasting \u00e9crit par Akathia<\/a>.<\/i><\/p>\n<blockquote><p>Dans ce cercle de Lumi\u00e8re,<br \/>\nEn parfait Amour et parfaite Confiance<br \/>\nQue la D\u00e9esse-m\u00e8re et le Dieu-p\u00e8re b\u00e9nissent ce couple,<br \/>\nLeur Amour, leur mariage, pour aussi longtemps qu&rsquo;ils vivront ensemble.<br \/>\nPuissent-ils jouir d&rsquo;une vie saine, \u00e9quilibr\u00e9e et f\u00e9conde, remplie de joie et d&rsquo;amour.<br \/>\nQue les cinq \u00e9l\u00e9ments de vie b\u00e9nissent ces deux amoureux en ce jour du &#8230;&#8230; ;<br \/>\nQue l&rsquo;\u00e9l\u00e9ment Air apporte \u00e0 cette union les dons de bonne communication et de bons souvenirs,<br \/>\nQue l&rsquo;\u00e9l\u00e9ment Feu apporte \u00e0 ce couple les dons de loyaut\u00e9 et de passion,<br \/>\nQue l&rsquo;\u00e9l\u00e9ment Eau apporte \u00e0 ce mariage les dons d&#8217;empathie et de patience,<br \/>\nQue l&rsquo;\u00e9l\u00e9ment Terre apporte \u00e0 cet hymen le don de stabilit\u00e9 et une base ferme,<br \/>\nQue l&rsquo;\u00e9l\u00e9ment Esprit apporte \u00e0 cette alliance le don du choix sage dans tout ce que vous faites l&rsquo;un pour l&rsquo;autre et dites l&rsquo;un \u00e0 l&rsquo;autre.<br \/>\nPuissent la D\u00e9esse et le Dieu, dans toute leur gloire,<br \/>\nvous faire don d&rsquo;une tendre intimit\u00e9, d&rsquo;honn\u00eatet\u00e9 et d&rsquo;\u00e9volution spirituelle.<br \/>\nQue toutes les \u00e9nergies n\u00e9gatives,<br \/>\nQue toutes les impuret\u00e9s et les obstacles soient chass\u00e9s et<br \/>\nQue tout ce qui est positif,<br \/>\nAmour et Bienfaits<br \/>\nSoient d\u00e9vers\u00e9s sur cette union.<br \/>\nQu&rsquo;il en soit ainsi!<\/p><\/blockquote>\n<\/div>\n","protected":false},"excerpt":{"rendered":"<p>Rituel : B\u00e9n\u00e9diction Par Petite Violette \u00a9 2008 B\u00e9n\u00e9diction inspir\u00e9e du rituel de Handfasting \u00e9crit par Akathia. Dans ce cercle de Lumi\u00e8re, En parfait Amour et parfaite Confiance Que la D\u00e9esse-m\u00e8re et le Dieu-p\u00e8re b\u00e9nissent ce couple, Leur Amour, leur mariage, pour aussi longtemps qu&rsquo;ils vivront ensemble. Puissent-ils jouir d&rsquo;une vie saine, \u00e9quilibr\u00e9e et f\u00e9conde,&#8230;<\/p>\n","protected":false},"author":2,"featured_media":6887,"parent":1107,"menu_order":0,"comment_status":"closed","ping_status":"closed","template":"silo.php","meta":{"footnotes":""},"class_list":["post-1105","page","type-page","status-publish","has-post-thumbnail","hentry"],"_links":{"self":[{"href":"https:\/\/www.le-sidh.org\/wicca\/wp-json\/wp\/v2\/pages\/1105","targetHints":{"allow":["GET"]}}],"collection":[{"href":"https:\/\/www.le-sidh.org\/wicca\/wp-json\/wp\/v2\/pages"}],"about":[{"href":"https:\/\/www.le-sidh.org\/wicca\/wp-json\/wp\/v2\/types\/page"}],"author":[{"embeddable":true,"href":"https:\/\/www.le-sidh.org\/wicca\/wp-json\/wp\/v2\/users\/2"}],"replies":[{"embeddable":true,"href":"https:\/\/www.le-sidh.org\/wicca\/wp-json\/wp\/v2\/comments?post=1105"}],"version-history":[{"count":5,"href":"https:\/\/www.le-sidh.org\/wicca\/wp-json\/wp\/v2\/pages\/1105\/revisions"}],"predecessor-version":[{"id":6889,"href":"https:\/\/www.le-sidh.org\/wicca\/wp-json\/wp\/v2\/pages\/1105\/revisions\/6889"}],"up":[{"embeddable":true,"href":"https:\/\/www.le-sidh.org\/wicca\/wp-json\/wp\/v2\/pages\/1107"}],"wp:featuredmedia":[{"embeddable":true,"href":"https:\/\/www.le-sidh.org\/wicca\/wp-json\/wp\/v2\/media\/6887"}],"wp:attachment":[{"href":"https:\/\/www.le-sidh.org\/wicca\/wp-json\/wp\/v2\/media?parent=1105"}],"curies":[{"name":"wp","href":"https:\/\/api.w.org\/{rel}","templated":true}]}}