{"id":107,"date":"2014-07-15T14:47:21","date_gmt":"2014-07-15T12:47:21","guid":{"rendered":"http:\/\/www.le-sidh.org\/wicca\/?page_id=107"},"modified":"2015-04-28T09:14:10","modified_gmt":"2015-04-28T07:14:10","slug":"sabbat-de-la-veille-de-mai-bos-de-gerald-gardner","status":"publish","type":"page","link":"https:\/\/www.le-sidh.org\/wicca\/sabbats\/beltane\/sabbat-de-la-veille-de-mai-bos-de-gerald-gardner\/","title":{"rendered":"Sabbat de la Veille de Mai, Bos de Gerald Gardner"},"content":{"rendered":"<p>BoS de Gerald Gardner &#8211; Veille de Mai,\u00a0traduction Lune<\/p>\n<p>Tir\u00e9 du Livre des Ombres. 1949.<\/p>\n<p>Si possible, chevaucher b\u00e2tons, balais, etc. La Grande Pr\u00eatresse dirige, avec de rapides pas de danse et chante.<\/p>\n<blockquote><p>\u00ab Oh ne le dites pas aux pr\u00eatres de nos arts.<br \/>\nIls nommeraient cela p\u00e9ch\u00e9,<br \/>\nCar, toute la nuit, nous serons dans les bois.<br \/>\nPour appeler, appeler l&rsquo;\u00e9t\u00e9.<br \/>\nEt par le bouche \u00e0 oreille, nous apporterons de bonnes nouvelles.<br \/>\nPour les femmes, le b\u00e9tail et le bl\u00e9 :<br \/>\nLe soleil se l\u00e8ve au sud.<br \/>\nAvec le ch\u00eane et le fr\u00eane, et l&rsquo;aub\u00e9pine. \u00bb<\/p><\/blockquote>\n<p>Danse de rencontre si possible.<\/p>\n<p>Former le cercle comme d&rsquo;habitude et purifier.<\/p>\n<p>La Grande Pr\u00eatresse assume la position de la D\u00e9esse ; les officiers lui donnent tous le quintuple baiser.<\/p>\n<p>Elle les purifient tous.<\/p>\n<p>La Grande Pr\u00eatresse assume \u00e0 nouveau la position de la D\u00e9esse.<\/p>\n<p>Le Magus invoque, fait descendre la lune,<\/p>\n<blockquote><p>\u00ab Je t&rsquo;invoque et t&rsquo;appelle, \u00d4 notre puissante M\u00e8re \u00e0 tous, Source de toute f\u00e9condit\u00e9.<br \/>\nPar la graine et la racine, par la tige et le bourgeon, par la feuille et la fleur et le fruit, par la vie et l&rsquo;amour, nous t&rsquo;invoquons, descends sur le corps de ta servante et Pr\u00eatresse.\u00bb<\/p><\/blockquote>\n<p>Le Magus donne le Quintuple Baiser \u00e0 la Grande Pr\u00eatresse.<\/p>\n<p>Tous devront \u00eatre purifi\u00e9s en sacrifice devant elle, et elle devra purifier le Magus et d&rsquo;autres de ses propres mains.<\/p>\n<p>G\u00e2teaux et vin.<\/p>\n<p>Jeux.<\/p>\n<p>Le Grand Rite si possible, symbolique ou r\u00e9el.<\/p>\n<p>Renvoi [des gardiens, du cercle magique ; les gens peuvent alors rester pour] festoyer et danser.<\/p>\n<p><a href=\"https:\/\/www.le-sidh.org\/wicca\/wp-content\/uploads\/2014\/07\/PATRICIACROWTHERPIC.jpg\"><img loading=\"lazy\" decoding=\"async\" class=\"aligncenter size-full wp-image-109\" src=\"https:\/\/www.le-sidh.org\/wicca\/wp-content\/uploads\/2014\/07\/PATRICIACROWTHERPIC.jpg\" alt=\"Patricia Crowther\" width=\"339\" height=\"479\" srcset=\"https:\/\/www.le-sidh.org\/wicca\/wp-content\/uploads\/2014\/07\/PATRICIACROWTHERPIC.jpg 339w, https:\/\/www.le-sidh.org\/wicca\/wp-content\/uploads\/2014\/07\/PATRICIACROWTHERPIC-212x300.jpg 212w\" sizes=\"auto, (max-width: 339px) 100vw, 339px\" \/><\/a><\/p>\n","protected":false},"excerpt":{"rendered":"<p>BoS de Gerald Gardner &#8211; Veille de Mai,\u00a0traduction Lune Tir\u00e9 du Livre des Ombres. 1949. Si possible, chevaucher b\u00e2tons, balais, etc. La Grande Pr\u00eatresse dirige, avec de rapides pas de danse et chante. \u00ab Oh ne le dites pas aux pr\u00eatres de nos arts. Ils nommeraient cela p\u00e9ch\u00e9, Car, toute la nuit, nous serons dans&#8230;<\/p>\n","protected":false},"author":2,"featured_media":0,"parent":80,"menu_order":0,"comment_status":"closed","ping_status":"closed","template":"","meta":{"footnotes":""},"class_list":["post-107","page","type-page","status-publish","hentry"],"_links":{"self":[{"href":"https:\/\/www.le-sidh.org\/wicca\/wp-json\/wp\/v2\/pages\/107","targetHints":{"allow":["GET"]}}],"collection":[{"href":"https:\/\/www.le-sidh.org\/wicca\/wp-json\/wp\/v2\/pages"}],"about":[{"href":"https:\/\/www.le-sidh.org\/wicca\/wp-json\/wp\/v2\/types\/page"}],"author":[{"embeddable":true,"href":"https:\/\/www.le-sidh.org\/wicca\/wp-json\/wp\/v2\/users\/2"}],"replies":[{"embeddable":true,"href":"https:\/\/www.le-sidh.org\/wicca\/wp-json\/wp\/v2\/comments?post=107"}],"version-history":[{"count":4,"href":"https:\/\/www.le-sidh.org\/wicca\/wp-json\/wp\/v2\/pages\/107\/revisions"}],"predecessor-version":[{"id":2044,"href":"https:\/\/www.le-sidh.org\/wicca\/wp-json\/wp\/v2\/pages\/107\/revisions\/2044"}],"up":[{"embeddable":true,"href":"https:\/\/www.le-sidh.org\/wicca\/wp-json\/wp\/v2\/pages\/80"}],"wp:attachment":[{"href":"https:\/\/www.le-sidh.org\/wicca\/wp-json\/wp\/v2\/media?parent=107"}],"curies":[{"name":"wp","href":"https:\/\/api.w.org\/{rel}","templated":true}]}}