{"id":1062,"date":"2014-08-06T19:25:14","date_gmt":"2014-08-06T17:25:14","guid":{"rendered":"http:\/\/www.le-sidh.org\/wicca\/?page_id=1062"},"modified":"2014-08-06T19:25:14","modified_gmt":"2014-08-06T17:25:14","slug":"sabbat-de-lequinoxe-dautomne-mabon-par-raymond-buckland","status":"publish","type":"page","link":"https:\/\/www.le-sidh.org\/wicca\/sabbats\/mabon\/sabbat-de-lequinoxe-dautomne-mabon-par-raymond-buckland\/","title":{"rendered":"Sabbat de l&rsquo;\u00e9quinoxe d&rsquo;automne, Mabon par Raymond Buckland"},"content":{"rendered":"<p style=\"text-align: center;\"><strong>Sabbat de l&rsquo;\u00e9quinoxe d&rsquo;automne, Mabon<\/strong><br \/>\nPar Raymond Buckland, traduction &amp; adaptation Lune<\/p>\n<figure id=\"attachment_1063\" aria-describedby=\"caption-attachment-1063\" style=\"width: 500px\" class=\"wp-caption aligncenter\"><a href=\"https:\/\/www.le-sidh.org\/wicca\/wp-content\/uploads\/2014\/08\/mabon.jpg\"><img loading=\"lazy\" decoding=\"async\" class=\"size-full wp-image-1063\" src=\"https:\/\/www.le-sidh.org\/wicca\/wp-content\/uploads\/2014\/08\/mabon.jpg\" alt=\"Illustrateur ?\" width=\"500\" height=\"371\" srcset=\"https:\/\/www.le-sidh.org\/wicca\/wp-content\/uploads\/2014\/08\/mabon.jpg 500w, https:\/\/www.le-sidh.org\/wicca\/wp-content\/uploads\/2014\/08\/mabon-300x222.jpg 300w\" sizes=\"auto, (max-width: 500px) 100vw, 500px\" \/><\/a><figcaption id=\"caption-attachment-1063\" class=\"wp-caption-text\">Illustrateur ?<\/figcaption><\/figure>\n<p style=\"text-align: justify;\">La nappe d&rsquo;autel et les bougies doivent \u00eatre de couleur rouge. Le Cercle doit \u00eatre d\u00e9cor\u00e9 de fleurs d&rsquo;automne, de glands, de calebasses, de pommes de pin, de gerbes de bl\u00e9, etc. Un bol de fruits (pommes, poires, p\u00eaches et autres) est pos\u00e9 sur l&rsquo;autel. Les offrandes [1] sont dispos\u00e9es autour de l&rsquo;autel.<\/p>\n<p style=\"text-align: justify;\">Le Pr\u00eatre ou la Pr\u00eatresse : \u00ab \u00c0 pr\u00e9sent, profitons du fruit de notre labeur. \u00bb<\/p>\n<p style=\"text-align: justify;\">Un membre du coven : \u00ab \u00c0 pr\u00e9sent, c\u00e9l\u00e9brons la r\u00e9colte. \u00bb<\/p>\n<p style=\"text-align: justify;\">Un membre du coven : \u00ab Ce que nous avons sem\u00e9 au printemps, \u00e0 pr\u00e9sent nous le r\u00e9coltons. \u00bb<\/p>\n<p style=\"text-align: justify;\">Le Pr\u00eatre ou la Pr\u00eatresse: \u00ab \u00c0 pr\u00e9sent, payons notre d\u00fb et profitons de nos justes r\u00e9compenses. \u00bb<\/p>\n<p style=\"text-align: justify;\">On fait tinter la cloche trois fois. TOUS joignent leurs mains et se d\u00e9placent lentement, dextrogyre, dans le Cercle. Un simple pas de danse [\u2026] ou un petit saut peuvent \u00eatre ex\u00e9cut\u00e9s, si d\u00e9sir\u00e9. Le coven fait trois tour de cercle. Tandis qu&rsquo;ils font la ronde, le Pr\u00eatre ou la Pr\u00eatresse dit :<\/p>\n<p style=\"text-align: justify;\">Le Pr\u00eatre ou la Pr\u00eatresse: \u00ab Le Jour et la Nuit s&rsquo;\u00e9quilibrent.<br \/>\n\u00c0 aucun moment, le temps ne s&rsquo;immobilise.<br \/>\nLa roue tourne et tourne encore :<br \/>\nles enfants naissent et grandissent, puis vieillissent.<br \/>\nLa Mort viendra aussi s\u00fbrement que le soleil se l\u00e8ve.<br \/>\nPuisque la Mort [2] est in\u00e9vitable, accueillons-le comme un ami.<br \/>\nSouvenons-nous, c&rsquo;est lui qui ouvre la porte,<br \/>\nLa porte qui conduit \u00e0 la vie.<br \/>\nDe la vie \u00e0 la mort, et de la mort \u00e0 la vie :<br \/>\nl&rsquo;\u00c9quilibre et l&rsquo;harmonie ;<br \/>\nperp\u00e9tuellement en mouvement.\u00a0\u00bb<\/p>\n<p style=\"text-align: justify;\">Lorsque la ronde prend fin, le Pr\u00eatre prend le bol de fruits et fait le tour du Cercle en donnant un fruit \u00e0 chaque membre du coven. \u00c0 chaque fois qu&rsquo;il donne un fruit \u00e0 quelqu&rsquo;un, il donne \u00e9galement une accolade et un baiser. Un membre du coven dit :<\/p>\n<p style=\"text-align: justify;\">Un membre du coven : \u00ab Je remercie les Dieux pour ce symbole d&rsquo;une r\u00e9colte heureuse. \u00bb<\/p>\n<p style=\"text-align: justify;\">Le Pr\u00eatre donne enfin un fruit \u00e0 la Pr\u00eatresse, puis celle-ci, \u00e0 son tour, donne le dernier fruit au Pr\u00eatre. On fait tinter la cloche sept fois. Puis, tous s&rsquo;assoient et mangent leur fruit avec plaisir. \u00c0 ce moment l\u00e0, des conversations joyeuses peuvent naitre. Lorsque tous ont fini de manger, on fait sonner la cloche trois fois et tous se rel\u00e8vent.<\/p>\n<p style=\"text-align: justify;\">Le Pr\u00eatre : \u00ab Bien que la saison d&rsquo;abondance tire \u00e0 sa fin, les Dieux sont pourtant toujours avec nous. Notre Seigneur veille sur nous, tout comme sa Dame. \u00bb<\/p>\n<p style=\"text-align: justify;\">La Pr\u00eatresse : \u00ab Aux bonnes saisons qui sont d\u00e9j\u00e0 pass\u00e9es. \u00bb<\/p>\n<p style=\"text-align: justify;\">Tous : \u00ab Le Seigneur et la Dame accordent leurs b\u00e9n\u00e9dictions. \u00bb<\/p>\n<p style=\"text-align: justify;\">Le Pr\u00eatre : \u00ab\u00c0 la beaut\u00e9 de l&rsquo;automne et aux amis que nous ch\u00e9rissons. \u00bb<\/p>\n<p style=\"text-align: justify;\">Tous : \u00ab Le Seigneur et la Dame accordent leurs b\u00e9n\u00e9dictions. \u00bb<\/p>\n<p style=\"text-align: justify;\">Un membre du coven : \u00ab Paix, joie et amour au monde. \u00bb<\/p>\n<p style=\"text-align: justify;\">Tous : \u00ab \u00c0 cela, nous donnons notre b\u00e9n\u00e9diction. \u00bb<\/p>\n<p style=\"text-align: justify;\">Pr\u00eatre : \u00ab Comment est la terre ? \u00bb<\/p>\n<p style=\"text-align: justify;\">Tous : \u00ab Elle a \u00e9t\u00e9 bien soign\u00e9e. \u00bb<\/p>\n<p style=\"text-align: justify;\">Pr\u00eatresse : \u00ab Comment sont les champs ? \u00bb<\/p>\n<p style=\"text-align: justify;\">Tous : \u00ab Beaux et g\u00e9n\u00e9reux. \u00bb<\/p>\n<p style=\"text-align: justify;\">Un membre du coven : \u00ab Que sont nos vies ? \u00bb<\/p>\n<p style=\"text-align: justify;\">Tous : \u00ab La moisson des Dieux. \u00bb<\/p>\n<p style=\"text-align: justify;\">Le Pr\u00eatre ou la Pr\u00eatresse: \u00ab Alors que nous jouissons des fruits de notre labeur, la moisson de nos vies, n&rsquo;oublions jamais ceux qui ne sont pas aussi fortun\u00e9s. \u00bb\u00a0\u00bb<\/p>\n<p style=\"text-align: justify;\">Un membre du coven : \u00ab Nous offrons, ici, une part de notre fortune pour qu&rsquo;elle aille \u00e0 ceux qui en ont besoin. \u00bb<\/p>\n<p style=\"text-align: justify;\">Tous : \u00ab Ainsi soit-il ! \u00bb<\/p>\n<p style=\"text-align: justify;\">Le Pr\u00eatre ou la Pr\u00eatresse: \u00ab Puissent le Seigneur et la Dame b\u00e9nir ces offrandes, b\u00e9nir ceux qui les donnent et b\u00e9nir ceux qui les recevront. \u00bb<\/p>\n<p style=\"text-align: justify;\">On sonne la cloche trois fois. Puis suivra la c\u00e9r\u00e9monie des G\u00e2teaux et de la Bi\u00e8re. La R\u00e9vocation du Cercle est accomplie afin qu&rsquo;il y ait suffisamment d&rsquo;espace pour s&rsquo;amuser, pour les jeux et les autres divertissements.<\/p>\n<p style=\"text-align: center;\">_________________________________________<\/p>\n<p style=\"text-align: justify;\">[1] Les offrandes correspondent aux personnes qui les font. Je connais un coven qui donne de l&rsquo;argent en offrande, argent qui est ensuite vers\u00e9 aux \u0153uvres de charit\u00e9. Je connais un autre coven qui fait des offrandes de nourritures et de v\u00eatements aux n\u00e9cessiteux. L&rsquo;offrande devrait \u00eatre une sorte de sacrifice de la part du donateur, et non un don symbolique.<\/p>\n<p style=\"text-align: justify;\">[2] NdlT : la Mort dans la wicca est masculine puisqu&rsquo;il s&rsquo;agit du Dieu.<\/p>\n","protected":false},"excerpt":{"rendered":"<p>Sabbat de l&rsquo;\u00e9quinoxe d&rsquo;automne, Mabon Par Raymond Buckland, traduction &amp; adaptation Lune La nappe d&rsquo;autel et les bougies doivent \u00eatre de couleur rouge. Le Cercle doit \u00eatre d\u00e9cor\u00e9 de fleurs d&rsquo;automne, de glands, de calebasses, de pommes de pin, de gerbes de bl\u00e9, etc. Un bol de fruits (pommes, poires, p\u00eaches et autres) est pos\u00e9&#8230;<\/p>\n","protected":false},"author":2,"featured_media":0,"parent":68,"menu_order":0,"comment_status":"closed","ping_status":"closed","template":"silo.php","meta":{"footnotes":""},"class_list":["post-1062","page","type-page","status-publish","hentry"],"_links":{"self":[{"href":"https:\/\/www.le-sidh.org\/wicca\/wp-json\/wp\/v2\/pages\/1062","targetHints":{"allow":["GET"]}}],"collection":[{"href":"https:\/\/www.le-sidh.org\/wicca\/wp-json\/wp\/v2\/pages"}],"about":[{"href":"https:\/\/www.le-sidh.org\/wicca\/wp-json\/wp\/v2\/types\/page"}],"author":[{"embeddable":true,"href":"https:\/\/www.le-sidh.org\/wicca\/wp-json\/wp\/v2\/users\/2"}],"replies":[{"embeddable":true,"href":"https:\/\/www.le-sidh.org\/wicca\/wp-json\/wp\/v2\/comments?post=1062"}],"version-history":[{"count":1,"href":"https:\/\/www.le-sidh.org\/wicca\/wp-json\/wp\/v2\/pages\/1062\/revisions"}],"predecessor-version":[{"id":1064,"href":"https:\/\/www.le-sidh.org\/wicca\/wp-json\/wp\/v2\/pages\/1062\/revisions\/1064"}],"up":[{"embeddable":true,"href":"https:\/\/www.le-sidh.org\/wicca\/wp-json\/wp\/v2\/pages\/68"}],"wp:attachment":[{"href":"https:\/\/www.le-sidh.org\/wicca\/wp-json\/wp\/v2\/media?parent=1062"}],"curies":[{"name":"wp","href":"https:\/\/api.w.org\/{rel}","templated":true}]}}