{"id":1052,"date":"2014-08-06T18:38:16","date_gmt":"2014-08-06T16:38:16","guid":{"rendered":"http:\/\/www.le-sidh.org\/wicca\/?page_id=1052"},"modified":"2019-06-19T10:58:40","modified_gmt":"2019-06-19T08:58:40","slug":"magie-du-solstice-dete","status":"publish","type":"page","link":"https:\/\/www.le-sidh.org\/wicca\/sabbats\/litha\/magie-du-solstice-dete\/","title":{"rendered":"Magie du Solstice d\u2019\u00c9t\u00e9"},"content":{"rendered":"<p style=\"text-align: justify;\"><strong>Magie du Solstice d\u2019\u00c9t\u00e9. <\/strong>Par Linda du Temple of Ara, traduction Lune<\/p>\n<p style=\"text-align: justify;\">[&#8230;] C\u2019est un rituel tr\u00e8s simple\u2026 Pour moi, l\u2019\u00e9t\u00e9 est toujours synonyme de plaisir, d\u2019amusement et de d\u00e9tente alors je n\u2019ai pas voulu faire ce rituel trop intense.<\/p>\n<p style=\"text-align: justify;\">Le Solstice d\u2019\u00c9t\u00e9 est le moment o\u00f9 le Soleil exerce son pouvoir maximum [\u2026]. C\u2019est la p\u00e9riode pour c\u00e9l\u00e9brer la joie, la chaleur et les rires de l\u2019\u00e9t\u00e9. Le d\u00e9but de l\u2019\u00e9t\u00e9 repr\u00e9sente une p\u00e9riode pour la purification, le renouveau pour soi-m\u00eame, un moment pour se lib\u00e9rer de la tristesse, des peurs et des peines dans votre vie. C\u2019est le moment de la purification, pour se d\u00e9barrasser de tout ce qui est n\u00e9gatif et pour faire appel au principe du \u00ab Dieu \u00bb afin de manifester notre propre pouvoir.<\/p>\n<p style=\"text-align: justify;\">C\u2019est une p\u00e9riode de joie, une p\u00e9riode pour se d\u00e9barrasser des choses non d\u00e9sir\u00e9es, pour c\u00e9l\u00e9brer la fertilit\u00e9 et la joie de vivre, sans oublier de remercier pour tout ce qui s\u2019est manifest\u00e9 dans votre vie. C\u2019est un moment pour danser, chanter et faire le plein d\u2019amour.<\/p>\n<p style=\"text-align: justify;\">C\u2019est le moment pour renouveler, lib\u00e9rer et renforcer nos manifestations physiques ext\u00e9rieures. C\u2019est-\u00e0-dire : finances, sant\u00e9, joie, foi, amour, bonheur, amiti\u00e9s, famille, b\u00e9n\u00e9dictions, humour et abondance. Le sentiment de ne \u00ab faire qu\u2019un avec le TOUT \u00bb.<\/p>\n<p style=\"text-align: justify;\">Pour cette c\u00e9l\u00e9bration du Solstice d\u2019\u00c9t\u00e9, nous exploiterons le pouvoir du Soleil \u2013 nous absorberons toute l\u2019\u00e9nergie, la lumi\u00e8re et la chaleur dont nous pourrons tirer parti lorsque nous en aurons le plus besoin.<\/p>\n<p style=\"text-align: justify;\">Si c\u2019est possible, sortez pour r\u00e9aliser ce rituel tr\u00e8s simple.<\/p>\n<p style=\"text-align: justify;\">Vous aurez besoin de :<\/p>\n<ul>\n<li style=\"text-align: justify;\">Un crayon, du papier<\/li>\n<li style=\"text-align: justify;\">Bougies pour les quartiers<\/li>\n<li style=\"text-align: justify;\">Une (grosse) bougie blanche pour le centre<\/li>\n<li style=\"text-align: justify;\">Des allumettes<\/li>\n<li style=\"text-align: justify;\">Un chaudron pour br\u00fbler \u2013 ou un bol ignifuge \u2013 ou peut-\u00eatre un simple bol o\u00f9 on ne br\u00fblera rien \u00e0 l\u2019int\u00e9rieur\u2026<\/li>\n<li style=\"text-align: justify;\">Si l\u2019Esprit vous pousse \u00e0 dresser un autel et \u00e0 le d\u00e9corer avec des fleurs, alors faites-le !<\/li>\n<\/ul>\n<p style=\"text-align: justify;\">\u00c9tapes du rituel :<\/p>\n<p style=\"text-align: justify;\">\u2022 Avant le solstice, commencez par la purification : de votre maison et de vous-m\u00eame. Utilisez dans les deux cas des agents nettoyants, comme le savon, et des herbes, comme la sauge par exemple.<\/p>\n<p style=\"text-align: justify;\">\u2022 \u00c0 l\u2019aube du Solstice, lorsque le soleil vient juste d\u2019appara\u00eetre \u00e0 l\u2019horizon, commencez par vous focaliser sur votre respiration, cultivez votre attention, soyez pleinement conscient d\u2019\u00eatre pr\u00e9sent. Focalisez-vous sur la sensation dans vos pieds qui s\u2019\u00e9l\u00e8ve dans chaque partie de votre corps.<\/p>\n<p style=\"text-align: justify;\">\u2022 M\u00e9ditez et chantez (utilisez tout chant qui vous vient spontan\u00e9ment) afin d\u2019attirer vos esprits-guides pour qu\u2019ils vous aident lors du rituel.<\/p>\n<p style=\"text-align: justify;\">\u2022 Allumez vos bougies (les bougies des quartiers et la grosse bougie blanche centrale).<\/p>\n<p style=\"text-align: justify;\">\u2022 Faites une liste des choses que vous voulez renouveler, voir r\u00e9aliser, am\u00e9liorer ou abandonner dans votre vie. Placez-la sous la bougie centrale de l\u2019autel.<\/p>\n<p style=\"text-align: justify;\">\u2022 M\u00e9ditez et chantez \u00e0 nouveau pour permettre aux esprits-guides de vous montrer ce qui peut vous bloquer pour atteindre votre but.<\/p>\n<p style=\"text-align: justify;\">\u2022 Prenez votre liste et br\u00fblez-la (si possible) dans votre chaudron. (Prenez vos pr\u00e9cautions lorsque vous br\u00fblez cette liste.) Si vous n\u2019\u00eates pas \u00e0 l\u2019aise avec l\u2019id\u00e9e de br\u00fbler la liste, d\u00e9chirez-la en tout un tas de petits morceaux et laissez-les dans votre chaudron ou bol pour les jeter plus tard.<\/p>\n<p style=\"text-align: justify;\">\u2022 R\u00e9p\u00e9tez une affirmation qui vous aidera dans votre projet. (Voir des exemples d\u2019affirmations plus bas.) (NdlT : <a href=\"https:\/\/www.le-sidh.org\/wicca\/pratiques-rituelles-sorcieres\/charmes-sortileges\/echelle-de-sorcieres-ou-la-corde-a-40-noeuds\/\" target=\"_blank\" rel=\"noopener noreferrer\">utilisez son \u00e9chelle sorci\u00e8re peut-\u00eatre une bonne id\u00e9e<\/a>.)<\/p>\n<p style=\"text-align: justify;\">\u2022 Remerciez vos esprits guides pour leur aide et remerciez le Soleil pour son pouvoir et son \u00e9nergie.<\/p>\n<p style=\"text-align: justify;\"><em>Linda Maglionico, HPS, Elder<\/em><br \/>\n<em> Temple of Ara<\/em><\/p>\n<p style=\"text-align: justify;\">Exemples d\u2019affirmation :<\/p>\n<ul>\n<li>J\u2019ai confiance dans le processus de vie. Tout ce dont j\u2019ai besoin ou que je d\u00e9sire m\u2019est toujours accord\u00e9. J\u2019en suis certain.<\/li>\n<li>Mon vrai moi, radieux, puissant, plein de succ\u00e8s et intelligent, irradie de tous ses feux \u00e0 pr\u00e9sent de telle fa\u00e7on que le monde ENTIER, moi y compris, puisse me voir briller !<\/li>\n<li>Le pass\u00e9 est termin\u00e9 et je l\u2019abandonne facilement.<\/li>\n<li>Je dissous maintenant TOUTES croyances n\u00e9gatives et\/ou \u00e9triqu\u00e9es.<\/li>\n<li>Elles n\u2019ont AUCUN pouvoir sur moi.<\/li>\n<li>Je suis lib\u00e9r\u00e9 de mes blessures, de mes peines, de mes culpabilit\u00e9s, de mes peurs et de toute m\u00e9prise du pass\u00e9.<\/li>\n<li>Je m\u2019accepte profond\u00e9ment et pleinement tel que je suis.<\/li>\n<li>Je m\u2019appr\u00e9cie !<\/li>\n<li>Je choisis maintenant de penser \u00e0 des choses qui me font du bien.<\/li>\n<li>Je suis entour\u00e9 par l\u2019amour des personnes qui me soutiennent dans la vie.<\/li>\n<li>Je me lib\u00e8re facilement de tout jugement sur ma vie.<\/li>\n<li>Je sais qu\u2019il est bon pour moi de prendre soin de moi-m\u00eame.<\/li>\n<li>J\u2019ai une \u00e9nergie illimit\u00e9e.<\/li>\n<\/ul>\n<p style=\"text-align: justify;\">(Ces affirmations ont \u00e9t\u00e9 emprunt\u00e9es au Circle of Light)<\/p>\n","protected":false},"excerpt":{"rendered":"<p>Magie du Solstice d\u2019\u00c9t\u00e9. Par Linda du Temple of Ara, traduction Lune [&#8230;] C\u2019est un rituel tr\u00e8s simple\u2026 Pour moi, l\u2019\u00e9t\u00e9 est toujours synonyme de plaisir, d\u2019amusement et de d\u00e9tente alors je n\u2019ai pas voulu faire ce rituel trop intense. Le Solstice d\u2019\u00c9t\u00e9 est le moment o\u00f9 le Soleil exerce son pouvoir maximum [\u2026]. C\u2019est&#8230;<\/p>\n","protected":false},"author":2,"featured_media":6890,"parent":66,"menu_order":0,"comment_status":"closed","ping_status":"closed","template":"silo.php","meta":{"footnotes":""},"class_list":["post-1052","page","type-page","status-publish","has-post-thumbnail","hentry"],"_links":{"self":[{"href":"https:\/\/www.le-sidh.org\/wicca\/wp-json\/wp\/v2\/pages\/1052","targetHints":{"allow":["GET"]}}],"collection":[{"href":"https:\/\/www.le-sidh.org\/wicca\/wp-json\/wp\/v2\/pages"}],"about":[{"href":"https:\/\/www.le-sidh.org\/wicca\/wp-json\/wp\/v2\/types\/page"}],"author":[{"embeddable":true,"href":"https:\/\/www.le-sidh.org\/wicca\/wp-json\/wp\/v2\/users\/2"}],"replies":[{"embeddable":true,"href":"https:\/\/www.le-sidh.org\/wicca\/wp-json\/wp\/v2\/comments?post=1052"}],"version-history":[{"count":6,"href":"https:\/\/www.le-sidh.org\/wicca\/wp-json\/wp\/v2\/pages\/1052\/revisions"}],"predecessor-version":[{"id":6893,"href":"https:\/\/www.le-sidh.org\/wicca\/wp-json\/wp\/v2\/pages\/1052\/revisions\/6893"}],"up":[{"embeddable":true,"href":"https:\/\/www.le-sidh.org\/wicca\/wp-json\/wp\/v2\/pages\/66"}],"wp:featuredmedia":[{"embeddable":true,"href":"https:\/\/www.le-sidh.org\/wicca\/wp-json\/wp\/v2\/media\/6890"}],"wp:attachment":[{"href":"https:\/\/www.le-sidh.org\/wicca\/wp-json\/wp\/v2\/media?parent=1052"}],"curies":[{"name":"wp","href":"https:\/\/api.w.org\/{rel}","templated":true}]}}