{"id":1035,"date":"2014-08-06T18:15:54","date_gmt":"2014-08-06T16:15:54","guid":{"rendered":"http:\/\/www.le-sidh.org\/wicca\/?page_id=1035"},"modified":"2019-07-31T11:03:19","modified_gmt":"2019-07-31T09:03:19","slug":"lughnasadh-une-fete-de-transition","status":"publish","type":"page","link":"https:\/\/www.le-sidh.org\/wicca\/sabbats\/lughnasadh\/lughnasadh-une-fete-de-transition\/","title":{"rendered":"Lughnasadh, une f\u00eate de transition"},"content":{"rendered":"<p style=\"text-align: justify;\"><strong>Lughnasadh, une f\u00eate de transition. <\/strong>Par Linda du Temple of Ara, traduction &amp; adaptation Lune.<\/p>\n<p style=\"text-align: justify;\">Bonjour tout le monde et bienvenue \u00e0 notre C\u00e9l\u00e9bration de Lughnasadh dans le Royaume Spirituel. Comme toujours, ces rituels peuvent \u00eatre r\u00e9alis\u00e9s lorsque vous le pouvez, puisque nous ne sommes pas li\u00e9s par les concepts d&rsquo;espace et de temps. Peu importe o\u00f9 vous \u00eates et quand vous commencerez, nous serons reli\u00e9s.<\/p>\n<p style=\"text-align: justify;\">Nous aimerions conna\u00eetre vos exp\u00e9riences du rituel, alors n&rsquo;oubliez pas de cliquer sur le \u00ab J&rsquo;aime \u00bb de notre page Facebook (www.facebook.com\/TempleofAra) et rejoignez le fil de discussion.<\/p>\n<p style=\"text-align: justify;\">\u00c0 bient\u00f4t dans l&rsquo;Autremonde,<\/p>\n<p style=\"text-align: justify;\">B\u00e9n\u00e9dictions,<br \/>\nLinda.<\/p>\n<h3 style=\"text-align: center;\"><strong>Lughnasadh, une F\u00eate de Transition<\/strong><\/h3>\n<p style=\"text-align: justify;\">Pour les anciennes cultures, la r\u00e9colte annuelle \u00e9tait le reflet du cycle humain de vie et de mort. La r\u00e9colte des cultures vivri\u00e8res \u00e9tait associ\u00e9e \u00e0 l&rsquo;abondance spirituelle qui nourrissait l&rsquo;\u00e2me. Pourtant, le temps des r\u00e9coltes pr\u00e9sageait \u00e9galement des premiers frimas d&rsquo;automne et des grosses gel\u00e9es de l&rsquo;hiver.<\/p>\n<p style=\"text-align: justify;\">Les peuples des si\u00e8cles pass\u00e9s marquaient la premi\u00e8re r\u00e9colte de la saison par la f\u00eate de Lughnasadh, la f\u00eate des premiers fruits.<\/p>\n<p style=\"text-align: justify;\">C\u00e9l\u00e9br\u00e9e le 1er ao\u00fbt, cette f\u00eate marquait le point m\u00e9dian entre Beltaine en mai et Samhain en octobre, et symbolisait un tournant dans le cycle de vie de la Terre-M\u00e8re. C&rsquo;\u00e9tait \u00e0 la fois une c\u00e9l\u00e9bration joyeuse de l&rsquo;abondance et une veill\u00e9e fun\u00e8bre solennelle du d\u00e9clin de la puissance du soleil.<\/p>\n<p style=\"text-align: justify;\">Lughnasadh est avant tout une f\u00eate de transition et pr\u00e9sente ainsi une merveilleuse opportunit\u00e9 pour r\u00e9fl\u00e9chir \u00e0 la fa\u00e7on dont nos vies ont chang\u00e9 dans un pass\u00e9 proche. Alors que vous honorez la nature cyclique de l\u2019existence, r\u00e9fl\u00e9chissez sur le fait que, tout comme nous pouvons trouver de la joie dans les semailles et les r\u00e9coltes, chacune des phases de la vie est \u00e9galement digne d&rsquo;\u00eatre c\u00e9l\u00e9br\u00e9e.<\/p>\n<ul>\n<li style=\"text-align: justify;\"><strong>Accessoires requis<\/strong> :\n<ul>\n<li style=\"text-align: justify;\">trois graines : une graine de tournesol, une graine de potiron et une autre graine de votre choix,<\/li>\n<li style=\"text-align: justify;\">pain de ma\u00efs,<\/li>\n<li style=\"text-align: justify;\">jus de fruits ou boisson \u00e0 base de fruits de votre choix.<\/li>\n<\/ul>\n<\/li>\n<\/ul>\n<ul>\n<li style=\"text-align: justify;\">Balayez le cercle qui est propre.<\/li>\n<\/ul>\n<ul>\n<li style=\"text-align: justify;\">Scellez le cercle en tapant des mains. Commencez \u00e0 l&rsquo;est et faites un tour de cercle complet en terminant par l&rsquo;est. Tandis que vous proc\u00e9dez ainsi, visualisez un c\u00f4ne d&rsquo;une puissante \u00e9nergie de gu\u00e9rison enveloppant votre cercle.<\/li>\n<\/ul>\n<ul>\n<li style=\"text-align: justify;\">Que les quartiers soient honor\u00e9s, en commen\u00e7ant par l&rsquo;est :<\/li>\n<\/ul>\n<blockquote>\n<p style=\"text-align: justify;\">Est \u2013 J\u2019honore les esprits de l&rsquo;Est, rejoignez-moi dans ce voyage de connaissance.<\/p>\n<p style=\"text-align: justify;\">Sud \u2013 J&rsquo;honore les esprits du Sud, rejoignez-moi dans ce voyage de transformation.<\/p>\n<p style=\"text-align: justify;\">Ouest \u2013 J&rsquo;honore les esprits de l&rsquo;Ouest, rejoignez-moi dans ce voyage d&rsquo;\u00e9motions.<\/p>\n<p style=\"text-align: justify;\">Nord \u2013 J&rsquo;honore les esprits du Nord, rejoignez-moi dans ce voyage qui jette un pont entre le physique et le spirituel.<\/p>\n<\/blockquote>\n<ul>\n<li style=\"text-align: justify;\">Accueillez l&rsquo;\u00e9nergie de la Terre-M\u00e8re.<\/li>\n<\/ul>\n<ul>\n<li style=\"text-align: justify;\">Accueillez l&rsquo;\u00e9nergie du Ciel-P\u00e8re.<\/li>\n<\/ul>\n<ul>\n<li style=\"text-align: justify;\">\n<h3>M\u00e9ditation\/centrage.<\/h3>\n<\/li>\n<\/ul>\n<p style=\"text-align: justify;\">Voici venu le temps de la transformation et de la renaissance. Pensez tout de suite \u00e0 quelque chose dans votre existence que vous souhaitez transformer. Et ensuite, rejoignez-nous \u00e0 travers cette visualisation :<\/p>\n<blockquote>\n<p style=\"text-align: justify;\">Vous descendez le long d&rsquo;un sentier de campagne vers le soleil couchant. C&rsquo;est une chaude soir\u00e9e de fin d&rsquo;\u00e9t\u00e9. Les insectes bourdonnent et l&rsquo;air est charg\u00e9 de senteurs. Prenez le temps de remarquer tout ce que vous voyez et entendez. Y a-t-il des animaux que vous pouvez voir ? Que sentez-vous ? Ressentez le contact ferme de vos pieds sur la terre, \u00e0 chaque pas que vous faites.<\/p>\n<p style=\"text-align: justify;\">Vous approchez d&rsquo;un champ de ma\u00efs dor\u00e9. \u00c0 l&rsquo;Ouest, au-dessus du ma\u00efs, le soleil se couche. Devant, sur votre droite, il y a une colline semblable \u00e0 une petite bosse verte au-del\u00e0 des ma\u00efs dor\u00e9s. Pr\u00e8s de la colline se dresse un magnifique ch\u00eane, dont les branches se d\u00e9ploient pour accueillir et saluer le soleil. Attendez ici un moment et observez la sc\u00e8ne.<\/p>\n<p style=\"text-align: justify;\">Lorsque vous \u00eates pr\u00eat, entrez dans le champ. Pr\u00eatez attention aux chuchotements du ma\u00efs tandis que vous traversez le champ. Allez jusqu&rsquo;au ch\u00eane. Le ma\u00efs ne s&rsquo;\u00e9tend pas jusqu&rsquo;\u00e0 l&rsquo;arbre. Il s&rsquo;arr\u00eate quelques pas avant, laissant pousser autour de ses racines une herbe tendre. Asseyez-vous, dos contre l&rsquo;arbre, tournez votre regard vers le soleil couchant et la colline. Votre regard embrasse tout l&rsquo;ensemble. Remarquez \u00e0 nouveau la pr\u00e9sence d&rsquo;animaux.<\/p>\n<p style=\"text-align: justify;\">\u00c0 pr\u00e9sent, posez votre question. Attendez patiemment. Remarquez tout ce que vous voyez &#8212; ne n\u00e9gligez rien. La r\u00e9ponse ne peut surgir de fa\u00e7on litt\u00e9rale. Lorsque vous aurez re\u00e7u quelque chose, ou lorsque vous sentirez le besoin de passer \u00e0 autre chose, poursuivez le voyage \u00e0 votre fa\u00e7on si vous le souhaitez. \u00c0 pr\u00e9sent, revenez \u00e0 la conscience ordinaire ou lorsque vous serez pr\u00eat.<\/p>\n<\/blockquote>\n<p style=\"text-align: justify;\">Assurez-vous de bien prendre note de tout ce vous avez exp\u00e9riment\u00e9.<\/p>\n<ul>\n<li style=\"text-align: justify;\">\n<h3>C\u00e9l\u00e9bration des Trois Graines :<\/h3>\n<\/li>\n<\/ul>\n<p style=\"text-align: justify;\">Tenez dans vos paumes :<\/p>\n<ul>\n<li style=\"text-align: justify;\">\n<h4>\u00a0La Premi\u00e8re Graine :<\/h4>\n<\/li>\n<\/ul>\n<blockquote>\n<p style=\"text-align: justify;\">Jadis, les familles se rassemblaient et r\u00e9coltaient les terres ensemble. Au cours des bonnes p\u00e9riodes, la nourriture \u00e9tait abondante et personne ne souffrait de la faim. Aujourd&rsquo;hui, dans notre soci\u00e9t\u00e9 opulente, nombre de nos fr\u00e8res et s\u0153urs souffrent de la faim. Que cette graine de tournesol repr\u00e9sente la premi\u00e8re graine de cette r\u00e9colte. Avec cette graine, nous pourrons tous nous nourrir. Aucun enfant n&rsquo;aura faim. Cette graine assure la nourriture pour tous. Que la r\u00e9colte soit g\u00e9n\u00e9reuse pour tous.<\/p>\n<\/blockquote>\n<p style=\"text-align: justify;\">Tenez ensuite dans votre paume :<\/p>\n<ul>\n<li style=\"text-align: justify;\">\n<h4>La Seconde Graine :<\/h4>\n<\/li>\n<\/ul>\n<blockquote>\n<p style=\"text-align: justify;\">Dans votre main, vous tenez une deuxi\u00e8me graine. Que cette graine de potiron symbolise les actions de l&rsquo;ann\u00e9e. Cette graine symbolise l&rsquo;impact que nous avons eu sur tous ceux que nous avons rencontr\u00e9s. Prenez un moment pour vous souvenir. Que les bonnes choses que nous avons sem\u00e9es s&rsquo;\u00e9panouissent par cette pens\u00e9e et que la douleur que vous avons caus\u00e9 s&rsquo;amoindrisse.<\/p>\n<\/blockquote>\n<p style=\"text-align: justify;\">Tenez dans votre paume :<\/p>\n<ul>\n<li style=\"text-align: justify;\">\n<h4>La Troisi\u00e8me Graine :<\/h4>\n<\/li>\n<\/ul>\n<blockquote>\n<p style=\"text-align: justify;\">La derni\u00e8re graine est celle que nous avons conserv\u00e9e pour les r\u00e9coltes des ann\u00e9es \u00e0 venir. Que cette graine soit la graine surprise, la graine que nous plantons et que nous regardons pousser avec \u00e9merveillement. Que les relations qui nous nourrissent s&rsquo;\u00e9panouissent avec cette graine que nous semons. Qu&rsquo;elle soit emplie de bont\u00e9 et d&rsquo;amour. Acceptons ce qui poussera avec elle, quoi qu&rsquo;elle donne.<\/p>\n<\/blockquote>\n<p style=\"text-align: justify;\">Prenez un moment pour participer aux bienfaits de la saison, aux bienfaits de la terre et aux bienfaits de nos c\u0153urs en mangeant le pain de ma\u00efs et en buvant le jus de fruits.<\/p>\n<p style=\"text-align: justify;\">Remerciez les esprits des Quatre Points cardinaux.<\/p>\n<p style=\"text-align: justify;\">Et rouvrez votre Cercle.<\/p>\n<p style=\"text-align: justify;\">Puissent la paix, l&rsquo;amour et l&rsquo;abondance \u00eatre toujours dans votre c\u0153ur.<\/p>\n","protected":false},"excerpt":{"rendered":"<p>Lughnasadh, une f\u00eate de transition. Par Linda du Temple of Ara, traduction &amp; adaptation Lune. Bonjour tout le monde et bienvenue \u00e0 notre C\u00e9l\u00e9bration de Lughnasadh dans le Royaume Spirituel. Comme toujours, ces rituels peuvent \u00eatre r\u00e9alis\u00e9s lorsque vous le pouvez, puisque nous ne sommes pas li\u00e9s par les concepts d&rsquo;espace et de temps. Peu&#8230;<\/p>\n","protected":false},"author":2,"featured_media":7286,"parent":64,"menu_order":0,"comment_status":"closed","ping_status":"closed","template":"silo.php","meta":{"footnotes":""},"class_list":["post-1035","page","type-page","status-publish","has-post-thumbnail","hentry"],"_links":{"self":[{"href":"https:\/\/www.le-sidh.org\/wicca\/wp-json\/wp\/v2\/pages\/1035","targetHints":{"allow":["GET"]}}],"collection":[{"href":"https:\/\/www.le-sidh.org\/wicca\/wp-json\/wp\/v2\/pages"}],"about":[{"href":"https:\/\/www.le-sidh.org\/wicca\/wp-json\/wp\/v2\/types\/page"}],"author":[{"embeddable":true,"href":"https:\/\/www.le-sidh.org\/wicca\/wp-json\/wp\/v2\/users\/2"}],"replies":[{"embeddable":true,"href":"https:\/\/www.le-sidh.org\/wicca\/wp-json\/wp\/v2\/comments?post=1035"}],"version-history":[{"count":4,"href":"https:\/\/www.le-sidh.org\/wicca\/wp-json\/wp\/v2\/pages\/1035\/revisions"}],"predecessor-version":[{"id":7285,"href":"https:\/\/www.le-sidh.org\/wicca\/wp-json\/wp\/v2\/pages\/1035\/revisions\/7285"}],"up":[{"embeddable":true,"href":"https:\/\/www.le-sidh.org\/wicca\/wp-json\/wp\/v2\/pages\/64"}],"wp:featuredmedia":[{"embeddable":true,"href":"https:\/\/www.le-sidh.org\/wicca\/wp-json\/wp\/v2\/media\/7286"}],"wp:attachment":[{"href":"https:\/\/www.le-sidh.org\/wicca\/wp-json\/wp\/v2\/media?parent=1035"}],"curies":[{"name":"wp","href":"https:\/\/api.w.org\/{rel}","templated":true}]}}