{"id":1031,"date":"2014-08-06T18:10:11","date_gmt":"2014-08-06T16:10:11","guid":{"rendered":"http:\/\/www.le-sidh.org\/wicca\/?page_id=1031"},"modified":"2019-07-25T10:00:56","modified_gmt":"2019-07-25T08:00:56","slug":"lughnasadh-31-juillet1er-aout","status":"publish","type":"page","link":"https:\/\/www.le-sidh.org\/wicca\/sabbats\/lughnasadh\/lughnasadh-31-juillet1er-aout\/","title":{"rendered":"Lughnasadh, 31 juillet 1er ao\u00fbt"},"content":{"rendered":"<p style=\"text-align: justify;\"><strong>Lughnasadh, 31 juillet\/1er ao\u00fbt. <\/strong>Par Sheena Morgan, traduction Lune<\/p>\n<p style=\"text-align: center;\"><a href=\"https:\/\/www.le-sidh.org\/wicca\/wp-content\/uploads\/2014\/08\/lammas-sheena-morgan.jpg\"><img loading=\"lazy\" decoding=\"async\" class=\"aligncenter size-full wp-image-1032\" src=\"https:\/\/www.le-sidh.org\/wicca\/wp-content\/uploads\/2014\/08\/lammas-sheena-morgan.jpg\" alt=\"lammas-sheena-morgan\" width=\"500\" height=\"745\" srcset=\"https:\/\/www.le-sidh.org\/wicca\/wp-content\/uploads\/2014\/08\/lammas-sheena-morgan.jpg 500w, https:\/\/www.le-sidh.org\/wicca\/wp-content\/uploads\/2014\/08\/lammas-sheena-morgan-201x300.jpg 201w\" sizes=\"auto, (max-width: 500px) 100vw, 500px\" \/><\/a><\/p>\n<p style=\"text-align: justify;\">\u00a9 Extrait de<a href=\"http:\/\/www.amazon.fr\/The-Wicca-Handbook-Complete-Witchcraft\/dp\/1843336979\/ref=sr_1_1?ie=UTF8&amp;qid=1407341266&amp;sr=8-1&amp;keywords=the+wicca+handbook%2C+complete+guide+to+witchcraft+and+magic%22\" target=\"_blank\" rel=\"noopener noreferrer\"> \u00ab\u00a0the wicca handbook, complete guide to witchcraft and magic\u00a0\u00bb<\/a> par Sheena Morgan (1)<\/p>\n<p style=\"text-align: justify;\">Lammas \/ Lughnasadh.<\/p>\n<p style=\"text-align: justify;\">:: Correspondances magiques ::<\/p>\n<p style=\"text-align: justify;\">&#8211; \u00e9l\u00e9ments : Feu et Eau<br \/>\n&#8211; outils magiques : Calice et Baguette<br \/>\n&#8211; direction : Sud Ouest<br \/>\n&#8211; \u00e9poque : d\u00e9but des r\u00e9coltes<br \/>\n&#8211; temps : fin d&rsquo;apr\u00e8s-midi<br \/>\n&#8211; \u00e2ge des hommes : maturit\u00e9<br \/>\n&#8211; attribut : ach\u00e8vement<br \/>\n&#8211; dieux et d\u00e9esses : Morgay, D\u00e9m\u00e9ter, Marcia, C\u00e9r\u00e8s, Llew, Lugh, Odin<\/p>\n<p style=\"text-align: justify;\">:: Premiers Fruits ::<\/p>\n<p style=\"text-align: justify;\">PR\u00c9PARATION<\/p>\n<p style=\"text-align: justify;\">Faites une promenade dans la campagne et essayez de trouver les premi\u00e8res m\u00fbres de la saison. Dans le jardin, passez en revue les premi\u00e8res pommes, poires et prunes. Cueillez un bouquet de fleurs, d&rsquo;herbes ou de c\u00e9r\u00e9ales qui symbolisent le soleil. Les tournesols sont un choix \u00e9vident, comme le sont aussi les soucis (calendula), le fenouil, le millepertuis et le bl\u00e9.<\/p>\n<p style=\"text-align: justify;\">D\u00e9corez votre autel avec les premiers fruits et fleurs, avec une faucille si vous en poss\u00e9dez et des chandelles rouges ou oranges.<\/p>\n<p style=\"text-align: justify;\">R\u00e9alisez une poup\u00e9e de bl\u00e9.<\/p>\n<p style=\"text-align: justify;\">Avant votre rituel, passez un peu de temps \u00e0 r\u00e9fl\u00e9chir sur les th\u00e8mes du sacrifice et de la productivit\u00e9. R\u00e9fl\u00e9chissez aux choses que vous avez d\u00fb abandonner ou laisser derri\u00e8re vous cette ann\u00e9e et qui vous ont permis d&rsquo;\u00eatre l\u00e0 o\u00f9 vous \u00eates aujourd&rsquo;hui. R\u00e9fl\u00e9chissez \u00e0 la progression de vos propres r\u00e9coltes. \u00cates-vous heureux de ce que vous avez atteint derni\u00e8rement ?<\/p>\n<p style=\"text-align: justify;\">Placez une poign\u00e9e de farine d&rsquo;avoine dans une mousseline et nouez-la de mani\u00e8re \u00e0 former un petit sac. Placez cela dans votre bain rituel.<\/p>\n<p style=\"text-align: justify;\">Le plus important de tout est de faire cuire une boule de pain afin de l&rsquo;utiliser au cours de votre rituel. Prenez ce processus comme une m\u00e9ditation. Impliquez-vous personnellement dans l&rsquo;alchimie qu&rsquo;apporte la levure \u00e0 faire vivre la chaleur (l&rsquo;eau chaude) et la nourriture (le sucre). Concentrez-vous sur la magie du m\u00e9lange du grain qui est principe masculin et de l&rsquo;eau qui est principe f\u00e9minin. Observez les deux substances devenir une seule chose vivante, grossir (grandir) et gonfler (lever). Finalement, voyez la transformation aboutie dans ce pain cuit.<\/p>\n<p style=\"text-align: justify;\">LE RITUEL<\/p>\n<p style=\"text-align: justify;\">Projetez votre cercle et adressez-vous aux 4 directions comme d&rsquo;habitude.<\/p>\n<p style=\"text-align: justify;\">Relaxez-vous, permettez \u00e0 votre esprit de se d\u00e9tendre et laissez votre respiration devenir plus calme et r\u00e9guli\u00e8re. Commencer le pathworking (ndlt : une m\u00e9ditation pouss\u00e9e se focalisant sur un sujet pr\u00e9cis) de Lammas.<\/p>\n<p style=\"text-align: justify;\">Prenez quelques instants pour rassembler vos pens\u00e9es puis poursuivez votre rituel.<\/p>\n<p style=\"text-align: justify;\">Vous pourrez d\u00e9sirer r\u00e9aliser une danse en cercle afin de souhaiter la bienvenue \u00e0 la D\u00e9esse. Dites :<\/p>\n<blockquote><p>\u00ab\u00a0D\u00e9esse b\u00e9nie, je te souhaite la bienvenue en cette nuit de naissance et de mort. Les r\u00e9coltes ont commenc\u00e9, jardins et champs s&#8217;emplissent de fruits et de c\u00e9r\u00e9ales, mais nous savons qu&rsquo;il ne peut y avoir de vie sans mort. Nous savons que tu es celle qui donne et celle qui prend. Sois avec moi en cette nuit.\u00a0\u00bb<\/p><\/blockquote>\n<p style=\"text-align: justify;\">Vous pourrez souhaiter jouer du tambour pour invoquer le Dieu. Dites :<\/p>\n<blockquote>\n<p style=\"text-align: justify;\">\u00ab\u00a0Roi Bl\u00e9, sois avec moi en cette nuit. Tu es celui qui a \u00e9t\u00e9 choisi, Celui qui devra mourir afin de prot\u00e9ger la terre. Lumineux, ton temps est pass\u00e9. Les r\u00e9coltes ont commenc\u00e9, les champs sont d&rsquo;or et les premiers fruits sont pr\u00eats \u00e0 \u00eatre cueillis\u00a0\u00bb.<\/p>\n<\/blockquote>\n<p style=\"text-align: justify;\">Prenez le pain de l&rsquo;autel et placez-le devant vous. Puis prenez les fleurs et les c\u00e9r\u00e9ales qui symbolisent le soleil. Marchez d\u00e9osil (dans le sens horaire) autour du pain et, tandis que vous marchez, frottez les grains et les fleurs entre vos doigts. Alors que p\u00e9tales et grains tombent en cercle au sol, dites :<\/p>\n<blockquote>\n<p style=\"text-align: justify;\">\u00ab\u00a0Roi Bl\u00e9, redeviens le grain, tu as v\u00e9cu et comme tout ce qui vit, tu dois mourir. Redeviens le grain, ainsi se forme le myst\u00e8re de la vie. Roi Bl\u00e9, redeviens le grain. Ainsi fut l&rsquo;ancien, ainsi soit-il et ainsi en sera-t-il \u00e0 jamais, tel le cercle qui tourne pour toujours.\u00a0\u00bb<\/p>\n<\/blockquote>\n<p style=\"text-align: justify;\">Prenez le pain qui se trouve par terre et coupez-le en deux. Buvez du vin et mangez de ce pain. M\u00e9ditez sur l&rsquo;id\u00e9e du sacrifice et de la fructification. Fermez le cercle de fa\u00e7on habituelle. Faites une libation aux dieux.<\/p>\n<p style=\"text-align: justify;\">(1) Sheena est une Grande Pr\u00eatresse Wiccane. Elle a une passion pour le jardinage \u00ab\u00a0holistique\u00a0\u00bb et la magie des plantes. Elle est un auteur populaire et designer. Sheena a \u00e9t\u00e9 r\u00e9dactrice de Gardening, Red Magazine.<\/p>\n","protected":false},"excerpt":{"rendered":"<p>Lughnasadh, 31 juillet\/1er ao\u00fbt. Par Sheena Morgan, traduction Lune \u00a9 Extrait de \u00ab\u00a0the wicca handbook, complete guide to witchcraft and magic\u00a0\u00bb par Sheena Morgan (1) Lammas \/ Lughnasadh. :: Correspondances magiques :: &#8211; \u00e9l\u00e9ments : Feu et Eau &#8211; outils magiques : Calice et Baguette &#8211; direction : Sud Ouest &#8211; \u00e9poque : d\u00e9but des&#8230;<\/p>\n","protected":false},"author":2,"featured_media":7257,"parent":64,"menu_order":0,"comment_status":"closed","ping_status":"closed","template":"silo.php","meta":{"footnotes":""},"class_list":["post-1031","page","type-page","status-publish","has-post-thumbnail","hentry"],"_links":{"self":[{"href":"https:\/\/www.le-sidh.org\/wicca\/wp-json\/wp\/v2\/pages\/1031","targetHints":{"allow":["GET"]}}],"collection":[{"href":"https:\/\/www.le-sidh.org\/wicca\/wp-json\/wp\/v2\/pages"}],"about":[{"href":"https:\/\/www.le-sidh.org\/wicca\/wp-json\/wp\/v2\/types\/page"}],"author":[{"embeddable":true,"href":"https:\/\/www.le-sidh.org\/wicca\/wp-json\/wp\/v2\/users\/2"}],"replies":[{"embeddable":true,"href":"https:\/\/www.le-sidh.org\/wicca\/wp-json\/wp\/v2\/comments?post=1031"}],"version-history":[{"count":4,"href":"https:\/\/www.le-sidh.org\/wicca\/wp-json\/wp\/v2\/pages\/1031\/revisions"}],"predecessor-version":[{"id":7258,"href":"https:\/\/www.le-sidh.org\/wicca\/wp-json\/wp\/v2\/pages\/1031\/revisions\/7258"}],"up":[{"embeddable":true,"href":"https:\/\/www.le-sidh.org\/wicca\/wp-json\/wp\/v2\/pages\/64"}],"wp:featuredmedia":[{"embeddable":true,"href":"https:\/\/www.le-sidh.org\/wicca\/wp-json\/wp\/v2\/media\/7257"}],"wp:attachment":[{"href":"https:\/\/www.le-sidh.org\/wicca\/wp-json\/wp\/v2\/media?parent=1031"}],"curies":[{"name":"wp","href":"https:\/\/api.w.org\/{rel}","templated":true}]}}