{"id":1027,"date":"2014-08-06T18:01:57","date_gmt":"2014-08-06T16:01:57","guid":{"rendered":"http:\/\/www.le-sidh.org\/wicca\/?page_id=1027"},"modified":"2021-07-25T19:47:07","modified_gmt":"2021-07-25T17:47:07","slug":"lughnasadh-ou-lammas","status":"publish","type":"page","link":"https:\/\/www.le-sidh.org\/wicca\/sabbats\/lughnasadh\/lughnasadh-ou-lammas\/","title":{"rendered":"Lammas par Phyllis Curott"},"content":{"rendered":"<p style=\"text-align: justify;\"><strong>Lughnasadh. <\/strong>Par Phyllis Curott \u00a9, traduction Moonfairy (r\u00e9vis\u00e9e par Lune, juillet 2019). <em>Extrait du livre <a href=\"http:\/\/www.amazon.fr\/Witch-Crafting-Spiritual-Guide-Making-ebook\/dp\/B000FC1L1K\/ref=sr_1_1?ie=UTF8&amp;qid=1406557020&amp;sr=8-1&amp;keywords=Phyllis+Curott\" target=\"_blank\" rel=\"noopener noreferrer\">Witchcrafting<\/a>. <\/em><strong>Les premi\u00e8res r\u00e9coltes. <\/strong>Le 1er ao\u00fbt dans l&rsquo;h\u00e9misph\u00e8re nord, le 2 f\u00e9vrier dans l&rsquo;h\u00e9misph\u00e8re sud.<\/p>\n<p style=\"text-align: justify;\">Essayez de c\u00e9l\u00e9brer \u00e0 l\u2019ext\u00e9rieur, de pr\u00e9f\u00e9rence \u00e0 la ferme, dans la campagne. Habillez-vous de jaune ou de vert, couleurs du ma\u00efs m\u00fbr. Si vous pratiquez \u00e0 l\u2019int\u00e9rieur ou dans un jardin ou un parc, utilisez du ma\u00efs frais, des fruits et des l\u00e9gumes de saison et du pain frais (Lammas signifie \u00ab\u00a0f\u00eate du pain\u00a0\u00bb). Placez votre but ou son symbole sur l\u2019autel.<\/p>\n<p style=\"text-align: justify;\">Projetez le cercle au nom de la Grande-Terre M\u00e8re et de Lugh, au nom du dieu du bl\u00e9 et, si vous le souhaitez, du Dieu du soleil d\u00e9clinant.<\/p>\n<ul>\n<li style=\"text-align: justify;\"><strong>D\u00e9clarez le but du cercle :<\/strong><\/li>\n<\/ul>\n<blockquote>\n<p style=\"text-align: justify;\">Nous sommes r\u00e9unis pour faire tourner la roue et c\u00e9l\u00e9brer les premi\u00e8res r\u00e9coltes. Nous honorons la sagesse de la M\u00e8re et ses le\u00e7ons d&rsquo;\u00e9ternelles abondance et g\u00e9n\u00e9rosit\u00e9. Nous honorons les b\u00e9n\u00e9dictions du Dieu Soleil qui se rapproche de plus en plus des t\u00e9n\u00e8bres. Nous rendons gr\u00e2ce au Dieu du bl\u00e9 qui a grandi gr\u00e2ce au pouvoir et \u00e0 l\u2019union de la D\u00e9esse et du Dieu, la Terre et le Soleil, et qui maintenant se sacrifie pour que nous puissions vivre et qu\u2019il puisse vivre \u00e0 nouveau. Bien que nous soyons attrist\u00e9s lorsque la D\u00e9esse se d\u00e9sole du d\u00e9part du soleil et de la mort de Lugh, alors que les premiers bl\u00e9s sont coup\u00e9s, nous nous r\u00e9jouissons de la vie qui continue \u00e0 grandir. Il est temps de reconna\u00eetre que nous sommes capables de r\u00e9aliser nos r\u00eaves et les objectifs que nous nous sommes fix\u00e9s. Les premiers fruits de notre labeur nous nourrissent, mais nous devons aussi nourrir notre patience, car la grande r\u00e9colte est encore \u00e0 venir.<\/p>\n<\/blockquote>\n<ul>\n<li style=\"text-align: justify;\"><strong>Invoquez la D\u00e9esse et les Dieux.<\/strong><\/li>\n<\/ul>\n<p style=\"text-align: justify;\">Si vous avez des musiciens, faites-les jouer pendant que vous dansez en cercle. Vous pouvez \u00e9galement chanter :<\/p>\n<blockquote><p>One thing becomes another, in the Mother, in the Mother.<\/p>\n<p style=\"text-align: justify;\">(Une chose en devient une autre, dans la M\u00e8re, dans la M\u00e8re.)<\/p>\n<\/blockquote>\n<p style=\"text-align: justify;\">\u00c9rigez l\u2019\u00e9nergie, dirigez-la dans le ma\u00efs et les objets sur l&rsquo;autel.<\/p>\n<p style=\"text-align: justify;\">C\u2019est un excellent sabbat pour les danses et les jeux physiques (en particulier ceux auxquels nous jouions dans notre jeunesse, comme <em>Duck, Duck, Goose<\/em> ou <em>London Bridge Is Falling Down)<\/em>. Les Irlandais sont c\u00e9l\u00e8bres pour leurs courses hippiques, leurs foires, leurs jeux et leurs danses qui ont lieu \u00e0 Lughnasadh. Laissez-les vous inspirer et soyez \u00eatre cr\u00e9atif dans votre c\u00e9l\u00e9bration.<\/p>\n<p style=\"text-align: justify;\">Offrez vos libations, r\u00e9pandez-en un peu sur la Terre, ensuite remerciez et rouvrez le cercle.<\/p>\n","protected":false},"excerpt":{"rendered":"<p>Lughnasadh. Par Phyllis Curott \u00a9, traduction Moonfairy (r\u00e9vis\u00e9e par Lune, juillet 2019). Extrait du livre Witchcrafting. Les premi\u00e8res r\u00e9coltes. Le 1er ao\u00fbt dans l&rsquo;h\u00e9misph\u00e8re nord, le 2 f\u00e9vrier dans l&rsquo;h\u00e9misph\u00e8re sud. Essayez de c\u00e9l\u00e9brer \u00e0 l\u2019ext\u00e9rieur, de pr\u00e9f\u00e9rence \u00e0 la ferme, dans la campagne. Habillez-vous de jaune ou de vert, couleurs du ma\u00efs m\u00fbr. Si&#8230;<\/p>\n","protected":false},"author":2,"featured_media":9398,"parent":64,"menu_order":0,"comment_status":"closed","ping_status":"closed","template":"silo.php","meta":{"footnotes":""},"class_list":["post-1027","page","type-page","status-publish","has-post-thumbnail","hentry"],"_links":{"self":[{"href":"https:\/\/www.le-sidh.org\/wicca\/wp-json\/wp\/v2\/pages\/1027","targetHints":{"allow":["GET"]}}],"collection":[{"href":"https:\/\/www.le-sidh.org\/wicca\/wp-json\/wp\/v2\/pages"}],"about":[{"href":"https:\/\/www.le-sidh.org\/wicca\/wp-json\/wp\/v2\/types\/page"}],"author":[{"embeddable":true,"href":"https:\/\/www.le-sidh.org\/wicca\/wp-json\/wp\/v2\/users\/2"}],"replies":[{"embeddable":true,"href":"https:\/\/www.le-sidh.org\/wicca\/wp-json\/wp\/v2\/comments?post=1027"}],"version-history":[{"count":14,"href":"https:\/\/www.le-sidh.org\/wicca\/wp-json\/wp\/v2\/pages\/1027\/revisions"}],"predecessor-version":[{"id":9399,"href":"https:\/\/www.le-sidh.org\/wicca\/wp-json\/wp\/v2\/pages\/1027\/revisions\/9399"}],"up":[{"embeddable":true,"href":"https:\/\/www.le-sidh.org\/wicca\/wp-json\/wp\/v2\/pages\/64"}],"wp:featuredmedia":[{"embeddable":true,"href":"https:\/\/www.le-sidh.org\/wicca\/wp-json\/wp\/v2\/media\/9398"}],"wp:attachment":[{"href":"https:\/\/www.le-sidh.org\/wicca\/wp-json\/wp\/v2\/media?parent=1027"}],"curies":[{"name":"wp","href":"https:\/\/api.w.org\/{rel}","templated":true}]}}