{"id":1022,"date":"2014-08-06T17:52:13","date_gmt":"2014-08-06T15:52:13","guid":{"rendered":"http:\/\/www.le-sidh.org\/wicca\/?page_id=1022"},"modified":"2019-06-19T11:01:06","modified_gmt":"2019-06-19T09:01:06","slug":"litha-rituel-dans-le-royaume-spirituel","status":"publish","type":"page","link":"https:\/\/www.le-sidh.org\/wicca\/sabbats\/litha\/litha-rituel-dans-le-royaume-spirituel\/","title":{"rendered":"Litha, rituel dans le Royaume Spirituel"},"content":{"rendered":"<p style=\"text-align: center;\"><strong>Litha, rituel dans le Royaume Spirituel<\/strong><br \/>\nPar le Temple d&rsquo;Ara, traduction Lune<\/p>\n<p style=\"text-align: justify;\">[&#8230;] Rejoignez la communaut\u00e9 du Temple of Ara \u00e0 travers le monde tandis que nous nous r\u00e9unissons en esprit pour c\u00e9l\u00e9brer le Solstice d\u2019\u00c9t\u00e9, en cr\u00e9ant une f\u00eate de partage et de service commun.<\/p>\n<p style=\"text-align: justify;\">Parce que le soleil est haut dans le ciel en ce jour, le jour le plus long de l&rsquo;ann\u00e9e, il est appropri\u00e9 de c\u00e9l\u00e9brer le don du feu \u00e0 cette p\u00e9riode. Et parce que la Terre est au comble de sa luxuriance, il est \u00e9galement appropri\u00e9 de se concentrer sur les th\u00e8mes de l&rsquo;accomplissement, de l&rsquo;illumination, de l&rsquo;abondance et de la joie de vivre.<\/p>\n<ul>\n<li style=\"text-align: justify;\">Projetez un cercle avec l&rsquo;intention d&rsquo;envoyer de l&rsquo;amour-gu\u00e9rison \u00e0 autrui et \u00e0 la Terre.<\/li>\n<\/ul>\n<ul>\n<li style=\"text-align: justify;\">Tandis que nous cr\u00e9ons le cercle ensemble, envoyez consciemment vos b\u00e9n\u00e9dictions et votre amour pour qu&rsquo;ils encerclent la Terre.<\/li>\n<\/ul>\n<ul>\n<li style=\"text-align: justify;\">Invitez les esprits des quatre directions et les esprits du sol \u00e0 vous aider pour c\u00e9l\u00e9brer cette f\u00eate.<\/li>\n<\/ul>\n<ul>\n<li style=\"text-align: justify;\">Allumez une bougie jaune ou dor\u00e9e, et essayez de la maintenir allum\u00e9e toute la journ\u00e9e, en particulier si le temps est nuageux ou s&rsquo;il pleut.<\/li>\n<\/ul>\n<ul>\n<li style=\"text-align: justify;\">Demandez au soleil de briller sur chaque personne (vous-m\u00eame compris) qui ressent un manque de lumi\u00e8re : rendez gr\u00e2ce au soleil qui nous soutient, nous donne des forces. Permettez \u00e0 la force cr\u00e9atrice du soleil de remplir chaque cellule de votre corps.<\/li>\n<\/ul>\n<ul>\n<li style=\"text-align: justify;\">Dansez ou battez le tambour ou chantez ou r\u00e9citez un po\u00e8me comme moyen de rendre le soleil actif en vous.<\/li>\n<\/ul>\n<ul>\n<li style=\"text-align: justify;\">Lorsque vous \u00eates pr\u00eat, remerciez les esprits des quatre directions et du sol pour leur pr\u00e9sence.<\/li>\n<\/ul>\n<ul>\n<li>D\u00e9faites votre cercle.<\/li>\n<\/ul>\n<ul>\n<li>Et passez une joyeuse journ\u00e9e !<\/li>\n<\/ul>\n<p style=\"text-align: justify;\">Site source : http:\/\/www.facebook.com\/TempleofAra<\/p>\n","protected":false},"excerpt":{"rendered":"<p>Litha, rituel dans le Royaume Spirituel Par le Temple d&rsquo;Ara, traduction Lune [&#8230;] Rejoignez la communaut\u00e9 du Temple of Ara \u00e0 travers le monde tandis que nous nous r\u00e9unissons en esprit pour c\u00e9l\u00e9brer le Solstice d\u2019\u00c9t\u00e9, en cr\u00e9ant une f\u00eate de partage et de service commun. Parce que le soleil est haut dans le ciel&#8230;<\/p>\n","protected":false},"author":2,"featured_media":6822,"parent":66,"menu_order":0,"comment_status":"closed","ping_status":"closed","template":"silo.php","meta":{"footnotes":""},"class_list":["post-1022","page","type-page","status-publish","has-post-thumbnail","hentry"],"_links":{"self":[{"href":"https:\/\/www.le-sidh.org\/wicca\/wp-json\/wp\/v2\/pages\/1022","targetHints":{"allow":["GET"]}}],"collection":[{"href":"https:\/\/www.le-sidh.org\/wicca\/wp-json\/wp\/v2\/pages"}],"about":[{"href":"https:\/\/www.le-sidh.org\/wicca\/wp-json\/wp\/v2\/types\/page"}],"author":[{"embeddable":true,"href":"https:\/\/www.le-sidh.org\/wicca\/wp-json\/wp\/v2\/users\/2"}],"replies":[{"embeddable":true,"href":"https:\/\/www.le-sidh.org\/wicca\/wp-json\/wp\/v2\/comments?post=1022"}],"version-history":[{"count":6,"href":"https:\/\/www.le-sidh.org\/wicca\/wp-json\/wp\/v2\/pages\/1022\/revisions"}],"predecessor-version":[{"id":6821,"href":"https:\/\/www.le-sidh.org\/wicca\/wp-json\/wp\/v2\/pages\/1022\/revisions\/6821"}],"up":[{"embeddable":true,"href":"https:\/\/www.le-sidh.org\/wicca\/wp-json\/wp\/v2\/pages\/66"}],"wp:featuredmedia":[{"embeddable":true,"href":"https:\/\/www.le-sidh.org\/wicca\/wp-json\/wp\/v2\/media\/6822"}],"wp:attachment":[{"href":"https:\/\/www.le-sidh.org\/wicca\/wp-json\/wp\/v2\/media?parent=1022"}],"curies":[{"name":"wp","href":"https:\/\/api.w.org\/{rel}","templated":true}]}}