{"id":1017,"date":"2014-08-06T17:44:59","date_gmt":"2014-08-06T15:44:59","guid":{"rendered":"http:\/\/www.le-sidh.org\/wicca\/?page_id=1017"},"modified":"2016-01-28T11:04:55","modified_gmt":"2016-01-28T09:04:55","slug":"imbolc-dans-le-ventre","status":"publish","type":"page","link":"https:\/\/www.le-sidh.org\/wicca\/sabbats\/imbolc\/imbolc-dans-le-ventre\/","title":{"rendered":"Imbolc, \u00ab\u00a0dans le ventre\u00a0\u00bb"},"content":{"rendered":"<p style=\"text-align: center;\"><strong>Imbolc, \u00ab\u00a0In the Belly\u00a0\u00bb<\/strong><br \/>\nPar Phyllis Currot, traduction et adaptation Faoltiern<\/p>\n<p style=\"text-align: center;\"><a href=\"https:\/\/www.le-sidh.org\/wicca\/wp-content\/uploads\/2014\/08\/le-feu.jpg\"><img loading=\"lazy\" decoding=\"async\" class=\"wp-image-1573 size-medium alignright\" src=\"https:\/\/www.le-sidh.org\/wicca\/wp-content\/uploads\/2014\/08\/le-feu-250x300.jpg\" alt=\"le-feu\" width=\"250\" height=\"300\" srcset=\"https:\/\/www.le-sidh.org\/wicca\/wp-content\/uploads\/2014\/08\/le-feu-250x300.jpg 250w, https:\/\/www.le-sidh.org\/wicca\/wp-content\/uploads\/2014\/08\/le-feu.jpg 459w\" sizes=\"auto, (max-width: 250px) 100vw, 250px\" \/><\/a><\/p>\n<p style=\"text-align: justify;\"><em>Extrait de <a href=\"http:\/\/www.amazon.fr\/Witch-Crafting-Spiritual-Guide-Making\/dp\/0767908457\/ref=sr_1_1?s=english-books&amp;ie=UTF8&amp;qid=1407339788&amp;sr=1-1&amp;keywords=Witch+crafting\" target=\"_blank\">Witchcrafting<\/a><\/em><\/p>\n<p style=\"text-align: justify;\"><em>Le Jour Sacr\u00e9 de la D\u00e9esse Brigid : \u00ab\u00a0Quand Nous Nous R\u00e9jouissons de la Vie Qui Cro\u00eet \u00e0 L&rsquo;Int\u00e9rieur\u00a0\u00bb.<\/em><\/p>\n<p style=\"text-align: justify;\"><em>Le 2 F\u00e9vrier dans l&rsquo;h\u00e9misph\u00e8re Nord et le 1er Ao\u00fbt dans l&rsquo;h\u00e9misph\u00e8re Sud<\/em><\/p>\n<p style=\"text-align: justify;\">Travaillez avec Brigid dans des teintes ensoleill\u00e9es : orange, jaune, rouge. Ayez suffisamment de bougies pour chaque personne pr\u00e9sente et placez-les toutes autour de vous de mani\u00e8re \u00e0 vous asseoir en cercle. Si vous \u00eates seul, ayez au moins huit bougies blanches, jaunes ou rouges avec lesquelles vous ferez un cercle autour de vous. Au centre de l&rsquo;autel placez une bougie jaune dans le chaudron pour symboliser le Soleil\/Grain\/Dieu grandissant dans l&rsquo; Univers\/Terre\/Ventre de la D\u00e9esse.<\/p>\n<p style=\"text-align: justify;\">A Imbolc nous honorons Brigid, la muse des po\u00e8tes et des artistes ; elle est aussi D\u00e9esse du feu, des puits sacr\u00e9s, de la gu\u00e9rison et de la forge (travailler le m\u00e9tal, c&rsquo;est le symbole de la cr\u00e9ation de la civilisation). Vous devriez travailler avec chacun de Ses aspects, mais le rituel qui suit se focalise sur la muse.<\/p>\n<p style=\"text-align: justify;\">Pr\u00e9parez une offrande artistique \u00e0 Brigid : un po\u00e8me ou tout \u00e9crit, de la musique que quelqu&rsquo;un d&rsquo;autre a \u00e9crit que vous jouerez ou chanterez, une peinture, une photographie, au toute autre forme d&rsquo;expression artistique, incluant de la nourriture que vous aurez pr\u00e9par\u00e9e. Placez-la sur l&rsquo;autel.<\/p>\n<p style=\"text-align: justify;\">Tracez le cercle au nom de Brigid et du Dieu qui cro\u00eet dans le ventre.<\/p>\n<p style=\"text-align: justify;\">D\u00e9clarez l&rsquo;objet du cercle:<\/p>\n<blockquote>\n<p style=\"text-align: justify;\">Voici Imbolc, la nuit o\u00f9 la nouvelle vie s&rsquo;agite dans le ventre.<\/p>\n<p style=\"text-align: justify;\">La lumi\u00e8re devient plus forte et la Terre s&rsquo;\u00e9veille de Son sommeil hivernal. Les premiers signes du retour de la vie apparaissent et nous sommes emplis d&rsquo;espoir. Mais les nuits sont froides et sombres, et les jours nous apportent encore de la neige. Les r\u00e9serves s&rsquo;\u00e9puisent et nous sommes tous las d&rsquo;\u00eatre enferm\u00e9s ! Mais le feu br\u00fble \u00e0 l&rsquo;int\u00e9rieur pour nous apporter l&rsquo;espoir et la chaleur, et nous nous rassemblons pour nous enflammer au feu qui brille au fond de nous tous, un grand feu qui brille et qui illuminera le monde avec l&rsquo;amour et la joie. Nous nous offrons la clart\u00e9 de nos esprits a chacun d&rsquo;entre nous, et \u00e0 la D\u00e9esse qui entretient la lumi\u00e8re au fond de nous tous. \u00bb<\/p>\n<\/blockquote>\n<p style=\"text-align: justify;\">Invoquez Brigid et le Dieu qui cro\u00eet \u00e0 l&rsquo;int\u00e9rieur.<\/p>\n<p style=\"text-align: justify;\">Les bougies sur l&rsquo;autel doivent passer de mains en mains et chacun doit graver son nom et le but qu&rsquo;il souhaiterait voir venir au jour. Vous pouvez avoir l&rsquo;envie de chanter pour faire monter l&rsquo;\u00e9nergie pendant que vous gravez : <strong>\u00ab One thing becomes another, in the Mother, in the Mother \u00bb. <em>(Une chose en devient une autre, dans la M\u00e8re, dans la M\u00e8re).<\/em><\/strong><\/p>\n<p style=\"text-align: justify;\">Concentrez-vous pour que votre r\u00eave prenne forme, comme le Dieu qui prend plus de force chaque jour, comme votre travail et votre chant. M\u00e9ditez sur comment vous allez faire pour que votre r\u00eave porte ses fruits, comme le ventre de la D\u00e9esse o\u00f9 toutes vies croient.<\/p>\n<p style=\"text-align: justify;\">Quand tout le monde \u00e0 terminer sa gravure, portez le chant \u00e0 son point culminant et envoyez l&rsquo;\u00e9nergie dans votre bougie pendant que vous la serrer sur votre c\u0153ur. Tournez d\u00e9osil (dans le sens des aiguilles d&rsquo;une montre) dans le cercle, chacun son tour, chaque personne doit allumer sa bougie et d\u00e9clarer quel est son but; dites le fort pour augmenter le pouvoir de votre magie, alors ne soyez pas timide ! Placez la bougie dans le bougeoir derri\u00e8re vous. Si vous \u00eates seul, gravez votre nom et votre but sur la bougie, chantez, faites monter l&rsquo;\u00e9nergie et dirigez-la, allumez la bougie, et allumez toutes les autres bougies plac\u00e9es en cercle autour de vous.<\/p>\n<p style=\"text-align: justify;\">Quand le cercle de lumi\u00e8re est complet, honorez le feu en disant:<\/p>\n<blockquote>\n<p style=\"text-align: justify;\">Nous br\u00fblons avec la puissance de l&rsquo;inspiration divine. Nous sommes lumi\u00e8re, assis dans un cercle de lumi\u00e8re. Quand nous sommes rassembl\u00e9s en communaut\u00e9, le feu brille plus fortement que lorsque nous sommes seul et il y a chaleur et illumination pour chacun de nous. Nous offrons notre lumi\u00e8re \u00e0 la D\u00e9esse et au monde.<\/p>\n<\/blockquote>\n<p style=\"text-align: justify;\">Chacun doit maintenant partager son\/ses offrandes. Lisez, chantez, jouez, nourrissez tout le monde.<\/p>\n<p style=\"text-align: justify;\">C&rsquo;est la magie du c\u0153ur l\u00e9ger et du m\u00e9rite, alors sentez vous libre de blaguer et de rire. Fermez et scellez le cercle ; Une personne marche widdershins (dans le sens inverse des aiguilles d&rsquo;une montre) \u00e0 l&rsquo;ext\u00e9rieur du cercle et souffle les bougies des points cardinaux, comme chacun souffle la sienne. Pendant qu&rsquo;il\/elle marche, il\/elle dit:<\/p>\n<blockquote>\n<p style=\"text-align: justify;\">Feu scelle ce cercle, dissipe-toi sous terre, laisse toutes choses \u00eatre comme elles ont \u00e9t\u00e9 depuis le d\u00e9but des temps.<\/p>\n<\/blockquote>\n<p style=\"text-align: justify;\">R\u00e9p\u00e9tez jusqu&rsquo;\u00e0 ce que tout le circuit se fasse et que toutes les bougies soient \u00e9teintes, les bougies de l&rsquo;autel inclus. Vous pouvez rallumer votre bougie plus tard pour compl\u00e9ter votre magie.<\/p>\n","protected":false},"excerpt":{"rendered":"<p>Imbolc, \u00ab\u00a0In the Belly\u00a0\u00bb Par Phyllis Currot, traduction et adaptation Faoltiern Extrait de Witchcrafting Le Jour Sacr\u00e9 de la D\u00e9esse Brigid : \u00ab\u00a0Quand Nous Nous R\u00e9jouissons de la Vie Qui Cro\u00eet \u00e0 L&rsquo;Int\u00e9rieur\u00a0\u00bb. Le 2 F\u00e9vrier dans l&rsquo;h\u00e9misph\u00e8re Nord et le 1er Ao\u00fbt dans l&rsquo;h\u00e9misph\u00e8re Sud Travaillez avec Brigid dans des teintes ensoleill\u00e9es : orange,&#8230;<\/p>\n","protected":false},"author":2,"featured_media":0,"parent":83,"menu_order":0,"comment_status":"closed","ping_status":"closed","template":"silo.php","meta":{"footnotes":""},"class_list":["post-1017","page","type-page","status-publish","hentry"],"_links":{"self":[{"href":"https:\/\/www.le-sidh.org\/wicca\/wp-json\/wp\/v2\/pages\/1017","targetHints":{"allow":["GET"]}}],"collection":[{"href":"https:\/\/www.le-sidh.org\/wicca\/wp-json\/wp\/v2\/pages"}],"about":[{"href":"https:\/\/www.le-sidh.org\/wicca\/wp-json\/wp\/v2\/types\/page"}],"author":[{"embeddable":true,"href":"https:\/\/www.le-sidh.org\/wicca\/wp-json\/wp\/v2\/users\/2"}],"replies":[{"embeddable":true,"href":"https:\/\/www.le-sidh.org\/wicca\/wp-json\/wp\/v2\/comments?post=1017"}],"version-history":[{"count":4,"href":"https:\/\/www.le-sidh.org\/wicca\/wp-json\/wp\/v2\/pages\/1017\/revisions"}],"predecessor-version":[{"id":2752,"href":"https:\/\/www.le-sidh.org\/wicca\/wp-json\/wp\/v2\/pages\/1017\/revisions\/2752"}],"up":[{"embeddable":true,"href":"https:\/\/www.le-sidh.org\/wicca\/wp-json\/wp\/v2\/pages\/83"}],"wp:attachment":[{"href":"https:\/\/www.le-sidh.org\/wicca\/wp-json\/wp\/v2\/media?parent=1017"}],"curies":[{"name":"wp","href":"https:\/\/api.w.org\/{rel}","templated":true}]}}